{"id":57648,"date":"2024-02-20T19:53:48","date_gmt":"2024-09-13T14:33:23","guid":{"rendered":"https:\/\/staging.nbg.eu\/product\/geissele-ar15-super-precision-30mm-extended\/"},"modified":"2024-09-13T14:34:23","modified_gmt":"2024-09-13T14:34:23","slug":"geissele-ar15-super-precision-30mm-estendida","status":"publish","type":"product","link":"https:\/\/staging.nbg.eu\/pt-pt\/produto\/geissele-ar15-super-precision-30mm-estendida\/","title":{"rendered":"Geissele AR15 Super Precision 30mm, Estendida"},"content":{"rendered":"<div class=\"product-description\">\n<h2>Geissele AR15 Super Precision\u00ae 30mm, Estendido<\/h2>\n<p>Projetado para uso com uppers AR-15\/M4, o suporte Geissele Super Precision\u00ae 30mm Estendido oferece estabilidade e precis\u00e3o. Caracter\u00edsticas incluem:<\/p>\n<ul>\n<li>Trilho picatinny de 7 se\u00e7\u00f5es com 4 sali\u00eancias para montagem segura<\/li>\n<li>Sistema de fixa\u00e7\u00e3o com porca e parafuso fornecendo 1.400 lbs de for\u00e7a por conjunto<\/li>\n<li>Fabricado a partir de bloco \u00fanico de alum\u00ednio 7075-T6<\/li>\n<li>For\u00e7a e rigidez aumentadas atrav\u00e9s de usinagem estrat\u00e9gica<\/li>\n<li>Tampas usinadas com precis\u00e3o para melhor ajuste e prote\u00e7\u00e3o da luneta<\/li>\n<li>Locais de tampa vers\u00e1teis para acomodar v\u00e1rios designs de lunetas<\/li>\n<\/ul>\n<p>Este suporte de luneta oferece precis\u00e3o ao retornar ao zero e durabilidade, sendo projetado para condi\u00e7\u00f5es dif\u00edceis.<\/p>\n<\/div>\n","protected":false},"excerpt":{"rendered":"<p>Suporte de mira para AR-15 de 30mm de precis\u00e3o. Seguro, dur\u00e1vel, feito de alum\u00ednio 7075-T6.<\/p>\n","protected":false},"featured_media":57649,"template":"","meta":{"_acf_changed":false},"product_brand":[11397],"product_cat":[654],"product_tag":[],"class_list":{"0":"post-57648","1":"product","2":"type-product","3":"status-publish","4":"has-post-thumbnail","6":"product_brand-geissele","7":"product_cat-rifle-pt-pt","9":"first","10":"instock","11":"taxable","12":"shipping-taxable","13":"product-type-variable","14":"wvs-archive-product-wrapper"},"acf":[],"_links":{"self":[{"href":"https:\/\/staging.nbg.eu\/pt-pt\/wp-json\/wp\/v2\/product\/57648","targetHints":{"allow":["GET"]}}],"collection":[{"href":"https:\/\/staging.nbg.eu\/pt-pt\/wp-json\/wp\/v2\/product"}],"about":[{"href":"https:\/\/staging.nbg.eu\/pt-pt\/wp-json\/wp\/v2\/types\/product"}],"wp:featuredmedia":[{"embeddable":true,"href":"https:\/\/staging.nbg.eu\/pt-pt\/wp-json\/wp\/v2\/media\/57649"}],"wp:attachment":[{"href":"https:\/\/staging.nbg.eu\/pt-pt\/wp-json\/wp\/v2\/media?parent=57648"}],"wp:term":[{"taxonomy":"product_brand","embeddable":true,"href":"https:\/\/staging.nbg.eu\/pt-pt\/wp-json\/wp\/v2\/product_brand?post=57648"},{"taxonomy":"product_cat","embeddable":true,"href":"https:\/\/staging.nbg.eu\/pt-pt\/wp-json\/wp\/v2\/product_cat?post=57648"},{"taxonomy":"product_tag","embeddable":true,"href":"https:\/\/staging.nbg.eu\/pt-pt\/wp-json\/wp\/v2\/product_tag?post=57648"}],"curies":[{"name":"wp","href":"https:\/\/api.w.org\/{rel}","templated":true}]}}