{"id":575734,"date":"2025-10-10T12:35:10","date_gmt":"2025-10-10T09:35:10","guid":{"rendered":"https:\/\/staging.nbg.eu\/product\/grips-kmr-l-diamondcut-short-brass\/"},"modified":"2025-10-15T11:55:52","modified_gmt":"2025-10-15T08:55:52","slug":"punhos-kmr-l-corte-diamante-curto-latao","status":"publish","type":"product","link":"https:\/\/staging.nbg.eu\/pt-pt\/produto\/punhos-kmr-l-corte-diamante-curto-latao\/","title":{"rendered":"PUNHOS KMR L CORTE DIAMANTE CURTO LATAO"},"content":{"rendered":"<h2>EMPUNHADURAS KMR L DIAMONDCUT CURTA LAT\u00c3O<\/h2>\n<p><strong>Refer\u00eancia:<\/strong> 0611-05202-0316 | <strong>Marca:<\/strong> KMR Precision Arms<\/p>\n<p>As EMPUNHADURAS KMR L DIAMONDCUT CURTA LAT\u00c3O s\u00e3o projetadas para modelos KMR L-02 SPECTRA e UMBRA (at\u00e9 2023). Estas empunhaduras curtas oferecem controle e conforto.<\/p>\n<p>Caracter\u00edsticas principais:<\/p>\n<ul>\n<li>Projetadas para armas de fogo KMR<\/li>\n<li>Comprimento curto para melhor manuseio<\/li>\n<li>Textura Diamondcut para melhor ader\u00eancia e controle<\/li>\n<li>Constru\u00e7\u00e3o em lat\u00e3o para durabilidade<\/li>\n<li>Compat\u00edvel com modelos KMR L-02 SPECTRA e UMBRA at\u00e9 2023<\/li>\n<\/ul>\n<p>Estas empunhaduras s\u00e3o projetadas para melhorar o desempenho e o conforto do tiro em sua arma de fogo KMR.<\/p>\n","protected":false},"excerpt":{"rendered":"<p>Empunhaduras curtas de lat\u00e3o lapidadas em diamante para rifles KMR L-02. Ajuste preciso.<\/p>\n","protected":false},"featured_media":575770,"template":"","meta":{"_acf_changed":false},"product_brand":[],"product_cat":[921],"product_tag":[],"class_list":{"0":"post-575734","1":"product","2":"type-product","3":"status-publish","4":"has-post-thumbnail","6":"product_cat-kmr-parts-pt-pt","8":"first","9":"instock","10":"taxable","11":"shipping-taxable","12":"purchasable","13":"product-type-simple"},"acf":[],"_links":{"self":[{"href":"https:\/\/staging.nbg.eu\/pt-pt\/wp-json\/wp\/v2\/product\/575734","targetHints":{"allow":["GET"]}}],"collection":[{"href":"https:\/\/staging.nbg.eu\/pt-pt\/wp-json\/wp\/v2\/product"}],"about":[{"href":"https:\/\/staging.nbg.eu\/pt-pt\/wp-json\/wp\/v2\/types\/product"}],"wp:featuredmedia":[{"embeddable":true,"href":"https:\/\/staging.nbg.eu\/pt-pt\/wp-json\/wp\/v2\/media\/575770"}],"wp:attachment":[{"href":"https:\/\/staging.nbg.eu\/pt-pt\/wp-json\/wp\/v2\/media?parent=575734"}],"wp:term":[{"taxonomy":"product_brand","embeddable":true,"href":"https:\/\/staging.nbg.eu\/pt-pt\/wp-json\/wp\/v2\/product_brand?post=575734"},{"taxonomy":"product_cat","embeddable":true,"href":"https:\/\/staging.nbg.eu\/pt-pt\/wp-json\/wp\/v2\/product_cat?post=575734"},{"taxonomy":"product_tag","embeddable":true,"href":"https:\/\/staging.nbg.eu\/pt-pt\/wp-json\/wp\/v2\/product_tag?post=575734"}],"curies":[{"name":"wp","href":"https:\/\/api.w.org\/{rel}","templated":true}]}}