{"id":574712,"date":"2025-10-10T12:34:45","date_gmt":"2025-10-10T09:34:45","guid":{"rendered":"https:\/\/staging.nbg.eu\/product\/trigger-kmr-sa-da-straight-from-2024\/"},"modified":"2025-10-15T11:10:40","modified_gmt":"2025-10-15T08:10:40","slug":"gatilho-kmr-sada-reto-a-partir-de-2024","status":"publish","type":"product","link":"https:\/\/staging.nbg.eu\/pt-pt\/produto\/gatilho-kmr-sada-reto-a-partir-de-2024\/","title":{"rendered":"GATILHO KMR SA\/DA RETO (a partir de 2024)"},"content":{"rendered":"<h2>GATILHO KMR SA\/DA RETO (a partir de 2024)<\/h2>\n<h2>Refer\u00eancia: 0861-02301-0900<\/h2>\n<h3>Marca: KMR Precision Arms<\/h3>\n<p>O GATILHO KMR SA\/DA RETO \u00e9 projetado para pistolas KMR fabricadas a partir de 2024. Este gatilho de substitui\u00e7\u00e3o \u00e9 compat\u00edvel com modelos de arma\u00e7\u00e3o de alum\u00ednio e a\u00e7o.<\/p>\n<ul>\n<li>Design de gatilho reto<\/li>\n<li>Compat\u00edvel com pino de gatilho de 3 mm<\/li>\n<li>Funciona com barra de gatilho L SA\/DA ou W SA\/DA<\/li>\n<li>Constru\u00e7\u00e3o em a\u00e7o<\/li>\n<li>Compat\u00edvel com modelos KMR: L-02 SPECTRA, L-02 UMBRA, S-01 LANCE (OR), S-02 e W-02 UMBRA<\/li>\n<\/ul>\n<p>Este gatilho reto \u00e9 projetado para opera\u00e7\u00e3o em modos de a\u00e7\u00e3o simples e dupla.<\/p>\n","protected":false},"excerpt":{"rendered":"<p>Gatilho reto SA\/DA de a\u00e7o para pistolas KMR a partir de 2024. Compat\u00edvel com pino de 3mm.<\/p>\n","protected":false},"featured_media":574742,"template":"","meta":{"_acf_changed":false},"product_brand":[],"product_cat":[921],"product_tag":[],"class_list":{"0":"post-574712","1":"product","2":"type-product","3":"status-publish","4":"has-post-thumbnail","6":"product_cat-kmr-parts-pt-pt","8":"first","9":"instock","10":"taxable","11":"shipping-taxable","12":"purchasable","13":"product-type-simple"},"acf":[],"_links":{"self":[{"href":"https:\/\/staging.nbg.eu\/pt-pt\/wp-json\/wp\/v2\/product\/574712","targetHints":{"allow":["GET"]}}],"collection":[{"href":"https:\/\/staging.nbg.eu\/pt-pt\/wp-json\/wp\/v2\/product"}],"about":[{"href":"https:\/\/staging.nbg.eu\/pt-pt\/wp-json\/wp\/v2\/types\/product"}],"wp:featuredmedia":[{"embeddable":true,"href":"https:\/\/staging.nbg.eu\/pt-pt\/wp-json\/wp\/v2\/media\/574742"}],"wp:attachment":[{"href":"https:\/\/staging.nbg.eu\/pt-pt\/wp-json\/wp\/v2\/media?parent=574712"}],"wp:term":[{"taxonomy":"product_brand","embeddable":true,"href":"https:\/\/staging.nbg.eu\/pt-pt\/wp-json\/wp\/v2\/product_brand?post=574712"},{"taxonomy":"product_cat","embeddable":true,"href":"https:\/\/staging.nbg.eu\/pt-pt\/wp-json\/wp\/v2\/product_cat?post=574712"},{"taxonomy":"product_tag","embeddable":true,"href":"https:\/\/staging.nbg.eu\/pt-pt\/wp-json\/wp\/v2\/product_tag?post=574712"}],"curies":[{"name":"wp","href":"https:\/\/api.w.org\/{rel}","templated":true}]}}