{"id":57182,"date":"2024-02-20T20:01:55","date_gmt":"2024-09-13T14:29:37","guid":{"rendered":"https:\/\/staging.nbg.eu\/product\/geissele-ar15-super-precision-34mm-extended\/"},"modified":"2024-09-13T14:30:56","modified_gmt":"2024-09-13T14:30:56","slug":"geissele-ar15-super-precision-34mm-estendida","status":"publish","type":"product","link":"https:\/\/staging.nbg.eu\/pt-pt\/produto\/geissele-ar15-super-precision-34mm-estendida\/","title":{"rendered":"Geissele AR15 Super Precision 34mm, Estendida"},"content":{"rendered":"<div class=\"product-description\">\n<h2>Geissele AR15 Super Precision\u00ae 34mm, Estendido<\/h2>\n<p>Melhore a precis\u00e3o do seu AR-15\/M4 com o Suporte de Mira Geissele Super Precision\u00ae 34mm Estendido. Este suporte apresenta:<\/p>\n<ul>\n<li>7 se\u00e7\u00f5es picatinny com 4 ressaltos de cisalhamento para maior estabilidade<\/li>\n<li>Sistema de fixa\u00e7\u00e3o com porca e parafuso, fornecendo 1.400 libras de for\u00e7a por par<\/li>\n<li>Fabricado a partir de bloco \u00fanico de alum\u00ednio 7075-T6 de alta resist\u00eancia<\/li>\n<li>Rigidez aumentada atrav\u00e9s de cavidades e nervuras estrat\u00e9gicas<\/li>\n<li>Tampas perfuradas para ajuste e prote\u00e7\u00e3o perfeita da mira<\/li>\n<li>Tampas serializadas para garantir alinhamento<\/li>\n<li>Design vers\u00e1til que acomoda v\u00e1rios tipos de miras<\/li>\n<\/ul>\n<p>Obtenha precis\u00e3o e durabilidade no retorno ao zero com a engenharia de precis\u00e3o da Geissele.<\/p>\n<\/div>\n","protected":false},"excerpt":{"rendered":"<p>Suporte de mira de 34mm para AR-15 de engenharia de precis\u00e3o para estabilidade inigual\u00e1vel.<\/p>\n","protected":false},"featured_media":57184,"template":"","meta":{"_acf_changed":false},"product_brand":[11397],"product_cat":[654],"product_tag":[],"class_list":{"0":"post-57182","1":"product","2":"type-product","3":"status-publish","4":"has-post-thumbnail","6":"product_brand-geissele","7":"product_cat-rifle-pt-pt","9":"first","10":"instock","11":"taxable","12":"shipping-taxable","13":"product-type-variable","14":"wvs-archive-product-wrapper"},"acf":[],"_links":{"self":[{"href":"https:\/\/staging.nbg.eu\/pt-pt\/wp-json\/wp\/v2\/product\/57182","targetHints":{"allow":["GET"]}}],"collection":[{"href":"https:\/\/staging.nbg.eu\/pt-pt\/wp-json\/wp\/v2\/product"}],"about":[{"href":"https:\/\/staging.nbg.eu\/pt-pt\/wp-json\/wp\/v2\/types\/product"}],"wp:featuredmedia":[{"embeddable":true,"href":"https:\/\/staging.nbg.eu\/pt-pt\/wp-json\/wp\/v2\/media\/57184"}],"wp:attachment":[{"href":"https:\/\/staging.nbg.eu\/pt-pt\/wp-json\/wp\/v2\/media?parent=57182"}],"wp:term":[{"taxonomy":"product_brand","embeddable":true,"href":"https:\/\/staging.nbg.eu\/pt-pt\/wp-json\/wp\/v2\/product_brand?post=57182"},{"taxonomy":"product_cat","embeddable":true,"href":"https:\/\/staging.nbg.eu\/pt-pt\/wp-json\/wp\/v2\/product_cat?post=57182"},{"taxonomy":"product_tag","embeddable":true,"href":"https:\/\/staging.nbg.eu\/pt-pt\/wp-json\/wp\/v2\/product_tag?post=57182"}],"curies":[{"name":"wp","href":"https:\/\/api.w.org\/{rel}","templated":true}]}}