{"id":56770,"date":"2024-02-20T20:12:58","date_gmt":"2024-09-13T13:32:28","guid":{"rendered":"https:\/\/staging.nbg.eu\/product\/geissele-super-precision-scope-mount-30mm-for-ar-15-vortex-1-6\/"},"modified":"2024-09-13T13:33:26","modified_gmt":"2024-09-13T13:33:26","slug":"geissele-montagem-para-mira-super-precision-30mm-para-ar-15-vortex-1-6","status":"publish","type":"product","link":"https:\/\/staging.nbg.eu\/pt-pt\/produto\/geissele-montagem-para-mira-super-precision-30mm-para-ar-15-vortex-1-6\/","title":{"rendered":"Geissele Montagem para Mira Super Precision 30mm, para AR-15 (Vortex 1-6)"},"content":{"rendered":"<div class=\"description-text\">\n<div class=\"exerpt\">\n<p>Este suporte de mira para AR-15 faz parte da s\u00e9rie certificada SOPMOD da Geissele, que inclui produtos atualmente em uso por unidades militares e antiterrorismo de alto n\u00edvel em todo o Comando de Opera\u00e7\u00f5es Especiais dos EUA (USSOCOM). SOPMOD \u00e9 um programa USSOCOM que permite ao pessoal de Opera\u00e7\u00f5es Especiais configurar suas armas de acordo com prefer\u00eancias individuais e requisitos da miss\u00e3o. O programa \u00e9 um sistema de acess\u00f3rios aprovado para a carabina M4A1, FN SCAR Mk 16\/17 e outras armas usadas pelo USSOCOM. Cada item Geissele oferecido na linha da s\u00e9rie SOPMOD passou por rigorosos testes e certifica\u00e7\u00e3o do governo dos EUA pelo USSOCOM. Estes suportes de mira s\u00e3o usinados a partir de um \u00fanico bloco de 2 kg de alum\u00ednio aeron\u00e1utico 7075-T6.<\/p>\n<p>As tampas da mira, individualmente numeradas, s\u00e3o perfuradas em linha com o corpo e criadas em uma \u00fanica opera\u00e7\u00e3o, proporcionando o melhor ajuste poss\u00edvel ao corpo da mira. Os suportes Geissele s\u00e3o fixados no lugar utilizando o sistema cl\u00e1ssico e comprovado de porca e grampo, que fornece 635 kg de for\u00e7a de fixa\u00e7\u00e3o por porca. Este sistema fornece at\u00e9 3 vezes mais for\u00e7a de fixa\u00e7\u00e3o do que qualquer sistema de alavanca, enquanto as linguetas de cisalhamento usinadas com precis\u00e3o ajudam a travar a mira no lugar no receptor durante o recuo. A superf\u00edcie de montagem abrange 8 se\u00e7\u00f5es picatinny.<\/p>\n<h2 style=\"text-align: center\"><strong>&#8212; ESPECIFICA\u00c7\u00d5ES &#8212;<\/strong><\/h2>\n<table border=\"1\">\n<tbody>\n<tr>\n<td><strong>MATERIAL: <\/strong><\/td>\n<td> 7075-T6<\/td>\n<\/tr>\n<tr>\n<td><strong>COR: <\/strong><\/td>\n<td> Preto<\/td>\n<\/tr>\n<tr>\n<td><strong>ACABAMENTO: <\/strong><\/td>\n<td> Anodiza\u00e7\u00e3o Tipo 3 Hardcoat<\/td>\n<\/tr>\n<tr>\n<td><strong>PESO: <\/strong><\/td>\n<td> 201 g<\/td>\n<\/tr>\n<tr>\n<td><strong>TAMANHO DO ANEL: <\/strong><\/td>\n<td> 30mm<\/td>\n<\/tr>\n<\/tbody>\n<\/table>\n<\/div>\n<\/div>\n","protected":false},"excerpt":{"rendered":"<p><strong>Parte da S\u00e9rie Certificada SOPMOD da Geissele<\/strong><\/p>\n","protected":false},"featured_media":56771,"template":"","meta":{"_acf_changed":false},"product_brand":[11397],"product_cat":[654],"product_tag":[],"class_list":{"0":"post-56770","1":"product","2":"type-product","3":"status-publish","4":"has-post-thumbnail","6":"product_brand-geissele","7":"product_cat-rifle-pt-pt","9":"first","10":"instock","11":"taxable","12":"shipping-taxable","13":"product-type-variable","14":"wvs-archive-product-wrapper"},"acf":[],"_links":{"self":[{"href":"https:\/\/staging.nbg.eu\/pt-pt\/wp-json\/wp\/v2\/product\/56770","targetHints":{"allow":["GET"]}}],"collection":[{"href":"https:\/\/staging.nbg.eu\/pt-pt\/wp-json\/wp\/v2\/product"}],"about":[{"href":"https:\/\/staging.nbg.eu\/pt-pt\/wp-json\/wp\/v2\/types\/product"}],"wp:featuredmedia":[{"embeddable":true,"href":"https:\/\/staging.nbg.eu\/pt-pt\/wp-json\/wp\/v2\/media\/56771"}],"wp:attachment":[{"href":"https:\/\/staging.nbg.eu\/pt-pt\/wp-json\/wp\/v2\/media?parent=56770"}],"wp:term":[{"taxonomy":"product_brand","embeddable":true,"href":"https:\/\/staging.nbg.eu\/pt-pt\/wp-json\/wp\/v2\/product_brand?post=56770"},{"taxonomy":"product_cat","embeddable":true,"href":"https:\/\/staging.nbg.eu\/pt-pt\/wp-json\/wp\/v2\/product_cat?post=56770"},{"taxonomy":"product_tag","embeddable":true,"href":"https:\/\/staging.nbg.eu\/pt-pt\/wp-json\/wp\/v2\/product_tag?post=56770"}],"curies":[{"name":"wp","href":"https:\/\/api.w.org\/{rel}","templated":true}]}}