{"id":56328,"date":"2024-02-24T19:06:55","date_gmt":"2024-09-13T13:21:25","guid":{"rendered":"https:\/\/staging.nbg.eu\/product\/fox-classic-hunter-6-mm-80100-gr\/"},"modified":"2024-09-13T13:22:28","modified_gmt":"2024-09-13T13:22:28","slug":"fox-classic-hunter-6-mm-80100-graos","status":"publish","type":"product","link":"https:\/\/staging.nbg.eu\/pt-pt\/produto\/fox-classic-hunter-6-mm-80100-graos\/","title":{"rendered":"Fox Classic Hunter 6 mm (80,100 graos)"},"content":{"rendered":"<div class=\"product-description\">\n<h2>Fox Classic Hunter<\/h2>\n<p>O Fox Classic Hunter \u00e9 um proj\u00e9til sem chumbo projetado para ca\u00e7adores europeus em diversos cen\u00e1rios de ca\u00e7a. Este proj\u00e9til de liga de cobre e zinco \u00e9 adequado para ca\u00e7a de javalis e gamos nas montanhas.<\/p>\n<ul>\n<li>Composi\u00e7\u00e3o sem chumbo<\/li>\n<li>Deforma\u00e7\u00e3o eficaz em velocidades de impacto mais baixas (500 m\/s)<\/li>\n<li>Design ranhurado para reduzir a press\u00e3o no cano e aumentar a velocidade<\/li>\n<li>Ponta de pl\u00e1stico termoest\u00e1vel melhora a bal\u00edstica e o efeito terminal<\/li>\n<li>Expans\u00e3o controlada para transfer\u00eancia de energia<\/li>\n<li>Deforma\u00e7\u00e3o em forma de cogumelo at\u00e9 duas vezes o di\u00e2metro do calibre<\/li>\n<li>Poder de parada com danos m\u00ednimos \u00e0 carne<\/li>\n<\/ul>\n<p>O Fox Classic Hunter \u00e9 adequado para ca\u00e7a na Europa.<\/p>\n<\/div>\n","protected":false},"excerpt":{"rendered":"<p>Bala de cobre e zinco sem chumbo para ca\u00e7a vers\u00e1til. Expans\u00e3o r\u00e1pida, alta precis\u00e3o.<\/p>\n","protected":false},"featured_media":56329,"template":"","meta":{"_acf_changed":false},"product_brand":[11348],"product_cat":[2009,1082],"product_tag":[],"class_list":{"0":"post-56328","1":"product","2":"type-product","3":"status-publish","4":"has-post-thumbnail","6":"product_brand-fox-bullets","7":"product_cat-bullets-pt-pt","8":"product_cat-reloading-pt-pt","10":"first","11":"instock","12":"taxable","13":"shipping-taxable","14":"purchasable","15":"product-type-variable","16":"wvs-archive-product-wrapper"},"acf":[],"_links":{"self":[{"href":"https:\/\/staging.nbg.eu\/pt-pt\/wp-json\/wp\/v2\/product\/56328","targetHints":{"allow":["GET"]}}],"collection":[{"href":"https:\/\/staging.nbg.eu\/pt-pt\/wp-json\/wp\/v2\/product"}],"about":[{"href":"https:\/\/staging.nbg.eu\/pt-pt\/wp-json\/wp\/v2\/types\/product"}],"wp:featuredmedia":[{"embeddable":true,"href":"https:\/\/staging.nbg.eu\/pt-pt\/wp-json\/wp\/v2\/media\/56329"}],"wp:attachment":[{"href":"https:\/\/staging.nbg.eu\/pt-pt\/wp-json\/wp\/v2\/media?parent=56328"}],"wp:term":[{"taxonomy":"product_brand","embeddable":true,"href":"https:\/\/staging.nbg.eu\/pt-pt\/wp-json\/wp\/v2\/product_brand?post=56328"},{"taxonomy":"product_cat","embeddable":true,"href":"https:\/\/staging.nbg.eu\/pt-pt\/wp-json\/wp\/v2\/product_cat?post=56328"},{"taxonomy":"product_tag","embeddable":true,"href":"https:\/\/staging.nbg.eu\/pt-pt\/wp-json\/wp\/v2\/product_tag?post=56328"}],"curies":[{"name":"wp","href":"https:\/\/api.w.org\/{rel}","templated":true}]}}