{"id":554290,"date":"2025-09-06T16:21:27","date_gmt":"2025-09-06T13:21:27","guid":{"rendered":"https:\/\/staging.nbg.eu\/product\/armazone-q-r-viper-30mm\/"},"modified":"2025-10-01T16:26:35","modified_gmt":"2025-10-01T13:26:35","slug":"armacao-q-r-viper-30mm","status":"publish","type":"product","link":"https:\/\/staging.nbg.eu\/pt-pt\/produto\/armacao-q-r-viper-30mm\/","title":{"rendered":"Arma\u00e7\u00e3o Q-R Viper 30mm"},"content":{"rendered":"<h2>Armazone Q-R Viper 30mm<\/h2>\n<p>O Armazone Q-R Viper 30mm \u00e9 um adaptador QR para dispositivos com rosca M33.5\u00d70.75. Este adaptador de fixa\u00e7\u00e3o permite a integra\u00e7\u00e3o de dispositivos de vis\u00e3o noturna ou t\u00e9rmica com miras diurnas.<\/p>\n<h2>Caracter\u00edsticas principais:<\/h2>\n<ul>\n<li>Alavanca de travamento r\u00e1pido para montagem e remo\u00e7\u00e3o<\/li>\n<li>Ajuste e instala\u00e7\u00e3o sem ferramentas<\/li>\n<li>Fita especial ArmaZone para redu\u00e7\u00e3o de ru\u00eddo durante a montagem e o disparo<\/li>\n<li>Compat\u00edvel com utens\u00edlios t\u00e9rmicos Nitehog<\/li>\n<li>Compensa at\u00e9 1mm de deflex\u00e3o para baixo<\/li>\n<\/ul>\n<p>O Armazone Q-R Viper 30mm \u00e9 uma solu\u00e7\u00e3o para atiradores e ca\u00e7adores que buscam capacidades noturnas aprimoradas.<\/p>\n","protected":false},"excerpt":{"rendered":"<p>Adaptador de bloqueio r\u00e1pido para dispositivos t\u00e9rmicos em miras Nitehog. Sem necessidade de ferramentas.<\/p>\n","protected":false},"featured_media":499542,"template":"","meta":{"_acf_changed":false},"product_brand":[],"product_cat":[805,2919,2380],"product_tag":[],"class_list":{"0":"post-554290","1":"product","2":"type-product","3":"status-publish","4":"has-post-thumbnail","6":"product_cat-aiming-pt-pt","7":"product_cat-aiming-accessories-pt-pt","8":"product_cat-thermal-pt-pt","10":"first","11":"instock","12":"taxable","13":"shipping-taxable","14":"purchasable","15":"product-type-simple"},"acf":[],"_links":{"self":[{"href":"https:\/\/staging.nbg.eu\/pt-pt\/wp-json\/wp\/v2\/product\/554290","targetHints":{"allow":["GET"]}}],"collection":[{"href":"https:\/\/staging.nbg.eu\/pt-pt\/wp-json\/wp\/v2\/product"}],"about":[{"href":"https:\/\/staging.nbg.eu\/pt-pt\/wp-json\/wp\/v2\/types\/product"}],"wp:featuredmedia":[{"embeddable":true,"href":"https:\/\/staging.nbg.eu\/pt-pt\/wp-json\/wp\/v2\/media\/499542"}],"wp:attachment":[{"href":"https:\/\/staging.nbg.eu\/pt-pt\/wp-json\/wp\/v2\/media?parent=554290"}],"wp:term":[{"taxonomy":"product_brand","embeddable":true,"href":"https:\/\/staging.nbg.eu\/pt-pt\/wp-json\/wp\/v2\/product_brand?post=554290"},{"taxonomy":"product_cat","embeddable":true,"href":"https:\/\/staging.nbg.eu\/pt-pt\/wp-json\/wp\/v2\/product_cat?post=554290"},{"taxonomy":"product_tag","embeddable":true,"href":"https:\/\/staging.nbg.eu\/pt-pt\/wp-json\/wp\/v2\/product_tag?post=554290"}],"curies":[{"name":"wp","href":"https:\/\/api.w.org\/{rel}","templated":true}]}}