{"id":547619,"date":"2025-09-05T18:17:28","date_gmt":"2025-09-05T15:17:28","guid":{"rendered":"https:\/\/staging.nbg.eu\/product\/armazone-q-r-viper-62mm\/"},"modified":"2025-10-01T11:33:59","modified_gmt":"2025-10-01T08:33:59","slug":"armacao-q-r-viper-62mm","status":"publish","type":"product","link":"https:\/\/staging.nbg.eu\/pt-pt\/produto\/armacao-q-r-viper-62mm\/","title":{"rendered":"Arma\u00e7\u00e3o Q-R Viper 62mm"},"content":{"rendered":"<div class=\"product-description\">\n<h2>Adaptador de Libera\u00e7\u00e3o R\u00e1pida Armazone Q-R Viper 62mm<\/h2>\n<p>O Adaptador de Libera\u00e7\u00e3o R\u00e1pida Armazone Q-R Viper 62mm \u00e9 projetado para integra\u00e7\u00e3o com clipes de imagem t\u00e9rmica e lunetas com di\u00e2metro externo de lente objetiva de 62mm.<\/p>\n<h2>Caracter\u00edsticas Principais:<\/h2>\n<ul>\n<li>Constru\u00e7\u00e3o em alum\u00ednio de pe\u00e7a \u00fanica<\/li>\n<li>Instala\u00e7\u00e3o e remo\u00e7\u00e3o r\u00e1pidas<\/li>\n<li>For\u00e7a de fixa\u00e7\u00e3o ajust\u00e1vel<\/li>\n<li>Compat\u00edvel com a maioria das lunetas de rifle<\/li>\n<li>Adequado para dispositivos t\u00e9rmicos Nitehog<\/li>\n<\/ul>\n<p>A alavanca de travamento r\u00e1pido do Q-R Viper permite m\u00faltiplas montagens sem ferramentas adicionais. Para ca\u00e7adores e entusiastas de atividades ao ar livre. Observa\u00e7\u00e3o: O adaptador compensa deflex\u00e3o m\u00e1xima de 1mm para baixo.<\/p>\n<\/div>\n","protected":false},"excerpt":{"rendered":"<p>Adaptador de libera\u00e7\u00e3o r\u00e1pida para lunetas de 62mm. Montagem f\u00e1cil para dispositivos t\u00e9rmicos.<\/p>\n","protected":false},"featured_media":499407,"template":"","meta":{"_acf_changed":false},"product_brand":[],"product_cat":[805,2919,2380],"product_tag":[],"class_list":{"0":"post-547619","1":"product","2":"type-product","3":"status-publish","4":"has-post-thumbnail","6":"product_cat-aiming-pt-pt","7":"product_cat-aiming-accessories-pt-pt","8":"product_cat-thermal-pt-pt","10":"first","11":"instock","12":"taxable","13":"shipping-taxable","14":"purchasable","15":"product-type-simple"},"acf":[],"_links":{"self":[{"href":"https:\/\/staging.nbg.eu\/pt-pt\/wp-json\/wp\/v2\/product\/547619","targetHints":{"allow":["GET"]}}],"collection":[{"href":"https:\/\/staging.nbg.eu\/pt-pt\/wp-json\/wp\/v2\/product"}],"about":[{"href":"https:\/\/staging.nbg.eu\/pt-pt\/wp-json\/wp\/v2\/types\/product"}],"wp:featuredmedia":[{"embeddable":true,"href":"https:\/\/staging.nbg.eu\/pt-pt\/wp-json\/wp\/v2\/media\/499407"}],"wp:attachment":[{"href":"https:\/\/staging.nbg.eu\/pt-pt\/wp-json\/wp\/v2\/media?parent=547619"}],"wp:term":[{"taxonomy":"product_brand","embeddable":true,"href":"https:\/\/staging.nbg.eu\/pt-pt\/wp-json\/wp\/v2\/product_brand?post=547619"},{"taxonomy":"product_cat","embeddable":true,"href":"https:\/\/staging.nbg.eu\/pt-pt\/wp-json\/wp\/v2\/product_cat?post=547619"},{"taxonomy":"product_tag","embeddable":true,"href":"https:\/\/staging.nbg.eu\/pt-pt\/wp-json\/wp\/v2\/product_tag?post=547619"}],"curies":[{"name":"wp","href":"https:\/\/api.w.org\/{rel}","templated":true}]}}