{"id":547161,"date":"2025-09-05T18:15:58","date_gmt":"2025-09-05T15:15:58","guid":{"rendered":"https:\/\/staging.nbg.eu\/product\/mount-arta435-34-34mm\/"},"modified":"2025-10-01T11:13:03","modified_gmt":"2025-10-01T08:13:03","slug":"montagem-arta435-34-34mm","status":"publish","type":"product","link":"https:\/\/staging.nbg.eu\/pt-pt\/produto\/montagem-arta435-34-34mm\/","title":{"rendered":"Montagem ARTA435-34, 34mm"},"content":{"rendered":"<div class=\"product-description\">\n<h2>XSKEL34TW Gen 2 Suporte MSR Esqueletizado Estendido de 34mm<\/h2>\n<p>O XSKEL34TW Gen 2 \u00e9 um Suporte MSR Esqueletizado Estendido de 34mm projetado para rifles estilo AR15, AR10 e rifles esportivos com trilho Picatinny de 2,75&#8243; ou mais.<\/p>\n<h2>Caracter\u00edsticas principais:<\/h2>\n<ul>\n<li>Altura ideal MSR para alinhamento<\/li>\n<li>Mais de 2 polegadas de avan\u00e7o para melhor equil\u00edbrio<\/li>\n<li>Inser\u00e7\u00f5es rosqueadas de a\u00e7o para parafusos<\/li>\n<li>Design esqueletizado leve e resistente<\/li>\n<li>Fabricado em alum\u00ednio 6061 por usinagem CNC<\/li>\n<li>Design de bra\u00e7adeira lateral de uma pe\u00e7a para maior resist\u00eancia<\/li>\n<\/ul>\n<p>O XSKEL34TW \u00e9 projetado para lunetas de tubo de 34mm, incluindo \u00f3pticas de baixa pot\u00eancia vari\u00e1vel e \u00f3pticas de longo alcance com objetivas de at\u00e9 56mm. Seu design posiciona a \u00f3ptica na altura ideal e posi\u00e7\u00e3o avan\u00e7ada em plataformas AR.<\/p>\n<p>Compat\u00edvel com AR-15, M-4, SR-25, LR308, PTR-91 e outros MSR com trilho Picatinny de pelo menos 3 polegadas. Tamb\u00e9m \u00e9 usado em rifles de a\u00e7\u00e3o por alavanca t\u00e1ticos.<\/p>\n<p>O Suporte MSR\/AR XSKEL34TW \u00e9 usado por atiradores de 3-gun, competidores e entusiastas t\u00e1ticos em competi\u00e7\u00f5es, miss\u00f5es t\u00e1ticas e ca\u00e7a com AR.<\/p>\n<p>O XSKEL34TW Gen 2 Suporte MSR Esqueletizado Estendido de 34mm combina design leve e durabilidade para montagem de \u00f3pticas.<\/p>\n<\/div>\n","protected":false},"excerpt":{"rendered":"<p>Suporte leve e dur\u00e1vel para mira AR de 34mm. Altura ideal, balan\u00e7o de 2&#8243;.<\/p>\n","protected":false},"featured_media":499258,"template":"","meta":{"_acf_changed":false},"product_brand":[],"product_cat":[805,2919,2380],"product_tag":[],"class_list":{"0":"post-547161","1":"product","2":"type-product","3":"status-publish","4":"has-post-thumbnail","6":"product_cat-aiming-pt-pt","7":"product_cat-aiming-accessories-pt-pt","8":"product_cat-thermal-pt-pt","10":"first","11":"instock","12":"taxable","13":"shipping-taxable","14":"purchasable","15":"product-type-simple"},"acf":[],"_links":{"self":[{"href":"https:\/\/staging.nbg.eu\/pt-pt\/wp-json\/wp\/v2\/product\/547161","targetHints":{"allow":["GET"]}}],"collection":[{"href":"https:\/\/staging.nbg.eu\/pt-pt\/wp-json\/wp\/v2\/product"}],"about":[{"href":"https:\/\/staging.nbg.eu\/pt-pt\/wp-json\/wp\/v2\/types\/product"}],"wp:featuredmedia":[{"embeddable":true,"href":"https:\/\/staging.nbg.eu\/pt-pt\/wp-json\/wp\/v2\/media\/499258"}],"wp:attachment":[{"href":"https:\/\/staging.nbg.eu\/pt-pt\/wp-json\/wp\/v2\/media?parent=547161"}],"wp:term":[{"taxonomy":"product_brand","embeddable":true,"href":"https:\/\/staging.nbg.eu\/pt-pt\/wp-json\/wp\/v2\/product_brand?post=547161"},{"taxonomy":"product_cat","embeddable":true,"href":"https:\/\/staging.nbg.eu\/pt-pt\/wp-json\/wp\/v2\/product_cat?post=547161"},{"taxonomy":"product_tag","embeddable":true,"href":"https:\/\/staging.nbg.eu\/pt-pt\/wp-json\/wp\/v2\/product_tag?post=547161"}],"curies":[{"name":"wp","href":"https:\/\/api.w.org\/{rel}","templated":true}]}}