{"id":545116,"date":"2025-09-05T18:09:58","date_gmt":"2025-09-05T15:09:58","guid":{"rendered":"https:\/\/staging.nbg.eu\/product\/muzzle-break-vanward-pro-break-for-qd55\/"},"modified":"2025-10-01T10:24:12","modified_gmt":"2025-10-01T07:24:12","slug":"freio-de-boca-vanward-pro-break-para-qd55","status":"publish","type":"product","link":"https:\/\/staging.nbg.eu\/pt-pt\/produto\/freio-de-boca-vanward-pro-break-para-qd55\/","title":{"rendered":"Freio de Boca Vanward Pro-Break para QD55"},"content":{"rendered":"<div class=\"product-description\">\n<h2>Freio de Boca Vanward Pro-Break para QD55<\/h2>\n<p>O Vanward Pro-Brake, uma vers\u00e3o do Fafnir da Salamander Tactical, oferece redu\u00e7\u00e3o de recuo. Este freio de boca inclui:<\/p>\n<ul>\n<li>Redu\u00e7\u00e3o de recuo de 78% (testado pela Vaapentidingen)<\/li>\n<li>Compatibilidade com o silenciador Vanward QD55<\/li>\n<li>Montagem e indexa\u00e7\u00e3o com porca de travamento inclu\u00edda<\/li>\n<li>Peso de 174 gramas<\/li>\n<\/ul>\n<p>Mant\u00e9m o equil\u00edbrio de um estojo durante um tiro de calibre 6.5&#215;47. Adequado para atiradores de precis\u00e3o que buscam desempenho e compatibilidade com silenciadores. O Vanward Pro-Brake est\u00e1 dispon\u00edvel.<\/p>\n<\/div>\n","protected":false},"excerpt":{"rendered":"<p>Freio de recuo avan\u00e7ado para QD55, 78% de redu\u00e7\u00e3o. Compat\u00edvel com silenciador.<\/p>\n","protected":false},"featured_media":498982,"template":"","meta":{"_acf_changed":false},"product_brand":[],"product_cat":[654,884,655,1709],"product_tag":[],"class_list":{"0":"post-545116","1":"product","2":"type-product","3":"status-publish","4":"has-post-thumbnail","6":"product_cat-rifle-pt-pt","7":"product_cat-rifle-suppressors-pt-pt","8":"product_cat-rifle-parts-pt-pt","9":"product_cat-suppressor-accessories-pt-pt","11":"first","12":"outofstock","13":"taxable","14":"shipping-taxable","15":"product-type-simple"},"acf":[],"_links":{"self":[{"href":"https:\/\/staging.nbg.eu\/pt-pt\/wp-json\/wp\/v2\/product\/545116","targetHints":{"allow":["GET"]}}],"collection":[{"href":"https:\/\/staging.nbg.eu\/pt-pt\/wp-json\/wp\/v2\/product"}],"about":[{"href":"https:\/\/staging.nbg.eu\/pt-pt\/wp-json\/wp\/v2\/types\/product"}],"wp:featuredmedia":[{"embeddable":true,"href":"https:\/\/staging.nbg.eu\/pt-pt\/wp-json\/wp\/v2\/media\/498982"}],"wp:attachment":[{"href":"https:\/\/staging.nbg.eu\/pt-pt\/wp-json\/wp\/v2\/media?parent=545116"}],"wp:term":[{"taxonomy":"product_brand","embeddable":true,"href":"https:\/\/staging.nbg.eu\/pt-pt\/wp-json\/wp\/v2\/product_brand?post=545116"},{"taxonomy":"product_cat","embeddable":true,"href":"https:\/\/staging.nbg.eu\/pt-pt\/wp-json\/wp\/v2\/product_cat?post=545116"},{"taxonomy":"product_tag","embeddable":true,"href":"https:\/\/staging.nbg.eu\/pt-pt\/wp-json\/wp\/v2\/product_tag?post=545116"}],"curies":[{"name":"wp","href":"https:\/\/api.w.org\/{rel}","templated":true}]}}