{"id":54464,"date":"2024-03-02T07:29:43","date_gmt":"2024-09-13T13:02:23","guid":{"rendered":"https:\/\/staging.nbg.eu\/product\/bore-tech-proof-positive-rifle-jag-multiple-calibers\/"},"modified":"2024-09-13T13:03:29","modified_gmt":"2024-09-13T13:03:29","slug":"bore-tech-ponteira-proof-positive-para-rifle-multiplos-calibres","status":"publish","type":"product","link":"https:\/\/staging.nbg.eu\/pt-pt\/produto\/bore-tech-ponteira-proof-positive-para-rifle-multiplos-calibres\/","title":{"rendered":"Bore Tech Ponteira Proof-Positive para Rifle (M\u00faltiplos Calibres)"},"content":{"rendered":"<div class=\"product-description\">\n<h2>Bore Tech Jag para Rifle Proof-Positive (M\u00faltiplos Calibres)<\/h2>\n<p>Elimine indica\u00e7\u00f5es falsas de res\u00edduos de cobre com os Jags para Patch de Rifle Proof-Positive da Bore Tech. Feitos de uma liga sem lat\u00e3o, estes jags s\u00e3o seguros para o cano e t\u00eam alta resist\u00eancia \u00e0 tra\u00e7\u00e3o. Caracter\u00edsticas incluem:<\/p>\n<ul>\n<li>Conjunto duplo de 4 an\u00e9is de contato para melhor limpeza<\/li>\n<li>Usinado com precis\u00e3o para press\u00e3o conc\u00eantrica<\/li>\n<li>Design de afunilamento reverso para proteger a boca do cano<\/li>\n<\/ul>\n<p>Obtenha canos realmente limpos com menos desperd\u00edcio.<\/p>\n<\/div>\n","protected":false},"excerpt":{"rendered":"<p>Inovadora escova de limpeza para rifle elimina indica\u00e7\u00f5es falsas de ac\u00famulo de cobre.<\/p>\n","protected":false},"featured_media":54465,"template":"","meta":{"_acf_changed":false},"product_brand":[11167],"product_cat":[1439,1967,1440],"product_tag":[],"class_list":{"0":"post-54464","1":"product","2":"type-product","3":"status-publish","4":"has-post-thumbnail","6":"product_brand-boretech","7":"product_cat-brushes-pt-pt","8":"product_cat-jags-pt-pt","9":"product_cat-maintenance-pt-pt","11":"first","12":"instock","13":"taxable","14":"shipping-taxable","15":"purchasable","16":"product-type-variable","17":"wvs-archive-product-wrapper"},"acf":[],"_links":{"self":[{"href":"https:\/\/staging.nbg.eu\/pt-pt\/wp-json\/wp\/v2\/product\/54464","targetHints":{"allow":["GET"]}}],"collection":[{"href":"https:\/\/staging.nbg.eu\/pt-pt\/wp-json\/wp\/v2\/product"}],"about":[{"href":"https:\/\/staging.nbg.eu\/pt-pt\/wp-json\/wp\/v2\/types\/product"}],"wp:featuredmedia":[{"embeddable":true,"href":"https:\/\/staging.nbg.eu\/pt-pt\/wp-json\/wp\/v2\/media\/54465"}],"wp:attachment":[{"href":"https:\/\/staging.nbg.eu\/pt-pt\/wp-json\/wp\/v2\/media?parent=54464"}],"wp:term":[{"taxonomy":"product_brand","embeddable":true,"href":"https:\/\/staging.nbg.eu\/pt-pt\/wp-json\/wp\/v2\/product_brand?post=54464"},{"taxonomy":"product_cat","embeddable":true,"href":"https:\/\/staging.nbg.eu\/pt-pt\/wp-json\/wp\/v2\/product_cat?post=54464"},{"taxonomy":"product_tag","embeddable":true,"href":"https:\/\/staging.nbg.eu\/pt-pt\/wp-json\/wp\/v2\/product_tag?post=54464"}],"curies":[{"name":"wp","href":"https:\/\/api.w.org\/{rel}","templated":true}]}}