{"id":538955,"date":"2025-09-05T17:38:05","date_gmt":"2025-09-05T14:38:05","guid":{"rendered":"https:\/\/staging.nbg.eu\/product\/ar-15-bolt-catch-roll-pin\/"},"modified":"2025-09-30T13:40:13","modified_gmt":"2025-09-30T10:40:13","slug":"pino-de-trava-do-ferrolho-ar-15","status":"publish","type":"product","link":"https:\/\/staging.nbg.eu\/pt-pt\/produto\/pino-de-trava-do-ferrolho-ar-15\/","title":{"rendered":"Pino de Trava do Ferrolho AR-15"},"content":{"rendered":"<div class=\"product-description\">\n<h2>Pino de Reten\u00e7\u00e3o do Ferrolho para AR-15<\/h2>\n<p>Pino de reten\u00e7\u00e3o do ferrolho para AR-15. Fabricado nos Estados Unidos, este componente garante o funcionamento do seu rifle.<\/p>\n<ul>\n<li><strong>N\u00famero Brownells:<\/strong> 100044599<\/li>\n<li><strong>N\u00famero do Fabricante:<\/strong> 55CA547<\/li>\n<li><strong>UPC:<\/strong> 810046231234<\/li>\n<li><strong>Compatibilidade:<\/strong> Universal para AR-15<\/li>\n<\/ul>\n<p>Este pino \u00e9 projetado para ajuste universal em plataformas AR-15, sendo compat\u00edvel com v\u00e1rios modelos. Fabricado para atender padr\u00f5es de qualidade, proporciona uma conex\u00e3o segura para o conjunto de reten\u00e7\u00e3o do ferrolho.<\/p>\n<\/div>\n","protected":false},"excerpt":{"rendered":"<p>Pino de Reten\u00e7\u00e3o do Ferrolho AR-15 fabricado nos EUA. Essencial para a instala\u00e7\u00e3o do retentor do ferrolho.<\/p>\n","protected":false},"featured_media":497326,"template":"","meta":{"_acf_changed":false},"product_brand":[],"product_cat":[654,655],"product_tag":[],"class_list":{"0":"post-538955","1":"product","2":"type-product","3":"status-publish","4":"has-post-thumbnail","6":"product_cat-rifle-pt-pt","7":"product_cat-rifle-parts-pt-pt","9":"first","10":"instock","11":"taxable","12":"shipping-taxable","13":"purchasable","14":"product-type-simple"},"acf":[],"_links":{"self":[{"href":"https:\/\/staging.nbg.eu\/pt-pt\/wp-json\/wp\/v2\/product\/538955","targetHints":{"allow":["GET"]}}],"collection":[{"href":"https:\/\/staging.nbg.eu\/pt-pt\/wp-json\/wp\/v2\/product"}],"about":[{"href":"https:\/\/staging.nbg.eu\/pt-pt\/wp-json\/wp\/v2\/types\/product"}],"wp:featuredmedia":[{"embeddable":true,"href":"https:\/\/staging.nbg.eu\/pt-pt\/wp-json\/wp\/v2\/media\/497326"}],"wp:attachment":[{"href":"https:\/\/staging.nbg.eu\/pt-pt\/wp-json\/wp\/v2\/media?parent=538955"}],"wp:term":[{"taxonomy":"product_brand","embeddable":true,"href":"https:\/\/staging.nbg.eu\/pt-pt\/wp-json\/wp\/v2\/product_brand?post=538955"},{"taxonomy":"product_cat","embeddable":true,"href":"https:\/\/staging.nbg.eu\/pt-pt\/wp-json\/wp\/v2\/product_cat?post=538955"},{"taxonomy":"product_tag","embeddable":true,"href":"https:\/\/staging.nbg.eu\/pt-pt\/wp-json\/wp\/v2\/product_tag?post=538955"}],"curies":[{"name":"wp","href":"https:\/\/api.w.org\/{rel}","templated":true}]}}