{"id":53874,"date":"2024-03-04T08:23:25","date_gmt":"2024-09-13T12:54:27","guid":{"rendered":"https:\/\/staging.nbg.eu\/product\/bore-tech-bronze-rifle-brush-3-pack-multiple-calibers\/"},"modified":"2024-09-13T12:55:32","modified_gmt":"2024-09-13T12:55:32","slug":"bore-tech-escova-de-bronze-para-rifle-pack-3-multiplos-calibres","status":"publish","type":"product","link":"https:\/\/staging.nbg.eu\/pt-pt\/produto\/bore-tech-escova-de-bronze-para-rifle-pack-3-multiplos-calibres\/","title":{"rendered":"Bore Tech Escova de Bronze para Rifle (Pack 3, M\u00faltiplos Calibres)"},"content":{"rendered":"<p>\nA escova de rifle Bore Tech Bronze \u00e9 feita com constru\u00e7\u00e3o robusta e caracter\u00edsticas t\u00e9cnicas espec\u00edficas. Possui o dobro de cerdas de bronze fosforoso para a\u00e7\u00e3o de limpeza, oferecendo:<\/p>\n<ul>\n<li>N\u00facleo de ponta fechada e duplamente enrolado para seguran\u00e7a do cano<\/li>\n<li>Pinos de alum\u00ednio de grau aeron\u00e1utico<\/li>\n<li>Di\u00e2metros de cerdas espec\u00edficos para cada calibre<\/li>\n<li>Dispon\u00edvel em calibres de .17 a .50<\/li>\n<\/ul>\n<p>As escovas Bore Tech proporcionam uma limpeza mais r\u00e1pida e eficaz.<\/p>\n","protected":false},"excerpt":{"rendered":"<p>Escova de bronze premium para limpeza eficiente e segura do cano do rifle.<\/p>\n","protected":false},"featured_media":53875,"template":"","meta":{"_acf_changed":false},"product_brand":[11167],"product_cat":[1439,1440],"product_tag":[],"class_list":{"0":"post-53874","1":"product","2":"type-product","3":"status-publish","4":"has-post-thumbnail","6":"product_brand-boretech","7":"product_cat-brushes-pt-pt","8":"product_cat-maintenance-pt-pt","10":"first","11":"instock","12":"taxable","13":"shipping-taxable","14":"purchasable","15":"product-type-variable","16":"wvs-archive-product-wrapper"},"acf":[],"_links":{"self":[{"href":"https:\/\/staging.nbg.eu\/pt-pt\/wp-json\/wp\/v2\/product\/53874","targetHints":{"allow":["GET"]}}],"collection":[{"href":"https:\/\/staging.nbg.eu\/pt-pt\/wp-json\/wp\/v2\/product"}],"about":[{"href":"https:\/\/staging.nbg.eu\/pt-pt\/wp-json\/wp\/v2\/types\/product"}],"wp:featuredmedia":[{"embeddable":true,"href":"https:\/\/staging.nbg.eu\/pt-pt\/wp-json\/wp\/v2\/media\/53875"}],"wp:attachment":[{"href":"https:\/\/staging.nbg.eu\/pt-pt\/wp-json\/wp\/v2\/media?parent=53874"}],"wp:term":[{"taxonomy":"product_brand","embeddable":true,"href":"https:\/\/staging.nbg.eu\/pt-pt\/wp-json\/wp\/v2\/product_brand?post=53874"},{"taxonomy":"product_cat","embeddable":true,"href":"https:\/\/staging.nbg.eu\/pt-pt\/wp-json\/wp\/v2\/product_cat?post=53874"},{"taxonomy":"product_tag","embeddable":true,"href":"https:\/\/staging.nbg.eu\/pt-pt\/wp-json\/wp\/v2\/product_tag?post=53874"}],"curies":[{"name":"wp","href":"https:\/\/api.w.org\/{rel}","templated":true}]}}