{"id":537758,"date":"2025-09-05T00:17:22","date_gmt":"2025-09-04T21:17:22","guid":{"rendered":"https:\/\/staging.nbg.eu\/product\/badger-ordnance-34mm-condition-one-accessory-ring-cap-tan-700-34\/"},"modified":"2025-09-30T11:50:43","modified_gmt":"2025-09-30T08:50:43","slug":"badger-ordnance-tampa-de-anel-acessorio-34mm-condition-one-tan-700-34","status":"publish","type":"product","link":"https:\/\/staging.nbg.eu\/pt-pt\/produto\/badger-ordnance-tampa-de-anel-acessorio-34mm-condition-one-tan-700-34\/","title":{"rendered":"BADGER ORDNANCE Tampa de Anel Acess\u00f3rio 34MM CONDITION ONE TAN (700-34)"},"content":{"rendered":"<div class=\"product-description\">\n<h2>BADGER ORDNANCE 34MM ANEL ACESS\u00d3RIO CONDITION ONE CAP TAN (700-34)<\/h2>\n<p>Adicione ao seu Suporte Modular Condition One o Anel Acess\u00f3rio Condition One (C1 ARC) da Badger Ordnance. Este acess\u00f3rio oferece:<\/p>\n<ul>\n<li>Integra\u00e7\u00e3o com Suportes Modulares Condition One<\/li>\n<li>Op\u00e7\u00f5es de fixa\u00e7\u00e3o &#8211; posicionamento frontal ou traseiro<\/li>\n<li>Compatibilidade com v\u00e1rios acess\u00f3rios, incluindo trilhos para tel\u00eametro laser e miras red dot de 12 horas<\/li>\n<li>Fixa\u00e7\u00e3o\/remo\u00e7\u00e3o sem interferir na zeragem da mira principal<\/li>\n<li>Acabamento tan para aplica\u00e7\u00f5es t\u00e1ticas<\/li>\n<\/ul>\n<p>O C1 ARC foi projetado para proporcionar personaliza\u00e7\u00e3o e funcionalidade para atiradores e profissionais. Fabricado pela Badger Ordnance.<\/p>\n<\/div>\n","protected":false},"excerpt":{"rendered":"<p>Anel de tampa personaliz\u00e1vel de 34mm para suportes Condition One. Acess\u00f3rio vers\u00e1til para fixa\u00e7\u00e3o.<\/p>\n","protected":false},"featured_media":496488,"template":"","meta":{"_acf_changed":false},"product_brand":[11094],"product_cat":[805,2919],"product_tag":[],"class_list":{"0":"post-537758","1":"product","2":"type-product","3":"status-publish","4":"has-post-thumbnail","6":"product_brand-badger-ordnance","7":"product_cat-aiming-pt-pt","8":"product_cat-aiming-accessories-pt-pt","10":"first","11":"instock","12":"taxable","13":"shipping-taxable","14":"purchasable","15":"product-type-simple"},"acf":[],"_links":{"self":[{"href":"https:\/\/staging.nbg.eu\/pt-pt\/wp-json\/wp\/v2\/product\/537758","targetHints":{"allow":["GET"]}}],"collection":[{"href":"https:\/\/staging.nbg.eu\/pt-pt\/wp-json\/wp\/v2\/product"}],"about":[{"href":"https:\/\/staging.nbg.eu\/pt-pt\/wp-json\/wp\/v2\/types\/product"}],"wp:featuredmedia":[{"embeddable":true,"href":"https:\/\/staging.nbg.eu\/pt-pt\/wp-json\/wp\/v2\/media\/496488"}],"wp:attachment":[{"href":"https:\/\/staging.nbg.eu\/pt-pt\/wp-json\/wp\/v2\/media?parent=537758"}],"wp:term":[{"taxonomy":"product_brand","embeddable":true,"href":"https:\/\/staging.nbg.eu\/pt-pt\/wp-json\/wp\/v2\/product_brand?post=537758"},{"taxonomy":"product_cat","embeddable":true,"href":"https:\/\/staging.nbg.eu\/pt-pt\/wp-json\/wp\/v2\/product_cat?post=537758"},{"taxonomy":"product_tag","embeddable":true,"href":"https:\/\/staging.nbg.eu\/pt-pt\/wp-json\/wp\/v2\/product_tag?post=537758"}],"curies":[{"name":"wp","href":"https:\/\/api.w.org\/{rel}","templated":true}]}}