{"id":535631,"date":"2025-09-05T00:01:46","date_gmt":"2025-09-04T21:01:46","guid":{"rendered":"https:\/\/staging.nbg.eu\/product\/rh-502-speedloops-45-mm\/"},"modified":"2025-09-29T16:12:02","modified_gmt":"2025-09-29T13:12:02","slug":"rh-502-speedloops-45-mm","status":"publish","type":"product","link":"https:\/\/staging.nbg.eu\/pt-pt\/produto\/rh-502-speedloops-45-mm\/","title":{"rendered":"RH .502 Speedloops 45 mm"},"content":{"rendered":"<h2>RH .502 Speedloops 45 mm<\/h2>\n<p>Os RH .502 Speedloops 45 mm s\u00e3o projetados para estojos cydex e produtos RH Holster.<\/p>\n<h3>Caracter\u00edsticas principais:<\/h3>\n<ul>\n<li>N\u00e3o requer passar pelo cinto<\/li>\n<li>Constru\u00e7\u00e3o em a\u00e7o com acabamento em laca preta<\/li>\n<li>Compat\u00edvel com cintos de at\u00e9 7 mm de espessura<\/li>\n<li>Tamanho de 45 mm<\/li>\n<\/ul>\n<p>Os SpeedLoops RH Holsters permitem a fixa\u00e7\u00e3o do estojo cydex ao cinto. Basta deslizar o loop sobre um cinto ligeiramente frouxo.<\/p>\n<h3>Benef\u00edcios:<\/h3>\n<ul>\n<li>Projetado para estojos cydex<\/li>\n<li>Compat\u00edvel com estojos RH Holster<\/li>\n<li>Elimina a necessidade de passar pelo cinto<\/li>\n<\/ul>\n<p><strong>Cor:<\/strong> Preto<\/p>\n<p><strong>Tamanho:<\/strong> 45 mm<\/p>\n<p>Os RH .502 Speedloops 45 mm oferecem conveni\u00eancia e funcionalidade para seu coldre.<\/p>\n","protected":false},"excerpt":{"rendered":"<p>RH .502 Speedloops: Al\u00e7as de a\u00e7o de encaixe r\u00e1pido para estojos Cydex, 45mm.<\/p>\n","protected":false},"featured_media":496155,"template":"","meta":{"_acf_changed":false},"product_brand":[11642],"product_cat":[1035],"product_tag":[],"class_list":{"0":"post-535631","1":"product","2":"type-product","3":"status-publish","4":"has-post-thumbnail","6":"product_brand-rh-holsters","7":"product_cat-holster-accessories-pt-pt","9":"first","10":"outofstock","11":"taxable","12":"shipping-taxable","13":"purchasable","14":"product-type-simple"},"acf":[],"_links":{"self":[{"href":"https:\/\/staging.nbg.eu\/pt-pt\/wp-json\/wp\/v2\/product\/535631","targetHints":{"allow":["GET"]}}],"collection":[{"href":"https:\/\/staging.nbg.eu\/pt-pt\/wp-json\/wp\/v2\/product"}],"about":[{"href":"https:\/\/staging.nbg.eu\/pt-pt\/wp-json\/wp\/v2\/types\/product"}],"wp:featuredmedia":[{"embeddable":true,"href":"https:\/\/staging.nbg.eu\/pt-pt\/wp-json\/wp\/v2\/media\/496155"}],"wp:attachment":[{"href":"https:\/\/staging.nbg.eu\/pt-pt\/wp-json\/wp\/v2\/media?parent=535631"}],"wp:term":[{"taxonomy":"product_brand","embeddable":true,"href":"https:\/\/staging.nbg.eu\/pt-pt\/wp-json\/wp\/v2\/product_brand?post=535631"},{"taxonomy":"product_cat","embeddable":true,"href":"https:\/\/staging.nbg.eu\/pt-pt\/wp-json\/wp\/v2\/product_cat?post=535631"},{"taxonomy":"product_tag","embeddable":true,"href":"https:\/\/staging.nbg.eu\/pt-pt\/wp-json\/wp\/v2\/product_tag?post=535631"}],"curies":[{"name":"wp","href":"https:\/\/api.w.org\/{rel}","templated":true}]}}