{"id":535312,"date":"2025-09-04T23:53:23","date_gmt":"2025-09-04T20:53:23","guid":{"rendered":"https:\/\/staging.nbg.eu\/product\/bravo-company-bcmgunfighter-quick-detach-sling-swivel-heavy-duty-design-bcm-qdss-2\/"},"modified":"2025-09-29T15:43:03","modified_gmt":"2025-09-29T12:43:03","slug":"bravo-company-bcmgunfighter-engate-rapido-para-bandoleira-design-heavy-duty-bcm-qdss-2","status":"publish","type":"product","link":"https:\/\/staging.nbg.eu\/pt-pt\/produto\/bravo-company-bcmgunfighter-engate-rapido-para-bandoleira-design-heavy-duty-bcm-qdss-2\/","title":{"rendered":"BRAVO COMPANY BCMGUNFIGHTER Engate R\u00e1pido para Bandoleira Design Heavy Duty (BCM-QDSs-2)"},"content":{"rendered":"<h2>Mosquet\u00e3o de Desengate R\u00e1pido BCMGUNFIGHTER\u2122 (Design Refor\u00e7ado)<\/h2>\n<p>O Mosquet\u00e3o de Desengate R\u00e1pido BCMGUNFIGHTER\u2122 (BCM-QDSs-2) \u00e9 um design refor\u00e7ado para al\u00e7as de 1-1\/4&#8243;.<\/p>\n<ul>\n<li>Bot\u00e3o nivelado previne libera\u00e7\u00e3o acidental, mantendo a al\u00e7a segura<\/li>\n<li>Rebarbado e jateado antes do revestimento para um acabamento liso<\/li>\n<li>Fabricado em a\u00e7o carbono com acabamento em fosfato de mangan\u00eas<\/li>\n<li>Compat\u00edvel com al\u00e7as de 1-1\/4&#8243;<\/li>\n<\/ul>\n<p>Este mosquet\u00e3o \u00e9 fabricado nos Estados Unidos.<\/p>\n","protected":false},"excerpt":{"rendered":"<p>Argola girat\u00f3ria QD resistente fabricada nos EUA para correias de 1,25&#8243;. Segura e dur\u00e1vel.<\/p>\n","protected":false},"featured_media":495899,"template":"","meta":{"_acf_changed":false},"product_brand":[11066],"product_cat":[654,655,754],"product_tag":[],"class_list":{"0":"post-535312","1":"product","2":"type-product","3":"status-publish","4":"has-post-thumbnail","6":"product_brand-bcm","7":"product_cat-rifle-pt-pt","8":"product_cat-rifle-parts-pt-pt","9":"product_cat-slings-pt-pt","11":"first","12":"outofstock","13":"taxable","14":"shipping-taxable","15":"purchasable","16":"product-type-simple"},"acf":[],"_links":{"self":[{"href":"https:\/\/staging.nbg.eu\/pt-pt\/wp-json\/wp\/v2\/product\/535312","targetHints":{"allow":["GET"]}}],"collection":[{"href":"https:\/\/staging.nbg.eu\/pt-pt\/wp-json\/wp\/v2\/product"}],"about":[{"href":"https:\/\/staging.nbg.eu\/pt-pt\/wp-json\/wp\/v2\/types\/product"}],"wp:featuredmedia":[{"embeddable":true,"href":"https:\/\/staging.nbg.eu\/pt-pt\/wp-json\/wp\/v2\/media\/495899"}],"wp:attachment":[{"href":"https:\/\/staging.nbg.eu\/pt-pt\/wp-json\/wp\/v2\/media?parent=535312"}],"wp:term":[{"taxonomy":"product_brand","embeddable":true,"href":"https:\/\/staging.nbg.eu\/pt-pt\/wp-json\/wp\/v2\/product_brand?post=535312"},{"taxonomy":"product_cat","embeddable":true,"href":"https:\/\/staging.nbg.eu\/pt-pt\/wp-json\/wp\/v2\/product_cat?post=535312"},{"taxonomy":"product_tag","embeddable":true,"href":"https:\/\/staging.nbg.eu\/pt-pt\/wp-json\/wp\/v2\/product_tag?post=535312"}],"curies":[{"name":"wp","href":"https:\/\/api.w.org\/{rel}","templated":true}]}}