{"id":535092,"date":"2025-09-04T20:17:18","date_gmt":"2025-09-04T17:17:18","guid":{"rendered":"https:\/\/staging.nbg.eu\/product\/sprinco-usa-308-m4-extension-tube-cs-xp-buffer-spring-in-hard-tube-25762-orange\/"},"modified":"2025-09-29T15:16:46","modified_gmt":"2025-09-29T12:16:46","slug":"sprinco-usa-308-m4-mola-de-buffer-cs-xp-para-tubo-de-extensao-em-tubo-rigido-25762-laranja","status":"publish","type":"product","link":"https:\/\/staging.nbg.eu\/pt-pt\/produto\/sprinco-usa-308-m4-mola-de-buffer-cs-xp-para-tubo-de-extensao-em-tubo-rigido-25762-laranja\/","title":{"rendered":"SPRINCO USA 308 M4 Mola de Buffer CS XP para Tubo de Extens\u00e3o em Tubo R\u00edgido (25762) Laranja"},"content":{"rendered":"<div class=\"product-description\">\n<h2>SPRINCO USA 308 M4 Tubo de Extens\u00e3o CS XP Mola de Buffer em Tubo R\u00edgido (25762) Laranja<\/h2>\n<p>Esta mola de buffer para carabinas de arma\u00e7\u00e3o grande \u00e9 projetada para funcionar em m\u00faltiplas configura\u00e7\u00f5es:<\/p>\n<ul>\n<li>Padr\u00e3o DPMS .308 \/ 6.5 CM com tubo de buffer M4 padr\u00e3o de 7&#8243; e buffer curto de 2.5&#8243;<\/li>\n<li>Padr\u00e3o SR-25 \/ Armalite para carabinas de profundidade intermedi\u00e1ria com buffers de 3.25&#8243;<\/li>\n<li>Tubos M4 padr\u00e3o de 7&#8243; em carabinas com excesso de g\u00e1s (5.56, 6.8 SPC, 6.5 Grendel, etc.)<\/li>\n<\/ul>\n<p>Melhore o desempenho da sua arma de fogo com esta mola de buffer. Embalada em um tubo r\u00edgido para prote\u00e7\u00e3o durante o transporte e armazenamento.<\/p>\n<\/div>\n","protected":false},"excerpt":{"rendered":"<p>Mola de buffer vers\u00e1til para carabinas .308\/6.5 CM e rifles com excesso de g\u00e1s.<\/p>\n","protected":false},"featured_media":495553,"template":"","meta":{"_acf_changed":false},"product_brand":[],"product_cat":[654,655,2093],"product_tag":[],"class_list":{"0":"post-535092","1":"product","2":"type-product","3":"status-publish","4":"has-post-thumbnail","6":"product_cat-rifle-pt-pt","7":"product_cat-rifle-parts-pt-pt","8":"product_cat-springs-pt-pt","10":"first","11":"instock","12":"taxable","13":"shipping-taxable","14":"purchasable","15":"product-type-simple"},"acf":[],"_links":{"self":[{"href":"https:\/\/staging.nbg.eu\/pt-pt\/wp-json\/wp\/v2\/product\/535092","targetHints":{"allow":["GET"]}}],"collection":[{"href":"https:\/\/staging.nbg.eu\/pt-pt\/wp-json\/wp\/v2\/product"}],"about":[{"href":"https:\/\/staging.nbg.eu\/pt-pt\/wp-json\/wp\/v2\/types\/product"}],"wp:featuredmedia":[{"embeddable":true,"href":"https:\/\/staging.nbg.eu\/pt-pt\/wp-json\/wp\/v2\/media\/495553"}],"wp:attachment":[{"href":"https:\/\/staging.nbg.eu\/pt-pt\/wp-json\/wp\/v2\/media?parent=535092"}],"wp:term":[{"taxonomy":"product_brand","embeddable":true,"href":"https:\/\/staging.nbg.eu\/pt-pt\/wp-json\/wp\/v2\/product_brand?post=535092"},{"taxonomy":"product_cat","embeddable":true,"href":"https:\/\/staging.nbg.eu\/pt-pt\/wp-json\/wp\/v2\/product_cat?post=535092"},{"taxonomy":"product_tag","embeddable":true,"href":"https:\/\/staging.nbg.eu\/pt-pt\/wp-json\/wp\/v2\/product_tag?post=535092"}],"curies":[{"name":"wp","href":"https:\/\/api.w.org\/{rel}","templated":true}]}}