{"id":533882,"date":"2025-09-04T18:48:24","date_gmt":"2025-09-04T15:48:24","guid":{"rendered":"https:\/\/staging.nbg.eu\/product\/utg-h2-hard-coat-heavy-recoil-buffer-ar-15-m4-m16-rb-t6bfh2\/"},"modified":"2025-09-29T11:12:54","modified_gmt":"2025-09-29T08:12:54","slug":"utg-buffer-pesado-de-recuo-h2-hard-coat-ar-15-m4-m16-rb-t6bfh2","status":"publish","type":"product","link":"https:\/\/staging.nbg.eu\/pt-pt\/produto\/utg-buffer-pesado-de-recuo-h2-hard-coat-ar-15-m4-m16-rb-t6bfh2\/","title":{"rendered":"UTG &#8211; Buffer Pesado de Recuo H2 Hard Coat &#8211; AR-15 \/ M4 \/ M16 &#8211; RB-T6BFH2"},"content":{"rendered":"<div class=\"product-description\">\n<h2>UTG &#8211; Amortecedor de Recuo H2 com Revestimento Duro &#8211; AR-15 \/ M4 \/ M16<\/h2>\n<p>Amortecedor de recuo UTG H2 para plataforma AR-15. Este amortecedor inclui:<\/p>\n<ul>\n<li>2 pesos de tungst\u00eanio e 1 peso de a\u00e7o para funcionamento e confiabilidade<\/li>\n<li>Corpo do amortecedor refor\u00e7ado com anodiza\u00e7\u00e3o dura para durabilidade<\/li>\n<li>Batente do amortecedor de ajuste preciso para desempenho<\/li>\n<li>Peso total: 4,6 oz<\/li>\n<\/ul>\n<p>Compat\u00edvel com modelos AR-15, M4 e M16, este amortecedor preto fosco \u00e9 projetado para reduzir o recuo. A combina\u00e7\u00e3o de tungst\u00eanio, a\u00e7o e alum\u00ednio visa proporcionar durabilidade e desempenho consistente.<\/p>\n<\/div>\n","protected":false},"excerpt":{"rendered":"<p>UTG H2 Buffer de Recuo Pesado: Ciclagem mais suave para carabinas AR-15.<\/p>\n","protected":false},"featured_media":494373,"template":"","meta":{"_acf_changed":false},"product_brand":[],"product_cat":[655],"product_tag":[],"class_list":{"0":"post-533882","1":"product","2":"type-product","3":"status-publish","4":"has-post-thumbnail","6":"product_cat-rifle-parts-pt-pt","8":"first","9":"instock","10":"taxable","11":"shipping-taxable","12":"purchasable","13":"product-type-simple"},"acf":[],"_links":{"self":[{"href":"https:\/\/staging.nbg.eu\/pt-pt\/wp-json\/wp\/v2\/product\/533882","targetHints":{"allow":["GET"]}}],"collection":[{"href":"https:\/\/staging.nbg.eu\/pt-pt\/wp-json\/wp\/v2\/product"}],"about":[{"href":"https:\/\/staging.nbg.eu\/pt-pt\/wp-json\/wp\/v2\/types\/product"}],"wp:featuredmedia":[{"embeddable":true,"href":"https:\/\/staging.nbg.eu\/pt-pt\/wp-json\/wp\/v2\/media\/494373"}],"wp:attachment":[{"href":"https:\/\/staging.nbg.eu\/pt-pt\/wp-json\/wp\/v2\/media?parent=533882"}],"wp:term":[{"taxonomy":"product_brand","embeddable":true,"href":"https:\/\/staging.nbg.eu\/pt-pt\/wp-json\/wp\/v2\/product_brand?post=533882"},{"taxonomy":"product_cat","embeddable":true,"href":"https:\/\/staging.nbg.eu\/pt-pt\/wp-json\/wp\/v2\/product_cat?post=533882"},{"taxonomy":"product_tag","embeddable":true,"href":"https:\/\/staging.nbg.eu\/pt-pt\/wp-json\/wp\/v2\/product_tag?post=533882"}],"curies":[{"name":"wp","href":"https:\/\/api.w.org\/{rel}","templated":true}]}}