{"id":533771,"date":"2025-09-04T18:48:23","date_gmt":"2025-09-04T15:48:23","guid":{"rendered":"https:\/\/staging.nbg.eu\/product\/utg-h3-carbine-buffer-ar15-m4-rb-t6bfh3\/"},"modified":"2025-09-29T11:04:06","modified_gmt":"2025-09-29T08:04:06","slug":"utg-buffer-de-carabina-h3-ar15-m4-rb-t6bfh3","status":"publish","type":"product","link":"https:\/\/staging.nbg.eu\/pt-pt\/produto\/utg-buffer-de-carabina-h3-ar15-m4-rb-t6bfh3\/","title":{"rendered":"UTG &#8211; Buffer de Carabina H3 &#8211; AR15 \/ M4 &#8211; RB-T6BFH3"},"content":{"rendered":"<div class=\"product-description\">\n<h2>UTG &#8211; Buffer H3 para Carabina &#8211; AR15 \/ M4 &#8211; RB-T6BFH3<\/h2>\n<p>O Buffer de Recuo UTG H3 para AR15 possui as seguintes caracter\u00edsticas:<\/p>\n<ul>\n<li>3 pesos de tungst\u00eanio<\/li>\n<li>Corpo de alum\u00ednio 6061-T6 com acabamento anodizado<\/li>\n<li>Amortecedor de extremidade ajustado<\/li>\n<li>Aumenta o tempo de perman\u00eancia e facilita a extra\u00e7\u00e3o<\/li>\n<li>Reduz o recuo percebido<\/li>\n<li>Pode melhorar a precis\u00e3o com calibres ligeiramente mais pesados<\/li>\n<\/ul>\n<p>Com peso de 5,4 oz, este buffer \u00e9 projetado para tornar a plataforma AR mais confort\u00e1vel e potencialmente mais precisa.<\/p>\n","protected":false},"excerpt":{"rendered":"<p>Buffer UTG H3 para Carabina: Reduz o recuo, melhora o conforto para AR15\/M4.<\/p>\n","protected":false},"featured_media":494325,"template":"","meta":{"_acf_changed":false},"product_brand":[],"product_cat":[655],"product_tag":[],"class_list":{"0":"post-533771","1":"product","2":"type-product","3":"status-publish","4":"has-post-thumbnail","6":"product_cat-rifle-parts-pt-pt","8":"first","9":"instock","10":"taxable","11":"shipping-taxable","12":"purchasable","13":"product-type-simple"},"acf":[],"_links":{"self":[{"href":"https:\/\/staging.nbg.eu\/pt-pt\/wp-json\/wp\/v2\/product\/533771","targetHints":{"allow":["GET"]}}],"collection":[{"href":"https:\/\/staging.nbg.eu\/pt-pt\/wp-json\/wp\/v2\/product"}],"about":[{"href":"https:\/\/staging.nbg.eu\/pt-pt\/wp-json\/wp\/v2\/types\/product"}],"wp:featuredmedia":[{"embeddable":true,"href":"https:\/\/staging.nbg.eu\/pt-pt\/wp-json\/wp\/v2\/media\/494325"}],"wp:attachment":[{"href":"https:\/\/staging.nbg.eu\/pt-pt\/wp-json\/wp\/v2\/media?parent=533771"}],"wp:term":[{"taxonomy":"product_brand","embeddable":true,"href":"https:\/\/staging.nbg.eu\/pt-pt\/wp-json\/wp\/v2\/product_brand?post=533771"},{"taxonomy":"product_cat","embeddable":true,"href":"https:\/\/staging.nbg.eu\/pt-pt\/wp-json\/wp\/v2\/product_cat?post=533771"},{"taxonomy":"product_tag","embeddable":true,"href":"https:\/\/staging.nbg.eu\/pt-pt\/wp-json\/wp\/v2\/product_tag?post=533771"}],"curies":[{"name":"wp","href":"https:\/\/api.w.org\/{rel}","templated":true}]}}