{"id":533547,"date":"2025-09-07T23:46:53","date_gmt":"2025-09-07T20:46:53","guid":{"rendered":"https:\/\/staging.nbg.eu\/product\/vanward-thread-insert\/"},"modified":"2025-09-29T10:50:58","modified_gmt":"2025-09-29T07:50:58","slug":"inserto-roscado-vanward","status":"publish","type":"product","link":"https:\/\/staging.nbg.eu\/pt-pt\/produto\/inserto-roscado-vanward\/","title":{"rendered":"Inserto Roscado Vanward"},"content":{"rendered":"<div class=\"product-description\">\n<h2>Inserto de Rosca Vanward<\/h2>\n<p>Melhore seus supressores Vanward Hunter e Hunter Pro com nossos insertos de rosca de a\u00e7o. Dispon\u00edveis em v\u00e1rios tamanhos e configura\u00e7\u00f5es para atender \u00e0s suas necessidades espec\u00edficas:<\/p>\n<ul>\n<li>M13<\/li>\n<li>M14<\/li>\n<li>M15<\/li>\n<li>M17<\/li>\n<li>M18<\/li>\n<li>M22<\/li>\n<\/ul>\n<p>Estes insertos de rosca s\u00e3o projetados para proporcionar um ajuste seguro e preciso para a bucha do seu supressor. Fabricados em a\u00e7o, eles garantem durabilidade e desempenho em v\u00e1rias condi\u00e7\u00f5es de tiro.<\/p>\n<p>Compat\u00edveis com os modelos Vanward Hunter e Hunter Pro, estes insertos de rosca oferecem versatilidade para entusiastas de armas de fogo. Atualize seu supressor com os insertos de rosca Vanward.<\/p>\n<\/div>\n","protected":false},"excerpt":{"rendered":"<p>Inserto Roscado Vanward: Insertos de a\u00e7o para supressores Hunter, M13-M22.<\/p>\n","protected":false},"featured_media":501462,"template":"","meta":{"_acf_changed":false},"product_brand":[11949],"product_cat":[884,1709,885],"product_tag":[],"class_list":{"0":"post-533547","1":"product","2":"type-product","3":"status-publish","4":"has-post-thumbnail","6":"product_brand-vanward","7":"product_cat-rifle-suppressors-pt-pt","8":"product_cat-suppressor-accessories-pt-pt","9":"product_cat-suppressors-pt-pt","11":"first","12":"instock","13":"taxable","14":"shipping-taxable","15":"purchasable","16":"product-type-variable","17":"wvs-archive-product-wrapper"},"acf":[],"_links":{"self":[{"href":"https:\/\/staging.nbg.eu\/pt-pt\/wp-json\/wp\/v2\/product\/533547","targetHints":{"allow":["GET"]}}],"collection":[{"href":"https:\/\/staging.nbg.eu\/pt-pt\/wp-json\/wp\/v2\/product"}],"about":[{"href":"https:\/\/staging.nbg.eu\/pt-pt\/wp-json\/wp\/v2\/types\/product"}],"wp:featuredmedia":[{"embeddable":true,"href":"https:\/\/staging.nbg.eu\/pt-pt\/wp-json\/wp\/v2\/media\/501462"}],"wp:attachment":[{"href":"https:\/\/staging.nbg.eu\/pt-pt\/wp-json\/wp\/v2\/media?parent=533547"}],"wp:term":[{"taxonomy":"product_brand","embeddable":true,"href":"https:\/\/staging.nbg.eu\/pt-pt\/wp-json\/wp\/v2\/product_brand?post=533547"},{"taxonomy":"product_cat","embeddable":true,"href":"https:\/\/staging.nbg.eu\/pt-pt\/wp-json\/wp\/v2\/product_cat?post=533547"},{"taxonomy":"product_tag","embeddable":true,"href":"https:\/\/staging.nbg.eu\/pt-pt\/wp-json\/wp\/v2\/product_tag?post=533547"}],"curies":[{"name":"wp","href":"https:\/\/api.w.org\/{rel}","templated":true}]}}