{"id":532651,"date":"2025-09-04T17:51:31","date_gmt":"2025-09-04T14:51:31","guid":{"rendered":"https:\/\/staging.nbg.eu\/product\/strike-industries-mass-driver-comp-for-glock-17-gen5-black-si-g5-mdcomp-s\/"},"modified":"2025-09-29T09:41:40","modified_gmt":"2025-09-29T06:41:40","slug":"strike-industries-compensador-mass-driver-para-glock-17-gen5-preto-si-g5-mdcomp-s","status":"publish","type":"product","link":"https:\/\/staging.nbg.eu\/pt-pt\/produto\/strike-industries-compensador-mass-driver-para-glock-17-gen5-preto-si-g5-mdcomp-s\/","title":{"rendered":"Strike Industries &#8211; Compensador Mass Driver para Glock 17 Gen5 &#8211; Preto &#8211; SI-G5-MDCOMP-S"},"content":{"rendered":"<h2>Compensador Mass Driver da Strike Industries para Glock 17 Gen5 &#8211; Preto<\/h2>\n<p>O Compensador Mass Driver (MDC) da Strike Industries para o Glock 17 Gen5. Este design \u00e9 inspirado em motores de propuls\u00e3o em massa te\u00f3ricos usados em viagens espaciais.<\/p>\n<ul>\n<li>Reduz o recuo mec\u00e2nico sem comprometer a velocidade de ciclagem<\/li>\n<li>Reduz a massa reciprocante para melhor desempenho<\/li>\n<li>Furo alargado para evitar impactos no defletor e keyholing<\/li>\n<li>Corte de al\u00edvio de 2,5mm para proteger o slide da pistola<\/li>\n<li>Compat\u00edvel com a maioria dos canos roscados do mercado de acess\u00f3rios<\/li>\n<li>Compat\u00edvel com slides GLOCK\u2122 GEN3, GEN4 e GEN5 G19 e G17<\/li>\n<li>Funciona com a maioria dos coldres abertos que acomodam compensadores<\/li>\n<\/ul>\n<p><strong>Nota:<\/strong> Torque recomendado para a porca da haste guia: 25 lbs\/pol. O uso com muni\u00e7\u00e3o +P e +P+ pode causar desgaste prematuro.<\/p>\n","protected":false},"excerpt":{"rendered":"<p>Strike Industries MDC: Redu\u00e7\u00e3o revolucion\u00e1ria do recuo para Glock 17 Gen5.<\/p>\n","protected":false},"featured_media":493796,"template":"","meta":{"_acf_changed":false},"product_brand":[],"product_cat":[2180,3004],"product_tag":[],"class_list":{"0":"post-532651","1":"product","2":"type-product","3":"status-publish","4":"has-post-thumbnail","6":"product_cat-pistol-pt-pt","7":"product_cat-pistol-parts-pt-pt","9":"first","10":"instock","11":"taxable","12":"shipping-taxable","13":"purchasable","14":"product-type-simple"},"acf":[],"_links":{"self":[{"href":"https:\/\/staging.nbg.eu\/pt-pt\/wp-json\/wp\/v2\/product\/532651","targetHints":{"allow":["GET"]}}],"collection":[{"href":"https:\/\/staging.nbg.eu\/pt-pt\/wp-json\/wp\/v2\/product"}],"about":[{"href":"https:\/\/staging.nbg.eu\/pt-pt\/wp-json\/wp\/v2\/types\/product"}],"wp:featuredmedia":[{"embeddable":true,"href":"https:\/\/staging.nbg.eu\/pt-pt\/wp-json\/wp\/v2\/media\/493796"}],"wp:attachment":[{"href":"https:\/\/staging.nbg.eu\/pt-pt\/wp-json\/wp\/v2\/media?parent=532651"}],"wp:term":[{"taxonomy":"product_brand","embeddable":true,"href":"https:\/\/staging.nbg.eu\/pt-pt\/wp-json\/wp\/v2\/product_brand?post=532651"},{"taxonomy":"product_cat","embeddable":true,"href":"https:\/\/staging.nbg.eu\/pt-pt\/wp-json\/wp\/v2\/product_cat?post=532651"},{"taxonomy":"product_tag","embeddable":true,"href":"https:\/\/staging.nbg.eu\/pt-pt\/wp-json\/wp\/v2\/product_tag?post=532651"}],"curies":[{"name":"wp","href":"https:\/\/api.w.org\/{rel}","templated":true}]}}