{"id":531091,"date":"2025-09-04T17:50:56","date_gmt":"2025-09-04T14:50:56","guid":{"rendered":"https:\/\/staging.nbg.eu\/product\/wbp-rogow-mounting-kit-for-enlarged-magazine-latch-ak-akm-ak-74\/"},"modified":"2025-09-26T16:31:03","modified_gmt":"2025-09-26T13:31:03","slug":"wbp-rogow-kit-de-montagem-para-trava-de-carregador-ampliada-ak-akm-ak-74","status":"publish","type":"product","link":"https:\/\/staging.nbg.eu\/pt-pt\/produto\/wbp-rogow-kit-de-montagem-para-trava-de-carregador-ampliada-ak-akm-ak-74\/","title":{"rendered":"WBP Rogow &#8211; Kit de Montagem para Trava de Carregador Ampliada &#8211; AK \/ AKM \/ AK-74"},"content":{"rendered":"<h2>WBP Rog\u00f3w &#8211; Kit de Montagem para Trava de Carregador Ampliada &#8211; AK \/ AKM \/ AK-74<\/h2>\n<p>Kit de trava de carregador ampliada da WBP Rog\u00f3w para rifles da plataforma AK. Projetado para instala\u00e7\u00e3o r\u00e1pida, este kit oferece funcionalidade para v\u00e1rios rifles da fam\u00edlia AK.<\/p>\n<h2>Caracter\u00edsticas Principais:<\/h2>\n<ul>\n<li>\u00c1rea de superf\u00edcie ampliada para desencaixe do carregador<\/li>\n<li>Compat\u00edvel com modelos AK, AKM e AK-74<\/li>\n<li>Facilita o recarregamento<\/li>\n<li>Inclui mola e pino de articula\u00e7\u00e3o<\/li>\n<li>Feito de a\u00e7o oxidado<\/li>\n<li>Acabamento preto<\/li>\n<\/ul>\n<p>Dimens\u00f5es: 51 x 24 x 15 mm<br \/>\nPeso: 16 g<\/p>\n<p>Kit para modificar o mecanismo de libera\u00e7\u00e3o do carregador do seu AK.<\/p>\n","protected":false},"excerpt":{"rendered":"<p>Kit de trava de carregador AK ampliado. F\u00e1cil instala\u00e7\u00e3o, ergonomia aprimorada. A\u00e7o, preto.<\/p>\n","protected":false},"featured_media":493611,"template":"","meta":{"_acf_changed":false},"product_brand":[],"product_cat":[499],"product_tag":[],"class_list":{"0":"post-531091","1":"product","2":"type-product","3":"status-publish","4":"has-post-thumbnail","6":"product_cat-uncategorized-pt-pt","8":"first","9":"instock","10":"taxable","11":"shipping-taxable","12":"purchasable","13":"product-type-simple"},"acf":[],"_links":{"self":[{"href":"https:\/\/staging.nbg.eu\/pt-pt\/wp-json\/wp\/v2\/product\/531091","targetHints":{"allow":["GET"]}}],"collection":[{"href":"https:\/\/staging.nbg.eu\/pt-pt\/wp-json\/wp\/v2\/product"}],"about":[{"href":"https:\/\/staging.nbg.eu\/pt-pt\/wp-json\/wp\/v2\/types\/product"}],"wp:featuredmedia":[{"embeddable":true,"href":"https:\/\/staging.nbg.eu\/pt-pt\/wp-json\/wp\/v2\/media\/493611"}],"wp:attachment":[{"href":"https:\/\/staging.nbg.eu\/pt-pt\/wp-json\/wp\/v2\/media?parent=531091"}],"wp:term":[{"taxonomy":"product_brand","embeddable":true,"href":"https:\/\/staging.nbg.eu\/pt-pt\/wp-json\/wp\/v2\/product_brand?post=531091"},{"taxonomy":"product_cat","embeddable":true,"href":"https:\/\/staging.nbg.eu\/pt-pt\/wp-json\/wp\/v2\/product_cat?post=531091"},{"taxonomy":"product_tag","embeddable":true,"href":"https:\/\/staging.nbg.eu\/pt-pt\/wp-json\/wp\/v2\/product_tag?post=531091"}],"curies":[{"name":"wp","href":"https:\/\/api.w.org\/{rel}","templated":true}]}}