{"id":53070,"date":"2024-03-08T06:59:20","date_gmt":"2024-09-13T12:46:41","guid":{"rendered":"https:\/\/staging.nbg.eu\/product\/bore-tech-shotgun-blend\/"},"modified":"2024-09-13T12:47:44","modified_gmt":"2024-09-13T12:47:44","slug":"bore-tech-blend-para-espingarda","status":"publish","type":"product","link":"https:\/\/staging.nbg.eu\/pt-pt\/produto\/bore-tech-blend-para-espingarda\/","title":{"rendered":"Bore Tech Blend para Espingarda"},"content":{"rendered":"<p>\nO Shotgun Blend da Bore Tech \u00e9 um limpador de cano sem am\u00f4nia para espingardas. Esta f\u00f3rmula biodegrad\u00e1vel remove res\u00edduos de chumbo, p\u00f3lvora e bucha pl\u00e1stica dos canos, cones de for\u00e7amento e chokes. \u00c9 seguro, inodoro e f\u00e1cil de usar. Proporciona limpeza eficaz com resultados vis\u00edveis nas flanelas de limpeza.<\/p>\n","protected":false},"excerpt":{"rendered":"<p>Poderoso limpador de cano remove com seguran\u00e7a res\u00edduos de chumbo, carbono e pl\u00e1stico.<\/p>\n","protected":false},"featured_media":53071,"template":"","meta":{"_acf_changed":false},"product_brand":[11167],"product_cat":[1904,1440],"product_tag":[],"class_list":{"0":"post-53070","1":"product","2":"type-product","3":"status-publish","4":"has-post-thumbnail","6":"product_brand-boretech","7":"product_cat-cleaners-pt-pt","8":"product_cat-maintenance-pt-pt","10":"first","11":"instock","12":"taxable","13":"shipping-taxable","14":"purchasable","15":"product-type-variable","16":"wvs-archive-product-wrapper"},"acf":[],"_links":{"self":[{"href":"https:\/\/staging.nbg.eu\/pt-pt\/wp-json\/wp\/v2\/product\/53070","targetHints":{"allow":["GET"]}}],"collection":[{"href":"https:\/\/staging.nbg.eu\/pt-pt\/wp-json\/wp\/v2\/product"}],"about":[{"href":"https:\/\/staging.nbg.eu\/pt-pt\/wp-json\/wp\/v2\/types\/product"}],"wp:featuredmedia":[{"embeddable":true,"href":"https:\/\/staging.nbg.eu\/pt-pt\/wp-json\/wp\/v2\/media\/53071"}],"wp:attachment":[{"href":"https:\/\/staging.nbg.eu\/pt-pt\/wp-json\/wp\/v2\/media?parent=53070"}],"wp:term":[{"taxonomy":"product_brand","embeddable":true,"href":"https:\/\/staging.nbg.eu\/pt-pt\/wp-json\/wp\/v2\/product_brand?post=53070"},{"taxonomy":"product_cat","embeddable":true,"href":"https:\/\/staging.nbg.eu\/pt-pt\/wp-json\/wp\/v2\/product_cat?post=53070"},{"taxonomy":"product_tag","embeddable":true,"href":"https:\/\/staging.nbg.eu\/pt-pt\/wp-json\/wp\/v2\/product_tag?post=53070"}],"curies":[{"name":"wp","href":"https:\/\/api.w.org\/{rel}","templated":true}]}}