{"id":529973,"date":"2025-09-02T20:30:44","date_gmt":"2025-09-02T17:30:44","guid":{"rendered":"https:\/\/staging.nbg.eu\/product\/predna-drzhka-magpul-zhukov-za-ak-47-ak-74-lilava-mag586-plm\/"},"modified":"2025-09-26T15:05:22","modified_gmt":"2025-09-26T12:05:22","slug":"guarda-mao-dianteiro-magpul-zhukov-para-ak-47ak-74-roxo-mag586-plm","status":"publish","type":"product","link":"https:\/\/staging.nbg.eu\/pt-pt\/produto\/guarda-mao-dianteiro-magpul-zhukov-para-ak-47ak-74-roxo-mag586-plm\/","title":{"rendered":"Guarda-Mao Dianteiro Magpul ZHUKOV para AK-47\/AK-74 Roxo MAG586 PLM"},"content":{"rendered":"<div class=\"product-description\">\n<h2>Guarda-m\u00e3o Magpul ZHUKOV para AK-47\/AK-74 &#8211; Cor Ameixa (MAG586-PLM)<\/h2>\n<p>Guarda-m\u00e3o para AK-47 ou AK-74. Este guarda-m\u00e3o de comprimento estendido oferece uma superf\u00edcie de ader\u00eancia maior e op\u00e7\u00f5es adicionais de montagem de acess\u00f3rios.<\/p>\n<ul>\n<li>Compat\u00edvel com a maioria dos rifles AK-47\/AKM\/AK-74 (di\u00e2metro do cano 16,75-18,25mm, comprimento &gt;13&#8243;)<\/li>\n<li>Chassi de alum\u00ednio anodizado duro em todo o comprimento para montagem sem flex\u00e3o e prote\u00e7\u00e3o t\u00e9rmica<\/li>\n<li>Cobertura externa de pol\u00edmero com slots para acess\u00f3rios M-LOK<\/li>\n<li>Inclui Tampa Superior de pol\u00edmero para substitui\u00e7\u00e3o<\/li>\n<li>Compat\u00edvel com Montagem de \u00d3ptica UltiMAK<\/li>\n<li>Comprimento: 11,7 polegadas<\/li>\n<\/ul>\n<p>Guarda-m\u00e3o para ca\u00e7adores e entusiastas de tiro.<\/p>\n<\/div>\n","protected":false},"excerpt":{"rendered":"<p>Guarda-m\u00e3o estendido Magpul ZHUKOV para AK-47\/AK-74, cor ameixa, compat\u00edvel com M-LOK.<\/p>\n","protected":false},"featured_media":0,"template":"","meta":{"_acf_changed":false},"product_brand":[],"product_cat":[499],"product_tag":[],"class_list":{"0":"post-529973","1":"product","2":"type-product","3":"status-publish","5":"product_cat-uncategorized-pt-pt","7":"first","8":"instock","9":"taxable","10":"shipping-taxable","11":"purchasable","12":"product-type-simple"},"acf":[],"_links":{"self":[{"href":"https:\/\/staging.nbg.eu\/pt-pt\/wp-json\/wp\/v2\/product\/529973","targetHints":{"allow":["GET"]}}],"collection":[{"href":"https:\/\/staging.nbg.eu\/pt-pt\/wp-json\/wp\/v2\/product"}],"about":[{"href":"https:\/\/staging.nbg.eu\/pt-pt\/wp-json\/wp\/v2\/types\/product"}],"wp:attachment":[{"href":"https:\/\/staging.nbg.eu\/pt-pt\/wp-json\/wp\/v2\/media?parent=529973"}],"wp:term":[{"taxonomy":"product_brand","embeddable":true,"href":"https:\/\/staging.nbg.eu\/pt-pt\/wp-json\/wp\/v2\/product_brand?post=529973"},{"taxonomy":"product_cat","embeddable":true,"href":"https:\/\/staging.nbg.eu\/pt-pt\/wp-json\/wp\/v2\/product_cat?post=529973"},{"taxonomy":"product_tag","embeddable":true,"href":"https:\/\/staging.nbg.eu\/pt-pt\/wp-json\/wp\/v2\/product_tag?post=529973"}],"curies":[{"name":"wp","href":"https:\/\/api.w.org\/{rel}","templated":true}]}}