{"id":52950,"date":"2024-03-08T09:51:57","date_gmt":"2024-03-08T09:51:57","guid":{"rendered":"https:\/\/staging.nbg.eu\/product\/bronze-spiral-shotgun-brush\/"},"modified":"2024-09-13T12:45:21","modified_gmt":"2024-09-13T12:45:21","slug":"escova-espiral-de-bronze-para-espingarda","status":"publish","type":"product","link":"https:\/\/staging.nbg.eu\/pt-pt\/produto\/escova-espiral-de-bronze-para-espingarda\/","title":{"rendered":"Escova Espiral de Bronze para Espingarda"},"content":{"rendered":"<p>A escova de bronze em espiral para espingarda da Bore Tech possui cerdas em loop. Feita de bronze fosforoso seguro para o cano, remove eficazmente res\u00edduos pl\u00e1sticos e dura mais que escovas de cerdas de arame padr\u00e3o. Dispon\u00edvel nos calibres 10 a .410, compat\u00edvel com hastes rosqueadas 5\/16-27 padr\u00e3o.<\/p>\n","protected":false},"excerpt":{"rendered":"<p>Escova espiral inovadora para limpeza profunda e segura do cano da espingarda.<\/p>\n","protected":false},"featured_media":52951,"template":"","meta":{"_acf_changed":false},"product_brand":[11167],"product_cat":[1439,1440],"product_tag":[],"class_list":{"0":"post-52950","1":"product","2":"type-product","3":"status-publish","4":"has-post-thumbnail","6":"product_brand-boretech","7":"product_cat-brushes-pt-pt","8":"product_cat-maintenance-pt-pt","10":"first","11":"outofstock","12":"taxable","13":"shipping-taxable","14":"purchasable","15":"product-type-simple"},"acf":[],"_links":{"self":[{"href":"https:\/\/staging.nbg.eu\/pt-pt\/wp-json\/wp\/v2\/product\/52950","targetHints":{"allow":["GET"]}}],"collection":[{"href":"https:\/\/staging.nbg.eu\/pt-pt\/wp-json\/wp\/v2\/product"}],"about":[{"href":"https:\/\/staging.nbg.eu\/pt-pt\/wp-json\/wp\/v2\/types\/product"}],"wp:featuredmedia":[{"embeddable":true,"href":"https:\/\/staging.nbg.eu\/pt-pt\/wp-json\/wp\/v2\/media\/52951"}],"wp:attachment":[{"href":"https:\/\/staging.nbg.eu\/pt-pt\/wp-json\/wp\/v2\/media?parent=52950"}],"wp:term":[{"taxonomy":"product_brand","embeddable":true,"href":"https:\/\/staging.nbg.eu\/pt-pt\/wp-json\/wp\/v2\/product_brand?post=52950"},{"taxonomy":"product_cat","embeddable":true,"href":"https:\/\/staging.nbg.eu\/pt-pt\/wp-json\/wp\/v2\/product_cat?post=52950"},{"taxonomy":"product_tag","embeddable":true,"href":"https:\/\/staging.nbg.eu\/pt-pt\/wp-json\/wp\/v2\/product_tag?post=52950"}],"curies":[{"name":"wp","href":"https:\/\/api.w.org\/{rel}","templated":true}]}}