{"id":527028,"date":"2025-08-25T00:18:45","date_gmt":"2025-08-24T21:18:45","guid":{"rendered":"https:\/\/staging.nbg.eu\/product\/ftcs-enlarged-magazine-catch-with-shelf-ak-platform-no-16\/"},"modified":"2025-09-25T22:06:03","modified_gmt":"2025-09-25T19:06:03","slug":"ftcs-trava-de-carregador-ampliada-com-prateleira-plataforma-ak-no16","status":"publish","type":"product","link":"https:\/\/staging.nbg.eu\/pt-pt\/produto\/ftcs-trava-de-carregador-ampliada-com-prateleira-plataforma-ak-no16\/","title":{"rendered":"FTCS &#8211; Trava de Carregador Ampliada Com Prateleira &#8211; Plataforma AK &#8211; No.16"},"content":{"rendered":"<div class=\"product-description\">\n<h2>FTCS &#8211; Alavanca de Libera\u00e7\u00e3o de Carregador Ampliada Com Prateleira &#8211; Plataforma AK &#8211; No.16<\/h2>\n<p>Alavanca de libera\u00e7\u00e3o de carregador ampliada com prateleira para libera\u00e7\u00e3o r\u00e1pida do carregador usando o dedo indicador. Feita de a\u00e7o e acabamento em Cerakote Preto Grafite H-146.<\/p>\n<h2>Caracter\u00edsticas Principais:<\/h2>\n<ul>\n<li>Compat\u00edvel com a maioria das armas tipo AK\/AKM\/AK-74<\/li>\n<li>Constru\u00e7\u00e3o em a\u00e7o<\/li>\n<li>Design ampliado<\/li>\n<li>Prateleira adicional para libera\u00e7\u00e3o do carregador com o dedo indicador<\/li>\n<\/ul>\n<h2>Especifica\u00e7\u00f5es T\u00e9cnicas:<\/h2>\n<ul>\n<li>Dimens\u00f5es: 55 x 52 x 21 mm<\/li>\n<li>Peso: 20 g<\/li>\n<li>Acabamento: Cerakote Preto Grafite H-146<\/li>\n<\/ul>\n<p>Alavanca de libera\u00e7\u00e3o de carregador ampliada com prateleira FTCS &#8211; No.16 para carabinas de plataforma AK.<\/p>\n<\/div>\n","protected":false},"excerpt":{"rendered":"<p>Libera\u00e7\u00e3o de carregador aprimorada para plataforma AK com apoio para o dedo. A\u00e7o, preto.<\/p>\n","protected":false},"featured_media":481350,"template":"","meta":{"_acf_changed":false},"product_brand":[11325],"product_cat":[1376,654,655],"product_tag":[],"class_list":{"0":"post-527028","1":"product","2":"type-product","3":"status-publish","4":"has-post-thumbnail","6":"product_brand-ftcs","7":"product_cat-ak-tuning-pt-pt","8":"product_cat-rifle-pt-pt","9":"product_cat-rifle-parts-pt-pt","11":"first","12":"instock","13":"taxable","14":"shipping-taxable","15":"purchasable","16":"product-type-simple"},"acf":[],"_links":{"self":[{"href":"https:\/\/staging.nbg.eu\/pt-pt\/wp-json\/wp\/v2\/product\/527028","targetHints":{"allow":["GET"]}}],"collection":[{"href":"https:\/\/staging.nbg.eu\/pt-pt\/wp-json\/wp\/v2\/product"}],"about":[{"href":"https:\/\/staging.nbg.eu\/pt-pt\/wp-json\/wp\/v2\/types\/product"}],"wp:featuredmedia":[{"embeddable":true,"href":"https:\/\/staging.nbg.eu\/pt-pt\/wp-json\/wp\/v2\/media\/481350"}],"wp:attachment":[{"href":"https:\/\/staging.nbg.eu\/pt-pt\/wp-json\/wp\/v2\/media?parent=527028"}],"wp:term":[{"taxonomy":"product_brand","embeddable":true,"href":"https:\/\/staging.nbg.eu\/pt-pt\/wp-json\/wp\/v2\/product_brand?post=527028"},{"taxonomy":"product_cat","embeddable":true,"href":"https:\/\/staging.nbg.eu\/pt-pt\/wp-json\/wp\/v2\/product_cat?post=527028"},{"taxonomy":"product_tag","embeddable":true,"href":"https:\/\/staging.nbg.eu\/pt-pt\/wp-json\/wp\/v2\/product_tag?post=527028"}],"curies":[{"name":"wp","href":"https:\/\/api.w.org\/{rel}","templated":true}]}}