{"id":52620,"date":"2024-03-12T18:05:32","date_gmt":"2024-09-13T11:33:29","guid":{"rendered":"https:\/\/staging.nbg.eu\/product\/bore-tech-x-count-patches-multiple-sizes\/"},"modified":"2024-09-13T11:34:42","modified_gmt":"2024-09-13T11:34:42","slug":"bore-tech-flanelas-x-count-multiplos-tamanhos","status":"publish","type":"product","link":"https:\/\/staging.nbg.eu\/pt-pt\/produto\/bore-tech-flanelas-x-count-multiplos-tamanhos\/","title":{"rendered":"Bore Tech Flanelas X-Count (M\u00faltiplos Tamanhos)"},"content":{"rendered":"<p>Bore Tech X-Count\u2122 Patches: Caracter\u00edsticas:<\/p>\n<ul>\n<li>100% algod\u00e3o flanelado<\/li>\n<li>Material de dupla face, n\u00e3o desfia<\/li>\n<li>Capacidade de limpeza eficiente<\/li>\n<li>Boa absor\u00e7\u00e3o de solventes<\/li>\n<li>Fabricado nos Estados Unidos<\/li>\n<li>Adequado para v\u00e1rios tipos e calibres de armas<\/li>\n<li>Embalagem ressel\u00e1vel e com gancho<\/li>\n<\/ul>\n","protected":false},"excerpt":{"rendered":"<p>Peda\u00e7os de algod\u00e3o premium para limpeza de armas, em v\u00e1rios tamanhos. Fabricado nos EUA.<\/p>\n","protected":false},"featured_media":52621,"template":"","meta":{"_acf_changed":false},"product_brand":[11167],"product_cat":[1440,1946],"product_tag":[],"class_list":{"0":"post-52620","1":"product","2":"type-product","3":"status-publish","4":"has-post-thumbnail","6":"product_brand-boretech","7":"product_cat-maintenance-pt-pt","8":"product_cat-cleaning-patches-pt-pt","10":"first","11":"instock","12":"taxable","13":"shipping-taxable","14":"purchasable","15":"product-type-variable","16":"wvs-archive-product-wrapper"},"acf":[],"_links":{"self":[{"href":"https:\/\/staging.nbg.eu\/pt-pt\/wp-json\/wp\/v2\/product\/52620","targetHints":{"allow":["GET"]}}],"collection":[{"href":"https:\/\/staging.nbg.eu\/pt-pt\/wp-json\/wp\/v2\/product"}],"about":[{"href":"https:\/\/staging.nbg.eu\/pt-pt\/wp-json\/wp\/v2\/types\/product"}],"wp:featuredmedia":[{"embeddable":true,"href":"https:\/\/staging.nbg.eu\/pt-pt\/wp-json\/wp\/v2\/media\/52621"}],"wp:attachment":[{"href":"https:\/\/staging.nbg.eu\/pt-pt\/wp-json\/wp\/v2\/media?parent=52620"}],"wp:term":[{"taxonomy":"product_brand","embeddable":true,"href":"https:\/\/staging.nbg.eu\/pt-pt\/wp-json\/wp\/v2\/product_brand?post=52620"},{"taxonomy":"product_cat","embeddable":true,"href":"https:\/\/staging.nbg.eu\/pt-pt\/wp-json\/wp\/v2\/product_cat?post=52620"},{"taxonomy":"product_tag","embeddable":true,"href":"https:\/\/staging.nbg.eu\/pt-pt\/wp-json\/wp\/v2\/product_tag?post=52620"}],"curies":[{"name":"wp","href":"https:\/\/api.w.org\/{rel}","templated":true}]}}