{"id":52176,"date":"2024-03-12T19:00:56","date_gmt":"2024-09-13T11:30:06","guid":{"rendered":"https:\/\/staging.nbg.eu\/product\/bore-tech-rimfire-blend\/"},"modified":"2024-09-13T11:31:07","modified_gmt":"2024-09-13T11:31:07","slug":"bore-tech-blend-para-rimfire","status":"publish","type":"product","link":"https:\/\/staging.nbg.eu\/pt-pt\/produto\/bore-tech-blend-para-rimfire\/","title":{"rendered":"Bore Tech Blend para Rimfire"},"content":{"rendered":"<div class=\"product-description\">\n<h2>Limpador de Cano Bore Tech Rimfire Blend<\/h2>\n<p>Formulado para atiradores de armas de pequeno calibre, este limpador remove chumbo, res\u00edduos de p\u00f3lvora e cera de proj\u00e9teis. Utilizado por competidores e fabricantes de rifles.<\/p>\n<ul>\n<li>Sem am\u00f4nia e sem odor<\/li>\n<li>100% biodegrad\u00e1vel<\/li>\n<li>Remove camadas de chumbo, cera e ac\u00famulo de carbono<\/li>\n<li>Requer escova\u00e7\u00e3o m\u00ednima<\/li>\n<li>Seguro para todos os tipos de cano<\/li>\n<\/ul>\n<p>Utilize a tecnologia da linha de limpeza especializada da Bore Tech.<\/p>\n<\/div>\n","protected":false},"excerpt":{"rendered":"<p>Limpador de armas de fogo eficaz que remove chumbo, cera e carbono. Sem am\u00f4nia.<\/p>\n","protected":false},"featured_media":52177,"template":"","meta":{"_acf_changed":false},"product_brand":[11167],"product_cat":[1904,1440],"product_tag":[],"class_list":{"0":"post-52176","1":"product","2":"type-product","3":"status-publish","4":"has-post-thumbnail","6":"product_brand-boretech","7":"product_cat-cleaners-pt-pt","8":"product_cat-maintenance-pt-pt","10":"first","11":"instock","12":"taxable","13":"shipping-taxable","14":"purchasable","15":"product-type-variable","16":"wvs-archive-product-wrapper"},"acf":[],"_links":{"self":[{"href":"https:\/\/staging.nbg.eu\/pt-pt\/wp-json\/wp\/v2\/product\/52176","targetHints":{"allow":["GET"]}}],"collection":[{"href":"https:\/\/staging.nbg.eu\/pt-pt\/wp-json\/wp\/v2\/product"}],"about":[{"href":"https:\/\/staging.nbg.eu\/pt-pt\/wp-json\/wp\/v2\/types\/product"}],"wp:featuredmedia":[{"embeddable":true,"href":"https:\/\/staging.nbg.eu\/pt-pt\/wp-json\/wp\/v2\/media\/52177"}],"wp:attachment":[{"href":"https:\/\/staging.nbg.eu\/pt-pt\/wp-json\/wp\/v2\/media?parent=52176"}],"wp:term":[{"taxonomy":"product_brand","embeddable":true,"href":"https:\/\/staging.nbg.eu\/pt-pt\/wp-json\/wp\/v2\/product_brand?post=52176"},{"taxonomy":"product_cat","embeddable":true,"href":"https:\/\/staging.nbg.eu\/pt-pt\/wp-json\/wp\/v2\/product_cat?post=52176"},{"taxonomy":"product_tag","embeddable":true,"href":"https:\/\/staging.nbg.eu\/pt-pt\/wp-json\/wp\/v2\/product_tag?post=52176"}],"curies":[{"name":"wp","href":"https:\/\/api.w.org\/{rel}","templated":true}]}}