{"id":51990,"date":"2024-03-12T19:14:59","date_gmt":"2024-09-13T11:27:34","guid":{"rendered":"https:\/\/staging.nbg.eu\/product\/bore-tech-cu2-copper-remover\/"},"modified":"2024-09-13T11:28:34","modified_gmt":"2024-09-13T11:28:34","slug":"bore-tech-cu2-removedor-de-cobre","status":"publish","type":"product","link":"https:\/\/staging.nbg.eu\/pt-pt\/produto\/bore-tech-cu2-removedor-de-cobre\/","title":{"rendered":"Bore Tech CU+2 Removedor de Cobre"},"content":{"rendered":"<div class=\"product-description\">\n<h2>Bore Tech CU+2 Removedor de Cobre<\/h2>\n<p>O Removedor de Cobre Cu+2\u2122 patenteado remove incrusta\u00e7\u00f5es de cobre. Esta solu\u00e7\u00e3o supera os solventes tradicionais \u00e0 base de petr\u00f3leo e am\u00f4nia, oferecendo:<\/p>\n<ul>\n<li>100% seguro para o cano e sem am\u00f4nia<\/li>\n<li>Inodoro e biodegrad\u00e1vel<\/li>\n<li>Extra\u00e7\u00e3o de cobre r\u00e1pida e completa<\/li>\n<li>Processo de duas etapas para limpeza<\/li>\n<li>Preven\u00e7\u00e3o de ferrugem a curto prazo<\/li>\n<\/ul>\n<p>Melhore a manuten\u00e7\u00e3o de sua arma de fogo com este removedor de cobre n\u00e3o perigoso.<\/p>\n<\/div>\n","protected":false},"excerpt":{"rendered":"<p>Removedor de cobre patenteado, sem amon\u00edaco. De a\u00e7\u00e3o r\u00e1pida, seguro para o cano e sem odor.<\/p>\n","protected":false},"featured_media":51991,"template":"","meta":{"_acf_changed":false},"product_brand":[11167],"product_cat":[1904,1440],"product_tag":[],"class_list":{"0":"post-51990","1":"product","2":"type-product","3":"status-publish","4":"has-post-thumbnail","6":"product_brand-boretech","7":"product_cat-cleaners-pt-pt","8":"product_cat-maintenance-pt-pt","10":"first","11":"instock","12":"taxable","13":"shipping-taxable","14":"purchasable","15":"product-type-variable","16":"wvs-archive-product-wrapper"},"acf":[],"_links":{"self":[{"href":"https:\/\/staging.nbg.eu\/pt-pt\/wp-json\/wp\/v2\/product\/51990","targetHints":{"allow":["GET"]}}],"collection":[{"href":"https:\/\/staging.nbg.eu\/pt-pt\/wp-json\/wp\/v2\/product"}],"about":[{"href":"https:\/\/staging.nbg.eu\/pt-pt\/wp-json\/wp\/v2\/types\/product"}],"wp:featuredmedia":[{"embeddable":true,"href":"https:\/\/staging.nbg.eu\/pt-pt\/wp-json\/wp\/v2\/media\/51991"}],"wp:attachment":[{"href":"https:\/\/staging.nbg.eu\/pt-pt\/wp-json\/wp\/v2\/media?parent=51990"}],"wp:term":[{"taxonomy":"product_brand","embeddable":true,"href":"https:\/\/staging.nbg.eu\/pt-pt\/wp-json\/wp\/v2\/product_brand?post=51990"},{"taxonomy":"product_cat","embeddable":true,"href":"https:\/\/staging.nbg.eu\/pt-pt\/wp-json\/wp\/v2\/product_cat?post=51990"},{"taxonomy":"product_tag","embeddable":true,"href":"https:\/\/staging.nbg.eu\/pt-pt\/wp-json\/wp\/v2\/product_tag?post=51990"}],"curies":[{"name":"wp","href":"https:\/\/api.w.org\/{rel}","templated":true}]}}