{"id":51824,"date":"2024-03-13T05:48:23","date_gmt":"2024-03-13T05:48:23","guid":{"rendered":"https:\/\/staging.nbg.eu\/product\/bore-tech-c4-carbon-remover-4-oz\/"},"modified":"2024-09-13T10:08:00","modified_gmt":"2024-09-13T10:08:00","slug":"bore-tech-c4-removedor-de-carbono-4-oz","status":"publish","type":"product","link":"https:\/\/staging.nbg.eu\/pt-pt\/produto\/bore-tech-c4-removedor-de-carbono-4-oz\/","title":{"rendered":"Bore Tech C4 Removedor de Carbono &#8211; 4 Oz"},"content":{"rendered":"<div class=\"product-description\">\n<h2>Bore Tech C4 Removedor de Carbono &#8211; 118 ml<\/h2>\n<p>O Removedor de Carbono C4 da Bore Tech elimina a acumula\u00e7\u00e3o de carbono sem os perigos, toxicidade ou odores encontrados em outros produtos de limpeza. \u00c9 100% seguro para canos, n\u00e3o perigoso e livre de am\u00f4nia. Pode ser usado em canos, transportadores de ferrolho e outros componentes.<\/p>\n<\/div>\n","protected":false},"excerpt":{"rendered":"<p>Removedor de carbono potente e seguro para armas de fogo. R\u00e1pido e eficaz.<\/p>\n","protected":false},"featured_media":51825,"template":"","meta":{"_acf_changed":false},"product_brand":[11167],"product_cat":[1904,1440],"product_tag":[],"class_list":{"0":"post-51824","1":"product","2":"type-product","3":"status-publish","4":"has-post-thumbnail","6":"product_brand-boretech","7":"product_cat-cleaners-pt-pt","8":"product_cat-maintenance-pt-pt","10":"first","11":"instock","12":"taxable","13":"shipping-taxable","14":"purchasable","15":"product-type-variable","16":"wvs-archive-product-wrapper"},"acf":[],"_links":{"self":[{"href":"https:\/\/staging.nbg.eu\/pt-pt\/wp-json\/wp\/v2\/product\/51824","targetHints":{"allow":["GET"]}}],"collection":[{"href":"https:\/\/staging.nbg.eu\/pt-pt\/wp-json\/wp\/v2\/product"}],"about":[{"href":"https:\/\/staging.nbg.eu\/pt-pt\/wp-json\/wp\/v2\/types\/product"}],"wp:featuredmedia":[{"embeddable":true,"href":"https:\/\/staging.nbg.eu\/pt-pt\/wp-json\/wp\/v2\/media\/51825"}],"wp:attachment":[{"href":"https:\/\/staging.nbg.eu\/pt-pt\/wp-json\/wp\/v2\/media?parent=51824"}],"wp:term":[{"taxonomy":"product_brand","embeddable":true,"href":"https:\/\/staging.nbg.eu\/pt-pt\/wp-json\/wp\/v2\/product_brand?post=51824"},{"taxonomy":"product_cat","embeddable":true,"href":"https:\/\/staging.nbg.eu\/pt-pt\/wp-json\/wp\/v2\/product_cat?post=51824"},{"taxonomy":"product_tag","embeddable":true,"href":"https:\/\/staging.nbg.eu\/pt-pt\/wp-json\/wp\/v2\/product_tag?post=51824"}],"curies":[{"name":"wp","href":"https:\/\/api.w.org\/{rel}","templated":true}]}}