{"id":51478,"date":"2024-03-15T06:18:52","date_gmt":"2024-09-13T09:57:12","guid":{"rendered":"https:\/\/staging.nbg.eu\/product\/bore-tech-chameleon-gel-2-oz-tube\/"},"modified":"2024-09-13T09:58:10","modified_gmt":"2024-09-13T09:58:10","slug":"gel-chameleon-bore-tech-tubo-2-oz","status":"publish","type":"product","link":"https:\/\/staging.nbg.eu\/pt-pt\/produto\/gel-chameleon-bore-tech-tubo-2-oz\/","title":{"rendered":"Gel Chameleon Bore Tech (Tubo 2 Oz)"},"content":{"rendered":"<h2>Bore Tech Chameleon Gel (Tubo de 2 Oz)<\/h2>\n<p>Bore Tech Chameleon Gel\u2122 \u00e9 um limpador e polidor patenteado para armas de fogo. Este gel com indica\u00e7\u00e3o de cor remove res\u00edduos de Carbono, Cobre, Chumbo e Molibd\u00eanio, deixando o cano limpo.<\/p>\n<ul>\n<li>Sem odor e biodegrad\u00e1vel<\/li>\n<li>Seguro para todos os tipos de cano<\/li>\n<li>N\u00e3o requer mistura<\/li>\n<li>Formula\u00e7\u00e3o em gel<\/li>\n<li>Tecnologia de indica\u00e7\u00e3o por cor para limpeza precisa<\/li>\n<\/ul>\n<p>A f\u00f3rmula do Chameleon Gel muda de cor para indicar o tipo de res\u00edduo presente:<\/p>\n<p>Azul\/Verde: Cobre<\/p>\n<p>Preto: Carbono<\/p>\n<p>Cinza: Chumbo\/Molibd\u00eanio<\/p>\n<p>Branco: Cano limpo<\/p>\n<p>Mantenha o desempenho da sua arma de fogo com esta solu\u00e7\u00e3o de limpeza. Dispon\u00edvel em tubo de 2oz.<\/p>\n","protected":false},"excerpt":{"rendered":"<p>Gel de limpeza que muda de cor remove incrusta\u00e7\u00f5es dos canos de armas.<\/p>\n","protected":false},"featured_media":51479,"template":"","meta":{"_acf_changed":false},"product_brand":[11167],"product_cat":[1904,1440],"product_tag":[],"class_list":{"0":"post-51478","1":"product","2":"type-product","3":"status-publish","4":"has-post-thumbnail","6":"product_brand-boretech","7":"product_cat-cleaners-pt-pt","8":"product_cat-maintenance-pt-pt","10":"first","11":"instock","12":"taxable","13":"shipping-taxable","14":"purchasable","15":"product-type-simple"},"acf":[],"_links":{"self":[{"href":"https:\/\/staging.nbg.eu\/pt-pt\/wp-json\/wp\/v2\/product\/51478","targetHints":{"allow":["GET"]}}],"collection":[{"href":"https:\/\/staging.nbg.eu\/pt-pt\/wp-json\/wp\/v2\/product"}],"about":[{"href":"https:\/\/staging.nbg.eu\/pt-pt\/wp-json\/wp\/v2\/types\/product"}],"wp:featuredmedia":[{"embeddable":true,"href":"https:\/\/staging.nbg.eu\/pt-pt\/wp-json\/wp\/v2\/media\/51479"}],"wp:attachment":[{"href":"https:\/\/staging.nbg.eu\/pt-pt\/wp-json\/wp\/v2\/media?parent=51478"}],"wp:term":[{"taxonomy":"product_brand","embeddable":true,"href":"https:\/\/staging.nbg.eu\/pt-pt\/wp-json\/wp\/v2\/product_brand?post=51478"},{"taxonomy":"product_cat","embeddable":true,"href":"https:\/\/staging.nbg.eu\/pt-pt\/wp-json\/wp\/v2\/product_cat?post=51478"},{"taxonomy":"product_tag","embeddable":true,"href":"https:\/\/staging.nbg.eu\/pt-pt\/wp-json\/wp\/v2\/product_tag?post=51478"}],"curies":[{"name":"wp","href":"https:\/\/api.w.org\/{rel}","templated":true}]}}