{"id":51381,"date":"2024-03-15T07:47:20","date_gmt":"2024-09-13T09:50:01","guid":{"rendered":"https:\/\/staging.nbg.eu\/product\/boretech-eliminator-4-oz\/"},"modified":"2024-09-13T09:51:04","modified_gmt":"2024-09-13T09:51:04","slug":"boretech-eliminator-4-oz","status":"publish","type":"product","link":"https:\/\/staging.nbg.eu\/pt-pt\/produto\/boretech-eliminator-4-oz\/","title":{"rendered":"BoreTech Eliminator &#8211; 4 Oz"},"content":{"rendered":"<div class=\"product-description\">\n<h2>BoreTech Eliminator &#8211; 118 ml<\/h2>\n<p>O BoreTech Eliminator\u2122 \u00e9 um produto de limpeza para canos. Esta f\u00f3rmula patenteada \u00e9 segura para o cano. Caracter\u00edsticas principais incluem:<\/p>\n<ul>\n<li>100% seguro para o cano e biodegrad\u00e1vel<\/li>\n<li>Sem am\u00f4nia e sem odor<\/li>\n<li>Remove carbono, cobre, chumbo e res\u00edduos corrosivos<\/li>\n<li>N\u00e3o perigoso e f\u00e1cil de usar<\/li>\n<\/ul>\n<p>O Eliminator combina surfactantes qu\u00edmicos que soltam dep\u00f3sitos de carbono enquanto oxidam e suspendem a sujeira de cobre. Isso evita a redeposi\u00e7\u00e3o e garante uma limpeza completa.<\/p>\n<h3>Instru\u00e7\u00f5es:<\/h3>\n<ol>\n<li>Umede\u00e7a 3-4 flanelas com Eliminator e passe pelo cano em uma dire\u00e7\u00e3o<\/li>\n<li>Fa\u00e7a 10-15 passadas com uma escova de nylon saturada<\/li>\n<li>Repita o passo 1 e deixe agir por 3-5 minutos<\/li>\n<li>Passe flanelas secas at\u00e9 ficarem limpas<\/li>\n<li>Repita se necess\u00e1rio<\/li>\n<li>Aplique Bore Tech Friction Guard XP Gun Oil para armazenamento<\/li>\n<li>Passe uma flanela seca antes do uso<\/li>\n<\/ol>\n<p>Escolha BoreTech Eliminator para limpeza e prote\u00e7\u00e3o do cano.<\/p>\n<\/div>\n","protected":false},"excerpt":{"rendered":"<p>BoreTech Eliminator: Limpador de cano seguro e potente. Remove res\u00edduos.<\/p>\n","protected":false},"featured_media":70985,"template":"","meta":{"_acf_changed":false},"product_brand":[11167],"product_cat":[1904,1440],"product_tag":[],"class_list":{"0":"post-51381","1":"product","2":"type-product","3":"status-publish","4":"has-post-thumbnail","6":"product_brand-boretech","7":"product_cat-cleaners-pt-pt","8":"product_cat-maintenance-pt-pt","10":"first","11":"instock","12":"taxable","13":"shipping-taxable","14":"purchasable","15":"product-type-variable","16":"wvs-archive-product-wrapper"},"acf":[],"_links":{"self":[{"href":"https:\/\/staging.nbg.eu\/pt-pt\/wp-json\/wp\/v2\/product\/51381","targetHints":{"allow":["GET"]}}],"collection":[{"href":"https:\/\/staging.nbg.eu\/pt-pt\/wp-json\/wp\/v2\/product"}],"about":[{"href":"https:\/\/staging.nbg.eu\/pt-pt\/wp-json\/wp\/v2\/types\/product"}],"wp:featuredmedia":[{"embeddable":true,"href":"https:\/\/staging.nbg.eu\/pt-pt\/wp-json\/wp\/v2\/media\/70985"}],"wp:attachment":[{"href":"https:\/\/staging.nbg.eu\/pt-pt\/wp-json\/wp\/v2\/media?parent=51381"}],"wp:term":[{"taxonomy":"product_brand","embeddable":true,"href":"https:\/\/staging.nbg.eu\/pt-pt\/wp-json\/wp\/v2\/product_brand?post=51381"},{"taxonomy":"product_cat","embeddable":true,"href":"https:\/\/staging.nbg.eu\/pt-pt\/wp-json\/wp\/v2\/product_cat?post=51381"},{"taxonomy":"product_tag","embeddable":true,"href":"https:\/\/staging.nbg.eu\/pt-pt\/wp-json\/wp\/v2\/product_tag?post=51381"}],"curies":[{"name":"wp","href":"https:\/\/api.w.org\/{rel}","templated":true}]}}