{"id":51275,"date":"2024-03-15T17:11:28","date_gmt":"2024-03-15T17:11:28","guid":{"rendered":"https:\/\/staging.nbg.eu\/product\/bore-tech-bore-guide-bolt-action-centerfire-8mm-416-cal\/"},"modified":"2024-09-13T09:48:09","modified_gmt":"2024-09-13T09:48:09","slug":"guia-de-cano-bore-tech-acao-de-ferrolho-centerfire-8mm416-cal","status":"publish","type":"product","link":"https:\/\/staging.nbg.eu\/pt-pt\/produto\/guia-de-cano-bore-tech-acao-de-ferrolho-centerfire-8mm416-cal\/","title":{"rendered":"Guia de Cano Bore Tech &#8211; A\u00e7\u00e3o de Ferrolho Centerfire (8mm\/.416 Cal)"},"content":{"rendered":"<div class=\"product-description\">\n<h2>Guia de Cano Bore Tech &#8211; A\u00e7\u00e3o de Ferrolho Centerfogo (8mm\/.416 Cal)<\/h2>\n<p>O Guia de Cano da Bore Tech para rifles de a\u00e7\u00e3o de ferrolho centerfogo oferece:<\/p>\n<ul>\n<li>Alinhamento das varas de limpeza com o cano<\/li>\n<li>Preven\u00e7\u00e3o de danos \u00e0 arma e \u00e0 vara de limpeza<\/li>\n<li>Veda\u00e7\u00e3o com cones de borracha resistentes a solventes<\/li>\n<li>Evita vazamento de limpador de cano na c\u00e2mara e a\u00e7\u00e3o<\/li>\n<\/ul>\n<p>Caracter\u00edsticas:<\/p>\n<ul>\n<li>Componentes usinados CNC e moldados por inje\u00e7\u00e3o<\/li>\n<li>C\u00f3digo de cor verde para calibres de 8mm a .416<\/li>\n<li>Compat\u00edvel com a maioria dos rifles de a\u00e7\u00e3o de ferrolho<\/li>\n<li>Portas de solvente alargadas<\/li>\n<li>Colar de ferrolho ajust\u00e1vel para a\u00e7\u00f5es curtas e longas<\/li>\n<\/ul>\n<p>O Guia de Cano da Bore Tech \u00e9 uma ferramenta para manuten\u00e7\u00e3o de armas de fogo.<\/p>\n<\/div>\n","protected":false},"excerpt":{"rendered":"<p>Ferramenta de limpeza de precis\u00e3o para rifles de a\u00e7\u00e3o por ferrolho de 8mm a .416. Previne danos.<\/p>\n","protected":false},"featured_media":51276,"template":"","meta":{"_acf_changed":false},"product_brand":[11167],"product_cat":[1883,1440],"product_tag":[],"class_list":{"0":"post-51275","1":"product","2":"type-product","3":"status-publish","4":"has-post-thumbnail","6":"product_brand-boretech","7":"product_cat-cleaning-rods-pt-pt","8":"product_cat-maintenance-pt-pt","10":"first","11":"instock","12":"taxable","13":"shipping-taxable","14":"purchasable","15":"product-type-variable","16":"wvs-archive-product-wrapper"},"acf":[],"_links":{"self":[{"href":"https:\/\/staging.nbg.eu\/pt-pt\/wp-json\/wp\/v2\/product\/51275","targetHints":{"allow":["GET"]}}],"collection":[{"href":"https:\/\/staging.nbg.eu\/pt-pt\/wp-json\/wp\/v2\/product"}],"about":[{"href":"https:\/\/staging.nbg.eu\/pt-pt\/wp-json\/wp\/v2\/types\/product"}],"wp:featuredmedia":[{"embeddable":true,"href":"https:\/\/staging.nbg.eu\/pt-pt\/wp-json\/wp\/v2\/media\/51276"}],"wp:attachment":[{"href":"https:\/\/staging.nbg.eu\/pt-pt\/wp-json\/wp\/v2\/media?parent=51275"}],"wp:term":[{"taxonomy":"product_brand","embeddable":true,"href":"https:\/\/staging.nbg.eu\/pt-pt\/wp-json\/wp\/v2\/product_brand?post=51275"},{"taxonomy":"product_cat","embeddable":true,"href":"https:\/\/staging.nbg.eu\/pt-pt\/wp-json\/wp\/v2\/product_cat?post=51275"},{"taxonomy":"product_tag","embeddable":true,"href":"https:\/\/staging.nbg.eu\/pt-pt\/wp-json\/wp\/v2\/product_tag?post=51275"}],"curies":[{"name":"wp","href":"https:\/\/api.w.org\/{rel}","templated":true}]}}