{"id":51155,"date":"2024-03-16T18:40:45","date_gmt":"2024-09-13T09:25:26","guid":{"rendered":"https:\/\/staging.nbg.eu\/product\/bore-tech-bronze-stainless-chamber-brush\/"},"modified":"2024-09-13T09:26:22","modified_gmt":"2024-09-13T09:26:22","slug":"escova-de-camara-bronzeinox-bore-tech","status":"publish","type":"product","link":"https:\/\/staging.nbg.eu\/pt-pt\/produto\/escova-de-camara-bronzeinox-bore-tech\/","title":{"rendered":"Escova de C\u00e2mara Bronze\/Inox Bore Tech"},"content":{"rendered":"<h2>Escova de C\u00e2mara Bronze\/A\u00e7o Inoxid\u00e1vel Bore Tech<\/h2>\n<p>Escova de c\u00e2mara Bore Tech Bronze\/A\u00e7o Inoxid\u00e1vel. Estas escovas s\u00e3o seguras para a c\u00e2mara e t\u00eam constru\u00e7\u00e3o e caracter\u00edsticas espec\u00edficas.<\/p>\n<ul>\n<li>Combina\u00e7\u00e3o de cerdas de bronze e a\u00e7o inoxid\u00e1vel<\/li>\n<li>A\u00e7\u00e3o de limpeza dupla<\/li>\n<li>N\u00facleo da escova com extremidades em la\u00e7o<\/li>\n<li>Pinos de alum\u00ednio<\/li>\n<li>Dispon\u00edvel para .223\/5.56mm AR-15 e .308\/7.62mm AR-10<\/li>\n<\/ul>\n<p>Escovas de c\u00e2mara Bore Tech.<\/p>\n<h3>Instru\u00e7\u00f5es:<\/h3>\n<ol>\n<li>Parafuse a escova na haste<\/li>\n<li>Molhe a escova com produto de limpeza<\/li>\n<li>Insira na c\u00e2mara e gire 6-12 vezes<\/li>\n<li>Reaplique o solvente e continue escovando conforme necess\u00e1rio<\/li>\n<li>Limpe a c\u00e2mara com um pano ou esfreg\u00e3o<\/li>\n<li>Limpe as escovas antes de guardar<\/li>\n<\/ol>\n","protected":false},"excerpt":{"rendered":"<p>Escova de c\u00e2mara com cerdas duplas eficiente para rifles AR-15 e AR-10.<\/p>\n","protected":false},"featured_media":51156,"template":"","meta":{"_acf_changed":false},"product_brand":[11167],"product_cat":[1439,1440],"product_tag":[],"class_list":{"0":"post-51155","1":"product","2":"type-product","3":"status-publish","4":"has-post-thumbnail","6":"product_brand-boretech","7":"product_cat-brushes-pt-pt","8":"product_cat-maintenance-pt-pt","9":"pa_model-ar-10-pt-pt","10":"pa_model-ar-15-pt-pt","12":"first","13":"instock","14":"taxable","15":"shipping-taxable","16":"purchasable","17":"product-type-variable","18":"wvs-archive-product-wrapper"},"acf":[],"_links":{"self":[{"href":"https:\/\/staging.nbg.eu\/pt-pt\/wp-json\/wp\/v2\/product\/51155","targetHints":{"allow":["GET"]}}],"collection":[{"href":"https:\/\/staging.nbg.eu\/pt-pt\/wp-json\/wp\/v2\/product"}],"about":[{"href":"https:\/\/staging.nbg.eu\/pt-pt\/wp-json\/wp\/v2\/types\/product"}],"wp:featuredmedia":[{"embeddable":true,"href":"https:\/\/staging.nbg.eu\/pt-pt\/wp-json\/wp\/v2\/media\/51156"}],"wp:attachment":[{"href":"https:\/\/staging.nbg.eu\/pt-pt\/wp-json\/wp\/v2\/media?parent=51155"}],"wp:term":[{"taxonomy":"product_brand","embeddable":true,"href":"https:\/\/staging.nbg.eu\/pt-pt\/wp-json\/wp\/v2\/product_brand?post=51155"},{"taxonomy":"product_cat","embeddable":true,"href":"https:\/\/staging.nbg.eu\/pt-pt\/wp-json\/wp\/v2\/product_cat?post=51155"},{"taxonomy":"product_tag","embeddable":true,"href":"https:\/\/staging.nbg.eu\/pt-pt\/wp-json\/wp\/v2\/product_tag?post=51155"}],"curies":[{"name":"wp","href":"https:\/\/api.w.org\/{rel}","templated":true}]}}