{"id":50191,"date":"2024-04-21T18:34:24","date_gmt":"2024-09-13T08:44:30","guid":{"rendered":"https:\/\/staging.nbg.eu\/product\/blue-force-gear-molded-uwl-black\/"},"modified":"2024-09-13T08:45:21","modified_gmt":"2024-09-13T08:45:21","slug":"blue-force-gear-molded-uwl-preto","status":"publish","type":"product","link":"https:\/\/staging.nbg.eu\/pt-pt\/produto\/blue-force-gear-molded-uwl-preto\/","title":{"rendered":"Blue Force Gear Molded UWL &#8211; Preto"},"content":{"rendered":"<div class=\"product-description\">\n<h2>Blue Force Gear Molded UWL &#8211; Preto<\/h2>\n<p>O Molded Universal Wire Loop\u2122 (UWL) oferece versatilidade para fixar correias a v\u00e1rios pontos de montagem de armas. Projetado para correias de at\u00e9 1,25&#8243; de largura, incluindo a Vickers Sling, esta solu\u00e7\u00e3o leve \u00e9 adequada para ilh\u00f3s, ranhuras e orif\u00edcios de trilho.<\/p>\n<h3>Caracter\u00edsticas principais:<\/h3>\n<ul>\n<li>Cabo de a\u00e7o inoxid\u00e1vel de grau aeron\u00e1utico revestido com nylon de grau militar<\/li>\n<li>Corpo dur\u00e1vel em nylon 6-6 n\u00e3o reflexivo<\/li>\n<li>La\u00e7o de arame de 2,55&#8243; da base ao topo<\/li>\n<li>La\u00e7o de correia de 1,25&#8243; compat\u00edvel com Vickers Combat Applications Slings\u2122<\/li>\n<li>Soquete com bot\u00e3o de press\u00e3o para swivels de correia padr\u00e3o<\/li>\n<li>Extremidades de haste com esfera de especifica\u00e7\u00e3o militar prensadas diretamente no arame para maior resist\u00eancia<\/li>\n<\/ul>\n<p>O Blue Force Gear Molded UWL &#8211; Preto oferece versatilidade na fixa\u00e7\u00e3o de correias.<\/p>\n<\/div>\n","protected":false},"excerpt":{"rendered":"<p>Suporte de fivela vers\u00e1til para correias de 1,25&#8243;. Design dur\u00e1vel e leve.<\/p>\n","protected":false},"featured_media":50192,"template":"","meta":{"_acf_changed":false},"product_brand":[11138],"product_cat":[574,754],"product_tag":[],"class_list":{"0":"post-50191","1":"product","2":"type-product","3":"status-publish","4":"has-post-thumbnail","6":"product_brand-blue-force-gear","7":"product_cat-gear-pt-pt","8":"product_cat-slings-pt-pt","10":"first","11":"instock","12":"taxable","13":"shipping-taxable","14":"purchasable","15":"product-type-simple"},"acf":[],"_links":{"self":[{"href":"https:\/\/staging.nbg.eu\/pt-pt\/wp-json\/wp\/v2\/product\/50191","targetHints":{"allow":["GET"]}}],"collection":[{"href":"https:\/\/staging.nbg.eu\/pt-pt\/wp-json\/wp\/v2\/product"}],"about":[{"href":"https:\/\/staging.nbg.eu\/pt-pt\/wp-json\/wp\/v2\/types\/product"}],"wp:featuredmedia":[{"embeddable":true,"href":"https:\/\/staging.nbg.eu\/pt-pt\/wp-json\/wp\/v2\/media\/50192"}],"wp:attachment":[{"href":"https:\/\/staging.nbg.eu\/pt-pt\/wp-json\/wp\/v2\/media?parent=50191"}],"wp:term":[{"taxonomy":"product_brand","embeddable":true,"href":"https:\/\/staging.nbg.eu\/pt-pt\/wp-json\/wp\/v2\/product_brand?post=50191"},{"taxonomy":"product_cat","embeddable":true,"href":"https:\/\/staging.nbg.eu\/pt-pt\/wp-json\/wp\/v2\/product_cat?post=50191"},{"taxonomy":"product_tag","embeddable":true,"href":"https:\/\/staging.nbg.eu\/pt-pt\/wp-json\/wp\/v2\/product_tag?post=50191"}],"curies":[{"name":"wp","href":"https:\/\/api.w.org\/{rel}","templated":true}]}}