{"id":49479,"date":"2024-07-29T18:42:30","date_gmt":"2024-09-12T16:13:20","guid":{"rendered":"https:\/\/staging.nbg.eu\/product\/large-utility-dapper-pouch\/"},"modified":"2024-09-12T16:14:18","modified_gmt":"2024-09-12T16:14:18","slug":"bolsa-utilitaria-grande-dapper","status":"publish","type":"product","link":"https:\/\/staging.nbg.eu\/pt-pt\/produto\/bolsa-utilitaria-grande-dapper\/","title":{"rendered":"Bolsa Utilit\u00e1ria Grande Dapper"},"content":{"rendered":"<div class=\"product-description\">\n<h2>Bolsa Utilit\u00e1ria Grande<\/h2>\n<p>Nossa Bolsa Utilit\u00e1ria Grande \u00e9 projetada para armazenar a maioria dos itens do dia a dia e equipamentos. Pode conter carregadores, equipamentos de computador, suprimentos m\u00e9dicos e ferramentas.<\/p>\n<ul>\n<li>Instala\u00e7\u00e3o e remo\u00e7\u00e3o r\u00e1pida em qualquer superf\u00edcie de la\u00e7o<\/li>\n<li>Dois puxadores de z\u00edper azuis para f\u00e1cil acesso<\/li>\n<li>Al\u00e7a de transporte emborrachada no topo para transporte conveniente<\/li>\n<li>Topo transparente para visualiza\u00e7\u00e3o r\u00e1pida do conte\u00fado<\/li>\n<li>Campo de la\u00e7o interior para op\u00e7\u00f5es adicionais de organiza\u00e7\u00e3o<\/li>\n<li>Parte traseira com ganchos para montagem vers\u00e1til em v\u00e1rias superf\u00edcies<\/li>\n<\/ul>\n<p>Pode ser usado com mochilas Blue Force Gear, Inser\u00e7\u00f5es Dapper ou aplica\u00e7\u00f5es personalizadas.<\/p>\n<\/div>\n","protected":false},"excerpt":{"rendered":"<p>Bolsa vers\u00e1til e remov\u00edvel para equipamentos do dia a dia e itens essenciais para miss\u00f5es.<\/p>\n","protected":false},"featured_media":49483,"template":"","meta":{"_acf_changed":false},"product_brand":[11138],"product_cat":[574,575],"product_tag":[],"class_list":{"0":"post-49479","1":"product","2":"type-product","3":"status-publish","4":"has-post-thumbnail","6":"product_brand-blue-force-gear","7":"product_cat-gear-pt-pt","8":"product_cat-pouches-pt-pt","10":"first","11":"instock","12":"taxable","13":"shipping-taxable","14":"purchasable","15":"product-type-simple"},"acf":[],"_links":{"self":[{"href":"https:\/\/staging.nbg.eu\/pt-pt\/wp-json\/wp\/v2\/product\/49479","targetHints":{"allow":["GET"]}}],"collection":[{"href":"https:\/\/staging.nbg.eu\/pt-pt\/wp-json\/wp\/v2\/product"}],"about":[{"href":"https:\/\/staging.nbg.eu\/pt-pt\/wp-json\/wp\/v2\/types\/product"}],"wp:featuredmedia":[{"embeddable":true,"href":"https:\/\/staging.nbg.eu\/pt-pt\/wp-json\/wp\/v2\/media\/49483"}],"wp:attachment":[{"href":"https:\/\/staging.nbg.eu\/pt-pt\/wp-json\/wp\/v2\/media?parent=49479"}],"wp:term":[{"taxonomy":"product_brand","embeddable":true,"href":"https:\/\/staging.nbg.eu\/pt-pt\/wp-json\/wp\/v2\/product_brand?post=49479"},{"taxonomy":"product_cat","embeddable":true,"href":"https:\/\/staging.nbg.eu\/pt-pt\/wp-json\/wp\/v2\/product_cat?post=49479"},{"taxonomy":"product_tag","embeddable":true,"href":"https:\/\/staging.nbg.eu\/pt-pt\/wp-json\/wp\/v2\/product_tag?post=49479"}],"curies":[{"name":"wp","href":"https:\/\/api.w.org\/{rel}","templated":true}]}}