{"id":49029,"date":"2024-07-29T18:46:44","date_gmt":"2024-09-12T16:04:41","guid":{"rendered":"https:\/\/staging.nbg.eu\/product\/horizontal-ten-speed-single-m4-mag-pouch\/"},"modified":"2024-09-12T16:05:42","modified_gmt":"2024-09-12T16:05:42","slug":"bolsa-horizontal-para-carregador-m4-ten-speed-single","status":"publish","type":"product","link":"https:\/\/staging.nbg.eu\/pt-pt\/produto\/bolsa-horizontal-para-carregador-m4-ten-speed-single\/","title":{"rendered":"Bolsa Horizontal para Carregador M4 Ten-Speed Single"},"content":{"rendered":"<h2>Porta-Carregador Horizontal Ten-Speed\u00ae \u00danico M4<\/h2>\n<p>O Porta-Carregador Horizontal Ten-Speed\u00ae M4 oferece uma solu\u00e7\u00e3o para transporte de muni\u00e7\u00e3o. Constru\u00eddo com el\u00e1stico de qualidade militar, este porta-carregador \u00e9 projetado para se encaixar em se\u00e7\u00f5es n\u00e3o utilizadas de sistemas MOLLE em coletes, cintos ou porta-placas.<\/p>\n<ul>\n<li>Compat\u00edvel com carregadores STANAG M4 de 30 cartuchos e a maioria dos carregadores de 5,56 mm<\/li>\n<li>Acomoda carregadores maiores de submetralhadoras (UMP, CZ Scorpion, P90) e alguns carregadores AK-74<\/li>\n<li>Op\u00e7\u00f5es de armazenamento flex\u00edveis: proj\u00e9teis para cima\/baixo, frente\/tr\u00e1s<\/li>\n<li>Dispon\u00edvel em vers\u00f5es compat\u00edveis com MOLLE Helium Whisper e montagem em cinto<\/li>\n<li>Vers\u00e3o de montagem em cinto se ajusta a cintos de at\u00e9 5 cm de largura com suportes ajust\u00e1veis de gancho e la\u00e7o<\/li>\n<\/ul>\n<p>O Porta-Carregador Horizontal Ten-Speed\u00ae \u00danico M4 \u00e9 uma solu\u00e7\u00e3o para o gerenciamento eficiente de muni\u00e7\u00e3o.<\/p>\n","protected":false},"excerpt":{"rendered":"<p>Bolsa horizontal vers\u00e1til para carregadores M4\/5.56. Compat\u00edvel com sistema MOLLE ou cinto.<\/p>\n","protected":false},"featured_media":49036,"template":"","meta":{"_acf_changed":false},"product_brand":[11138],"product_cat":[574,1214,575],"product_tag":[],"class_list":{"0":"post-49029","1":"product","2":"type-product","3":"status-publish","4":"has-post-thumbnail","6":"product_brand-blue-force-gear","7":"product_cat-gear-pt-pt","8":"product_cat-magazine-holders-pt-pt","9":"product_cat-pouches-pt-pt","11":"first","12":"instock","13":"taxable","14":"shipping-taxable","15":"purchasable","16":"product-type-simple"},"acf":[],"_links":{"self":[{"href":"https:\/\/staging.nbg.eu\/pt-pt\/wp-json\/wp\/v2\/product\/49029","targetHints":{"allow":["GET"]}}],"collection":[{"href":"https:\/\/staging.nbg.eu\/pt-pt\/wp-json\/wp\/v2\/product"}],"about":[{"href":"https:\/\/staging.nbg.eu\/pt-pt\/wp-json\/wp\/v2\/types\/product"}],"wp:featuredmedia":[{"embeddable":true,"href":"https:\/\/staging.nbg.eu\/pt-pt\/wp-json\/wp\/v2\/media\/49036"}],"wp:attachment":[{"href":"https:\/\/staging.nbg.eu\/pt-pt\/wp-json\/wp\/v2\/media?parent=49029"}],"wp:term":[{"taxonomy":"product_brand","embeddable":true,"href":"https:\/\/staging.nbg.eu\/pt-pt\/wp-json\/wp\/v2\/product_brand?post=49029"},{"taxonomy":"product_cat","embeddable":true,"href":"https:\/\/staging.nbg.eu\/pt-pt\/wp-json\/wp\/v2\/product_cat?post=49029"},{"taxonomy":"product_tag","embeddable":true,"href":"https:\/\/staging.nbg.eu\/pt-pt\/wp-json\/wp\/v2\/product_tag?post=49029"}],"curies":[{"name":"wp","href":"https:\/\/api.w.org\/{rel}","templated":true}]}}