{"id":48849,"date":"2024-07-29T18:47:29","date_gmt":"2024-09-12T15:58:00","guid":{"rendered":"https:\/\/staging.nbg.eu\/product\/ten-speed-triple-m4-mag-pouch\/"},"modified":"2024-09-12T15:59:01","modified_gmt":"2024-09-12T15:59:01","slug":"bolsa-tripla-para-carregador-m4-ten-speed","status":"publish","type":"product","link":"https:\/\/staging.nbg.eu\/pt-pt\/produto\/bolsa-tripla-para-carregador-m4-ten-speed\/","title":{"rendered":"Bolsa Tripla para Carregador M4 Ten-Speed"},"content":{"rendered":"<div class=\"product-description\">\n<h2>Porta-carregador Triple M4 Ten-Speed\u00ae da BFG<\/h2>\n<p>Este porta-carregador leve comporta tr\u00eas carregadores AR\/M4 ou M16. Feito com el\u00e1stico de qualidade militar e laminado ULTRAcomp\u00ae, fica plano quando vazio.<\/p>\n<ul>\n<li>Acomoda carregadores de pol\u00edmero ou metal<\/li>\n<li>Design multiuso para suprimentos m\u00e9dicos, granadas de luz, etc.<\/li>\n<li>Compat\u00edvel com MOLLE usando sistema de fixa\u00e7\u00e3o Helium Whisper\u00ae<\/li>\n<li>Dimens\u00f5es: 0,3175 cm x 22,86 cm x 15,24 cm<\/li>\n<li>Requer campo MOLLE de 3 x 6<\/li>\n<\/ul>\n<p>Adequado para uso militar, policial e entusiastas t\u00e1ticos.<\/p>\n<\/div>\n","protected":false},"excerpt":{"rendered":"<p>Bolsa MOLLE leve e flex\u00edvel para 3 carregadores AR\/M4 ou itens similares.<\/p>\n","protected":false},"featured_media":48859,"template":"","meta":{"_acf_changed":false},"product_brand":[11138],"product_cat":[574,1214,575],"product_tag":[],"class_list":{"0":"post-48849","1":"product","2":"type-product","3":"status-publish","4":"has-post-thumbnail","6":"product_brand-blue-force-gear","7":"product_cat-gear-pt-pt","8":"product_cat-magazine-holders-pt-pt","9":"product_cat-pouches-pt-pt","11":"first","12":"instock","13":"taxable","14":"shipping-taxable","15":"purchasable","16":"product-type-simple"},"acf":[],"_links":{"self":[{"href":"https:\/\/staging.nbg.eu\/pt-pt\/wp-json\/wp\/v2\/product\/48849","targetHints":{"allow":["GET"]}}],"collection":[{"href":"https:\/\/staging.nbg.eu\/pt-pt\/wp-json\/wp\/v2\/product"}],"about":[{"href":"https:\/\/staging.nbg.eu\/pt-pt\/wp-json\/wp\/v2\/types\/product"}],"wp:featuredmedia":[{"embeddable":true,"href":"https:\/\/staging.nbg.eu\/pt-pt\/wp-json\/wp\/v2\/media\/48859"}],"wp:attachment":[{"href":"https:\/\/staging.nbg.eu\/pt-pt\/wp-json\/wp\/v2\/media?parent=48849"}],"wp:term":[{"taxonomy":"product_brand","embeddable":true,"href":"https:\/\/staging.nbg.eu\/pt-pt\/wp-json\/wp\/v2\/product_brand?post=48849"},{"taxonomy":"product_cat","embeddable":true,"href":"https:\/\/staging.nbg.eu\/pt-pt\/wp-json\/wp\/v2\/product_cat?post=48849"},{"taxonomy":"product_tag","embeddable":true,"href":"https:\/\/staging.nbg.eu\/pt-pt\/wp-json\/wp\/v2\/product_tag?post=48849"}],"curies":[{"name":"wp","href":"https:\/\/api.w.org\/{rel}","templated":true}]}}