{"id":48559,"date":"2024-07-30T17:57:46","date_gmt":"2024-07-30T17:57:46","guid":{"rendered":"https:\/\/staging.nbg.eu\/product\/red-dot-sight-holosun-hs503gu\/"},"modified":"2024-09-12T15:42:48","modified_gmt":"2024-09-12T15:42:48","slug":"mira-red-dot-holosun-hs503gu","status":"publish","type":"product","link":"https:\/\/staging.nbg.eu\/pt-pt\/produto\/mira-red-dot-holosun-hs503gu\/","title":{"rendered":"Mira Red Dot Holosun HS503GU"},"content":{"rendered":"<h2>Mira de Ponto Vermelho Holosun HS503GU<\/h2>\n<p>A mira \u00f3ptica Holosun HS503GU possui as seguintes caracter\u00edsticas:<\/p>\n<ul>\n<li>Ret\u00edculo de c\u00edrculo com ponto de 2 MOA e c\u00edrculo de 65 MOA<\/li>\n<li>Compartimento de bateria em torre rosqueada<\/li>\n<li>Design de prote\u00e7\u00e3o para torres de ajuste de eleva\u00e7\u00e3o e deriva<\/li>\n<li>Dura\u00e7\u00e3o da bateria de at\u00e9 2 anos com uso constante<\/li>\n<li>Fun\u00e7\u00e3o de liga\/desliga ativada por movimento<\/li>\n<li>Tecnologia LED<\/li>\n<li>Posicionamento de lente fora do eixo para reflex\u00e3o da luz<\/li>\n<li>Constru\u00e7\u00e3o em alum\u00ednio leve (0,18 kg)<\/li>\n<li>Tamanho compacto: 6,6 cm C x 3,8 cm L x 6,9 cm A<\/li>\n<li>Magnifica\u00e7\u00e3o 1x<\/li>\n<li>Compat\u00edvel com trilho Picatinny<\/li>\n<\/ul>\n<p>A HS503GU \u00e9 adequada para ca\u00e7a e esportes de tiro t\u00e1tico. O design da Holosun oferece desempenho \u00f3ptico.<\/p>\n","protected":false},"excerpt":{"rendered":"<p>Mira de ponto vermelho compacta com ret\u00edculo de c\u00edrculo e ponto e longa vida \u00fatil da bateria.<\/p>\n","protected":false},"featured_media":48560,"template":"","meta":{"_acf_changed":false},"product_brand":[11434],"product_cat":[805,807,1789],"product_tag":[],"class_list":{"0":"post-48559","1":"product","2":"type-product","3":"status-publish","4":"has-post-thumbnail","6":"product_brand-holosun","7":"product_cat-aiming-pt-pt","8":"product_cat-red-dots-pt-pt","9":"product_cat-rifle-dots-pt-pt","11":"first","12":"outofstock","13":"taxable","14":"shipping-taxable","15":"purchasable","16":"product-type-simple"},"acf":[],"_links":{"self":[{"href":"https:\/\/staging.nbg.eu\/pt-pt\/wp-json\/wp\/v2\/product\/48559","targetHints":{"allow":["GET"]}}],"collection":[{"href":"https:\/\/staging.nbg.eu\/pt-pt\/wp-json\/wp\/v2\/product"}],"about":[{"href":"https:\/\/staging.nbg.eu\/pt-pt\/wp-json\/wp\/v2\/types\/product"}],"wp:featuredmedia":[{"embeddable":true,"href":"https:\/\/staging.nbg.eu\/pt-pt\/wp-json\/wp\/v2\/media\/48560"}],"wp:attachment":[{"href":"https:\/\/staging.nbg.eu\/pt-pt\/wp-json\/wp\/v2\/media?parent=48559"}],"wp:term":[{"taxonomy":"product_brand","embeddable":true,"href":"https:\/\/staging.nbg.eu\/pt-pt\/wp-json\/wp\/v2\/product_brand?post=48559"},{"taxonomy":"product_cat","embeddable":true,"href":"https:\/\/staging.nbg.eu\/pt-pt\/wp-json\/wp\/v2\/product_cat?post=48559"},{"taxonomy":"product_tag","embeddable":true,"href":"https:\/\/staging.nbg.eu\/pt-pt\/wp-json\/wp\/v2\/product_tag?post=48559"}],"curies":[{"name":"wp","href":"https:\/\/api.w.org\/{rel}","templated":true}]}}