{"id":48263,"date":"2024-07-30T18:00:01","date_gmt":"2024-09-12T15:21:17","guid":{"rendered":"https:\/\/staging.nbg.eu\/product\/red-dot-sight-holosun-hs507k\/"},"modified":"2024-09-12T15:22:05","modified_gmt":"2024-09-12T15:22:05","slug":"mira-red-dot-holosun-hs507k","status":"publish","type":"product","link":"https:\/\/staging.nbg.eu\/pt-pt\/produto\/mira-red-dot-holosun-hs507k\/","title":{"rendered":"Mira Red Dot Holosun HS507K"},"content":{"rendered":"<h2>Mira de Ponto Vermelho Holosun HS507K X2<\/h2>\n<p>O Holosun HS507K X2 \u00e9 uma mira \u00f3ptica reflexa aberta projetada para aplica\u00e7\u00f5es em pistolas subcompactas. Esta mira inclui o Modo de Bloqueio, um recurso que protege as configura\u00e7\u00f5es dos bot\u00f5es para evitar mudan\u00e7as acidentais.<\/p>\n<h2>Caracter\u00edsticas Principais:<\/h2>\n<ul>\n<li>LED Vermelho com dura\u00e7\u00e3o de bateria de at\u00e9 50.000 horas<\/li>\n<li>Sistema Multi-Ret\u00edculo: C\u00edrculo com Ponto, Ponto de 2 MOA e C\u00edrculo de 32 MOA<\/li>\n<li>Tecnologia Shake Awake para ativa\u00e7\u00e3o instant\u00e2nea<\/li>\n<li>Estrutura em Alum\u00ednio 7075<\/li>\n<li>Bandeja lateral para substitui\u00e7\u00e3o f\u00e1cil da bateria 1632<\/li>\n<li>Compat\u00edvel com P365X\/XL (placa adaptadora necess\u00e1ria para slides com interface de quatro pontos)<\/li>\n<\/ul>\n<h2>Especifica\u00e7\u00f5es:<\/h2>\n<ul>\n<li>12 n\u00edveis de brilho: 10 diurnos e 2 compat\u00edveis com vis\u00e3o noturna<\/li>\n<li>Sem paralaxe e al\u00edvio ocular ilimitado<\/li>\n<li>Classifica\u00e7\u00e3o de impermeabilidade IP67<\/li>\n<li>Tamanho da janela: 0,58&#8243; x 0,77&#8243;<\/li>\n<li>Dimens\u00f5es: 1,6&#8243; x 0,98&#8243; x 0,95&#8243;<\/li>\n<li>Peso: 28 gramas<\/li>\n<li>Ajuste de clique de 1 MOA<\/li>\n<li>Faixa de ajuste de eleva\u00e7\u00e3o e deriva de \u00b130 MOA<\/li>\n<li>Temperatura de opera\u00e7\u00e3o: -20\u00b0C a 51\u00b0C<\/li>\n<li>Temperatura de armazenamento: -20\u00b0C a 65\u00b0C<\/li>\n<li>Resist\u00eancia \u00e0 vibra\u00e7\u00e3o: 5000G<\/li>\n<\/ul>\n<p>O HS507K X2 \u00e9 adequado para armas de porte velado (CCW), oferecendo uma solu\u00e7\u00e3o compacta para aquisi\u00e7\u00e3o de alvo. Sua constru\u00e7\u00e3o e recursos o tornam uma escolha para entusiastas de armas de fogo e profissionais. Experimente maior precis\u00e3o e aquisi\u00e7\u00e3o de alvo mais r\u00e1pida com a Mira de Ponto Vermelho Holosun HS507K X2.<\/p>\n","protected":false},"excerpt":{"rendered":"<p>Mira de ponto vermelho compacta para pistolas. M\u00faltiplas ret\u00edculas, longa dura\u00e7\u00e3o da bateria, dur\u00e1vel.<\/p>\n","protected":false},"featured_media":48264,"template":"","meta":{"_acf_changed":false},"product_brand":[11434],"product_cat":[805,2180,1736,807],"product_tag":[],"class_list":{"0":"post-48263","1":"product","2":"type-product","3":"status-publish","4":"has-post-thumbnail","6":"product_brand-holosun","7":"product_cat-aiming-pt-pt","8":"product_cat-pistol-pt-pt","9":"product_cat-pistol-dots-pt-pt","10":"product_cat-red-dots-pt-pt","12":"first","13":"instock","14":"taxable","15":"shipping-taxable","16":"purchasable","17":"product-type-simple"},"acf":[],"_links":{"self":[{"href":"https:\/\/staging.nbg.eu\/pt-pt\/wp-json\/wp\/v2\/product\/48263","targetHints":{"allow":["GET"]}}],"collection":[{"href":"https:\/\/staging.nbg.eu\/pt-pt\/wp-json\/wp\/v2\/product"}],"about":[{"href":"https:\/\/staging.nbg.eu\/pt-pt\/wp-json\/wp\/v2\/types\/product"}],"wp:featuredmedia":[{"embeddable":true,"href":"https:\/\/staging.nbg.eu\/pt-pt\/wp-json\/wp\/v2\/media\/48264"}],"wp:attachment":[{"href":"https:\/\/staging.nbg.eu\/pt-pt\/wp-json\/wp\/v2\/media?parent=48263"}],"wp:term":[{"taxonomy":"product_brand","embeddable":true,"href":"https:\/\/staging.nbg.eu\/pt-pt\/wp-json\/wp\/v2\/product_brand?post=48263"},{"taxonomy":"product_cat","embeddable":true,"href":"https:\/\/staging.nbg.eu\/pt-pt\/wp-json\/wp\/v2\/product_cat?post=48263"},{"taxonomy":"product_tag","embeddable":true,"href":"https:\/\/staging.nbg.eu\/pt-pt\/wp-json\/wp\/v2\/product_tag?post=48263"}],"curies":[{"name":"wp","href":"https:\/\/api.w.org\/{rel}","templated":true}]}}