{"id":47807,"date":"2024-07-30T18:21:46","date_gmt":"2024-09-12T13:52:34","guid":{"rendered":"https:\/\/staging.nbg.eu\/product\/surefire-supressor-alighnment-rod\/"},"modified":"2024-09-12T13:53:26","modified_gmt":"2024-09-12T13:53:26","slug":"haste-alinhamento-supressor-surefire","status":"publish","type":"product","link":"https:\/\/staging.nbg.eu\/pt-pt\/produto\/haste-alinhamento-supressor-surefire\/","title":{"rendered":"Haste Alinhamento Supressor Surefire"},"content":{"rendered":"<p style=\"text-align: center\"><span style=\"font-size: 170%\"><strong>Hastes de Alinhamento de Cano SureFire<\/strong><\/span><\/p>\n<p>As Hastes de Cano SureFire s\u00e3o ferramentas \u00fateis para garantir a concentricidade adequada ao longo do caminho de voo do proj\u00e9til ao disparar com supressor em uma nova plataforma. A haste representa o caminho de voo do proj\u00e9til e mostrar\u00e1 qualquer desalinhamento, se presente. A SureFire recomenda que os operadores verifiquem o alinhamento cano-adaptador-supressor em qualquer nova montagem ou configura\u00e7\u00e3o n\u00e3o testada anteriormente, e as Hastes de Cano SureFire s\u00e3o a maneira mais eficaz de confirm\u00e1-lo. Escolha a haste correspondente para o calibre do seu rifle ou carabina.<\/p>\n<p><span style=\"color: #282828\"><strong><span style=\"font-size: 150%\">CARACTER\u00cdSTICAS:<\/span><\/strong><\/span><\/p>\n<p style=\"padding-left: 40px\"><span style=\"color: #282828\"><strong>\u2588 <\/strong><\/span>Fabricado nos E.U.A.<\/p>\n<p style=\"padding-left: 40px\"><span style=\"color: #282828\"><strong>\u2588 <\/strong><\/span>A\u00e7o inoxid\u00e1vel tratado termicamente.<\/p>\n<p style=\"padding-left: 40px\"><span style=\"color: #282828\"><strong>\u2588 <\/strong><\/span>Para valida\u00e7\u00e3o da configura\u00e7\u00e3o antes do primeiro disparo.<\/p>\n<p style=\"padding-left: 40px\"><span style=\"color: #282828\"><strong>\u2588 <\/strong><\/span>Hastes usinadas com precis\u00e3o para verifica\u00e7\u00e3o mais precisa.<\/p>\n<p style=\"padding-left: 40px\"><span style=\"color: #282828\"><strong>\u2588 <\/strong><\/span>Haste usinada com precis\u00e3o mostrar\u00e1 qualquer desvio no alinhamento.<\/p>\n<p style=\"padding-left: 40px\"><span style=\"color: #282828\"><strong>\u2588 <\/strong><\/span>O m\u00e9todo aprovado pela SureFire para verificar o alinhamento adequado do supressor.<\/p>\n<p style=\"padding-left: 40px\"><span style=\"color: #282828\"><strong>\u2588 <\/strong><\/span>Hastes de calibres espec\u00edficos para as op\u00e7\u00f5es mais populares do mercado atual.<\/p>\n<p style=\"padding-left: 40px\"><span style=\"color: #282828\"><strong>\u2588 <\/strong><\/span>Deve-se observar espa\u00e7o igual entre o cano do supressor e a haste centralizada.<\/p>\n<p style=\"padding-left: 40px\"><span style=\"color: #282828\"><strong>\u2588 <\/strong><\/span>Insira a haste atrav\u00e9s do supressor montado em uma arma descarregada.<\/p>\n<p style=\"padding-left: 40px\"><span style=\"color: #282828\"><strong>\u2588 <\/strong><\/span>Hastes espec\u00edficas dispon\u00edveis para os calibres mais populares, por exemplo, (5,56 mm, 6,5 mm, 6,8 mm, 7,62 mm, 9 mm, .338)<\/p>\n<table width=\"595\">\n<tbody>\n<tr>\n<td colspan=\"2\" width=\"595\"><span style=\"font-size: 150%;color: #282828\"><b>ATRIBUTOS PRINCIPAIS<\/b><\/span><\/td>\n<\/tr>\n<tr>\n<td width=\"198\"><b>CALIBRE<\/b><\/td>\n<td width=\"397\">5,56 mm, 6,5 mm, 6,8 mm, 7,62 mm, 9 mm, .338 cal<\/td>\n<\/tr>\n<tr>\n<td width=\"198\"><b>CONSTRU\u00c7\u00c3O<\/b><\/td>\n<td width=\"397\">A\u00e7o inoxid\u00e1vel tratado termicamente<\/td>\n<\/tr>\n<\/tbody>\n<\/table>\n","protected":false},"excerpt":{"rendered":"<p><strong>Ferramentas de Alinhamento de Supressor SureFire<\/strong><\/p>\n","protected":false},"featured_media":47809,"template":"","meta":{"_acf_changed":false},"product_brand":[11871],"product_cat":[1709,885,1308],"product_tag":[],"class_list":{"0":"post-47807","1":"product","2":"type-product","3":"status-publish","4":"has-post-thumbnail","6":"product_brand-surefire","7":"product_cat-suppressor-accessories-pt-pt","8":"product_cat-suppressors-pt-pt","9":"product_cat-tools-pt-pt","11":"first","12":"instock","13":"taxable","14":"shipping-taxable","15":"purchasable","16":"product-type-variable","17":"wvs-archive-product-wrapper"},"acf":[],"_links":{"self":[{"href":"https:\/\/staging.nbg.eu\/pt-pt\/wp-json\/wp\/v2\/product\/47807","targetHints":{"allow":["GET"]}}],"collection":[{"href":"https:\/\/staging.nbg.eu\/pt-pt\/wp-json\/wp\/v2\/product"}],"about":[{"href":"https:\/\/staging.nbg.eu\/pt-pt\/wp-json\/wp\/v2\/types\/product"}],"wp:featuredmedia":[{"embeddable":true,"href":"https:\/\/staging.nbg.eu\/pt-pt\/wp-json\/wp\/v2\/media\/47809"}],"wp:attachment":[{"href":"https:\/\/staging.nbg.eu\/pt-pt\/wp-json\/wp\/v2\/media?parent=47807"}],"wp:term":[{"taxonomy":"product_brand","embeddable":true,"href":"https:\/\/staging.nbg.eu\/pt-pt\/wp-json\/wp\/v2\/product_brand?post=47807"},{"taxonomy":"product_cat","embeddable":true,"href":"https:\/\/staging.nbg.eu\/pt-pt\/wp-json\/wp\/v2\/product_cat?post=47807"},{"taxonomy":"product_tag","embeddable":true,"href":"https:\/\/staging.nbg.eu\/pt-pt\/wp-json\/wp\/v2\/product_tag?post=47807"}],"curies":[{"name":"wp","href":"https:\/\/api.w.org\/{rel}","templated":true}]}}