{"id":47489,"date":"2024-07-30T18:47:47","date_gmt":"2024-09-12T13:40:04","guid":{"rendered":"https:\/\/staging.nbg.eu\/product\/surefire-x400t-a-rd\/"},"modified":"2025-02-19T15:10:28","modified_gmt":"2025-02-19T15:10:28","slug":"surefire-x400t-a-rd","status":"publish","type":"product","link":"https:\/\/staging.nbg.eu\/pt-pt\/produto\/surefire-x400t-a-rd\/","title":{"rendered":"SureFire X400T-A-RD"},"content":{"rendered":"<div class=\"product-description\">\n<h2>SureFire X400T-A-RD (Laser Vermelho) Luz para Arma<\/h2>\n<p>O SureFire X400T-A-RD \u00e9 uma luz t\u00e1tica de alto desempenho projetada para profissionais. Com intensidade de pico de feixe de 66.000 candelas e sa\u00edda de 650 l\u00famens, esta luz oferece:<\/p>\n<ul>\n<li>Laser vermelho integrado de 5 miliwatts para aquisi\u00e7\u00e3o de alvo<\/li>\n<li>Padr\u00e3o de feixe turbo para identifica\u00e7\u00e3o de alvo a longas dist\u00e2ncias<\/li>\n<li>Sistema de fixa\u00e7\u00e3o com trava de alavanca para trilhos Universal e Picatinny<\/li>\n<li>Chaveamento ambidestro para ativa\u00e7\u00e3o<\/li>\n<li>Compatibilidade com coldres X300U-A existentes<\/li>\n<li>Corpo de alum\u00ednio aeroespacial com acabamento anodizado Mil-Spec<\/li>\n<li>Classifica\u00e7\u00e3o \u00e0 prova d&#8217;\u00e1gua IPX7 (1 metro por 30 minutos)<\/li>\n<li>1,5 horas de autonomia com duas baterias de l\u00edtio 123A inclu\u00eddas<\/li>\n<\/ul>\n<p>O X400T-A-RD combina luz branca intensa e um laser vermelho vis\u00edvel para ajudar na identifica\u00e7\u00e3o de amea\u00e7as a longas dist\u00e2ncias. Com chaveamento ambidestro para controle com um dedo e um corpo resistente \u00e0 corros\u00e3o, esta luz para arma oferece desempenho e confiabilidade.<\/p>\n<\/div>\n","protected":false},"excerpt":{"rendered":"<p>SureFire X400T-A-RD: Luz t\u00e1tica de 650 l\u00famens com laser vermelho, montada em trilho.<\/p>\n","protected":false},"featured_media":47490,"template":"","meta":{"_acf_changed":false},"product_brand":[11871],"product_cat":[1565,2180,1673],"product_tag":[],"class_list":{"0":"post-47489","1":"product","2":"type-product","3":"status-publish","4":"has-post-thumbnail","6":"product_brand-surefire","7":"product_cat-lights-pt-pt","8":"product_cat-pistol-pt-pt","9":"product_cat-pistol-lights-pt-pt","11":"first","12":"instock","13":"taxable","14":"shipping-taxable","15":"purchasable","16":"product-type-simple"},"acf":[],"_links":{"self":[{"href":"https:\/\/staging.nbg.eu\/pt-pt\/wp-json\/wp\/v2\/product\/47489","targetHints":{"allow":["GET"]}}],"collection":[{"href":"https:\/\/staging.nbg.eu\/pt-pt\/wp-json\/wp\/v2\/product"}],"about":[{"href":"https:\/\/staging.nbg.eu\/pt-pt\/wp-json\/wp\/v2\/types\/product"}],"wp:featuredmedia":[{"embeddable":true,"href":"https:\/\/staging.nbg.eu\/pt-pt\/wp-json\/wp\/v2\/media\/47490"}],"wp:attachment":[{"href":"https:\/\/staging.nbg.eu\/pt-pt\/wp-json\/wp\/v2\/media?parent=47489"}],"wp:term":[{"taxonomy":"product_brand","embeddable":true,"href":"https:\/\/staging.nbg.eu\/pt-pt\/wp-json\/wp\/v2\/product_brand?post=47489"},{"taxonomy":"product_cat","embeddable":true,"href":"https:\/\/staging.nbg.eu\/pt-pt\/wp-json\/wp\/v2\/product_cat?post=47489"},{"taxonomy":"product_tag","embeddable":true,"href":"https:\/\/staging.nbg.eu\/pt-pt\/wp-json\/wp\/v2\/product_tag?post=47489"}],"curies":[{"name":"wp","href":"https:\/\/api.w.org\/{rel}","templated":true}]}}