{"id":47199,"date":"2024-07-30T18:50:58","date_gmt":"2024-07-30T18:50:58","guid":{"rendered":"https:\/\/staging.nbg.eu\/product\/surefire-sflfp123-batteries-charger\/"},"modified":"2024-09-12T13:08:54","modified_gmt":"2024-09-12T13:08:54","slug":"baterias-surefire-sflfp123-carregador","status":"publish","type":"product","link":"https:\/\/staging.nbg.eu\/pt-pt\/produto\/baterias-surefire-sflfp123-carregador\/","title":{"rendered":"Baterias SureFire SFLFP123 + Carregador"},"content":{"rendered":"<p>Kit de baterias SureFire SFLFP123 com carregador:<\/p>\n<ul>\n<li>Baterias SFLFP123 recarreg\u00e1veis s\u00e3o mais econ\u00f4micas que baterias de l\u00edtio 123A descart\u00e1veis<\/li>\n<li>N\u00e3o cont\u00e9m metais pesados perigosos<\/li>\n<li>Carregador de duas baias para recarga em casa ou em viagem<\/li>\n<li>O kit inclui:\n<ul>\n<li>Duas c\u00e9lulas recarreg\u00e1veis de Fosfato de Ferro e L\u00edtio (LiFePO4) 450mAh 3.2V<\/li>\n<li>Carregador de bateria de duas baias<\/li>\n<li>Cabo MICRO-USB para USB-A<\/li>\n<\/ul>\n<\/li>\n<\/ul>\n<p>Kit de baterias SureFire SFLFP123 com carregador.<\/p>\n","protected":false},"excerpt":{"rendered":"<p>Baterias LiFePO4 recarreg\u00e1veis com carregador. Ecol\u00f3gicas e econ\u00f4micas.<\/p>\n","protected":false},"featured_media":47177,"template":"","meta":{"_acf_changed":false},"product_brand":[11871],"product_cat":[1612,1564,1565],"product_tag":[],"class_list":{"0":"post-47199","1":"product","2":"type-product","3":"status-publish","4":"has-post-thumbnail","6":"product_brand-surefire","7":"product_cat-batteries-2-pt-pt","8":"product_cat-light-accessories-pt-pt","9":"product_cat-lights-pt-pt","11":"first","12":"outofstock","13":"taxable","14":"shipping-taxable","15":"purchasable","16":"product-type-simple"},"acf":[],"_links":{"self":[{"href":"https:\/\/staging.nbg.eu\/pt-pt\/wp-json\/wp\/v2\/product\/47199","targetHints":{"allow":["GET"]}}],"collection":[{"href":"https:\/\/staging.nbg.eu\/pt-pt\/wp-json\/wp\/v2\/product"}],"about":[{"href":"https:\/\/staging.nbg.eu\/pt-pt\/wp-json\/wp\/v2\/types\/product"}],"wp:featuredmedia":[{"embeddable":true,"href":"https:\/\/staging.nbg.eu\/pt-pt\/wp-json\/wp\/v2\/media\/47177"}],"wp:attachment":[{"href":"https:\/\/staging.nbg.eu\/pt-pt\/wp-json\/wp\/v2\/media?parent=47199"}],"wp:term":[{"taxonomy":"product_brand","embeddable":true,"href":"https:\/\/staging.nbg.eu\/pt-pt\/wp-json\/wp\/v2\/product_brand?post=47199"},{"taxonomy":"product_cat","embeddable":true,"href":"https:\/\/staging.nbg.eu\/pt-pt\/wp-json\/wp\/v2\/product_cat?post=47199"},{"taxonomy":"product_tag","embeddable":true,"href":"https:\/\/staging.nbg.eu\/pt-pt\/wp-json\/wp\/v2\/product_tag?post=47199"}],"curies":[{"name":"wp","href":"https:\/\/api.w.org\/{rel}","templated":true}]}}