{"id":46823,"date":"2024-07-30T19:41:53","date_gmt":"2024-09-12T12:04:44","guid":{"rendered":"https:\/\/staging.nbg.eu\/product\/iosso-pistol-brush\/"},"modified":"2024-09-12T12:06:09","modified_gmt":"2024-09-12T12:06:09","slug":"escova-iosso-para-pistola","status":"publish","type":"product","link":"https:\/\/staging.nbg.eu\/pt-pt\/produto\/escova-iosso-para-pistola\/","title":{"rendered":"Escova Iosso para Pistola"},"content":{"rendered":"<p>\nA <strong>Escova de Pistola Iosso<\/strong> \u00e9 uma ferramenta de limpeza de cano projetada para desempenho:<\/p>\n<ul>\n<li>Fibras azuis cobalto para f\u00e1cil identifica\u00e7\u00e3o<\/li>\n<li>Cerdas mais grossas e r\u00edgidas permitem movimento de vai e vem<\/li>\n<li>8-10 vezes mais dur\u00e1vel que escovas tradicionais<\/li>\n<li>Densamente enrolada com mais fibras por polegada<\/li>\n<li>Ideal para uso com o Limpador de Cano Iosso e a Solu\u00e7\u00e3o de A\u00e7\u00e3o Tripla<\/li>\n<li>Remove efetivamente todos os tipos de res\u00edduos<\/li>\n<li>Reduz o tempo de limpeza para um cano limpo<\/li>\n<\/ul>\n<p>Dispon\u00edvel em v\u00e1rios tamanhos de armas de fogo. As escovas azuis s\u00e3o uma marca registrada da Iosso Products.<\/p>\n","protected":false},"excerpt":{"rendered":"<p>Escova de pistola azul cobalto dur\u00e1vel para uma limpeza eficiente e completa do cano.<\/p>\n","protected":false},"featured_media":107499,"template":"","meta":{"_acf_changed":false},"product_brand":[11485],"product_cat":[1439,1440],"product_tag":[],"class_list":{"0":"post-46823","1":"product","2":"type-product","3":"status-publish","4":"has-post-thumbnail","6":"product_brand-iosso","7":"product_cat-brushes-pt-pt","8":"product_cat-maintenance-pt-pt","10":"first","11":"instock","12":"taxable","13":"shipping-taxable","14":"purchasable","15":"product-type-variable","16":"wvs-archive-product-wrapper"},"acf":[],"_links":{"self":[{"href":"https:\/\/staging.nbg.eu\/pt-pt\/wp-json\/wp\/v2\/product\/46823","targetHints":{"allow":["GET"]}}],"collection":[{"href":"https:\/\/staging.nbg.eu\/pt-pt\/wp-json\/wp\/v2\/product"}],"about":[{"href":"https:\/\/staging.nbg.eu\/pt-pt\/wp-json\/wp\/v2\/types\/product"}],"wp:featuredmedia":[{"embeddable":true,"href":"https:\/\/staging.nbg.eu\/pt-pt\/wp-json\/wp\/v2\/media\/107499"}],"wp:attachment":[{"href":"https:\/\/staging.nbg.eu\/pt-pt\/wp-json\/wp\/v2\/media?parent=46823"}],"wp:term":[{"taxonomy":"product_brand","embeddable":true,"href":"https:\/\/staging.nbg.eu\/pt-pt\/wp-json\/wp\/v2\/product_brand?post=46823"},{"taxonomy":"product_cat","embeddable":true,"href":"https:\/\/staging.nbg.eu\/pt-pt\/wp-json\/wp\/v2\/product_cat?post=46823"},{"taxonomy":"product_tag","embeddable":true,"href":"https:\/\/staging.nbg.eu\/pt-pt\/wp-json\/wp\/v2\/product_tag?post=46823"}],"curies":[{"name":"wp","href":"https:\/\/api.w.org\/{rel}","templated":true}]}}