{"id":46111,"date":"2024-08-03T09:01:48","date_gmt":"2024-09-11T09:29:46","guid":{"rendered":"https:\/\/staging.nbg.eu\/product\/rh-sharky-iwb-holster\/"},"modified":"2024-09-11T09:30:54","modified_gmt":"2024-09-11T09:30:54","slug":"coldre-interno-rh-sharky","status":"publish","type":"product","link":"https:\/\/staging.nbg.eu\/pt-pt\/produto\/coldre-interno-rh-sharky\/","title":{"rendered":"Coldre Interno RH Sharky"},"content":{"rendered":"<p>O coldre RH Sharky IWB oferece conforto para porte velado. Caracter\u00edsticas incluem:<\/p>\n<ul>\n<li>Constru\u00e7\u00e3o prensada a v\u00e1cuo<\/li>\n<li>Clipe duplo para fixa\u00e7\u00e3o<\/li>\n<li>Inclina\u00e7\u00e3o e altura ajust\u00e1veis<\/li>\n<li>Acomoda miras red dot e canos estendidos<\/li>\n<li>Aba integrada para melhor oculta\u00e7\u00e3o<\/li>\n<li>Ajuste de empunhadura para encaixe personalizado<\/li>\n<\/ul>\n<p>Este coldre interno \u00e0 cintura oferece conforto e versatilidade.<\/p>\n","protected":false},"excerpt":{"rendered":"<p>Coldre IWB seguro e ajust\u00e1vel para porte velado com mira de ponto vermelho.<\/p>\n","protected":false},"featured_media":46114,"template":"","meta":{"_acf_changed":false},"product_brand":[11642],"product_cat":[1034,1403],"product_tag":[],"class_list":{"0":"post-46111","1":"product","2":"type-product","3":"status-publish","4":"has-post-thumbnail","6":"product_brand-rh-holsters","7":"product_cat-holster-pt-pt","8":"product_cat-tactical-holster-pt-pt","9":"pa_clips-monoblock-pt-pt","10":"pa_light-surefire-x300-ultra-a-pt-pt","11":"pa_light-without-light-pt-pt","12":"pa_model-glock-17-pt-pt","13":"pa_model-glock-43x-pt-pt-2","14":"pa_strong-hand-left-pt-pt","15":"pa_strong-hand-right-pt-pt","17":"first","18":"instock","19":"taxable","20":"shipping-taxable","21":"purchasable","22":"product-type-variable","23":"wvs-archive-product-wrapper"},"acf":[],"_links":{"self":[{"href":"https:\/\/staging.nbg.eu\/pt-pt\/wp-json\/wp\/v2\/product\/46111","targetHints":{"allow":["GET"]}}],"collection":[{"href":"https:\/\/staging.nbg.eu\/pt-pt\/wp-json\/wp\/v2\/product"}],"about":[{"href":"https:\/\/staging.nbg.eu\/pt-pt\/wp-json\/wp\/v2\/types\/product"}],"wp:featuredmedia":[{"embeddable":true,"href":"https:\/\/staging.nbg.eu\/pt-pt\/wp-json\/wp\/v2\/media\/46114"}],"wp:attachment":[{"href":"https:\/\/staging.nbg.eu\/pt-pt\/wp-json\/wp\/v2\/media?parent=46111"}],"wp:term":[{"taxonomy":"product_brand","embeddable":true,"href":"https:\/\/staging.nbg.eu\/pt-pt\/wp-json\/wp\/v2\/product_brand?post=46111"},{"taxonomy":"product_cat","embeddable":true,"href":"https:\/\/staging.nbg.eu\/pt-pt\/wp-json\/wp\/v2\/product_cat?post=46111"},{"taxonomy":"product_tag","embeddable":true,"href":"https:\/\/staging.nbg.eu\/pt-pt\/wp-json\/wp\/v2\/product_tag?post=46111"}],"curies":[{"name":"wp","href":"https:\/\/api.w.org\/{rel}","templated":true}]}}