{"id":45989,"date":"2024-08-03T17:10:30","date_gmt":"2024-08-03T14:10:30","guid":{"rendered":"https:\/\/staging.nbg.eu\/product\/rh-classic-iwb-holster\/"},"modified":"2025-10-20T11:58:55","modified_gmt":"2025-10-20T08:58:55","slug":"coldre-interno-rh-classic","status":"publish","type":"product","link":"https:\/\/staging.nbg.eu\/pt-pt\/produto\/coldre-interno-rh-classic\/","title":{"rendered":"Coldre Interno RH Classic"},"content":{"rendered":"<p>O coldre RH Classic IWB oferece conforto para porte velado. Caracter\u00edsticas incluem:<\/p>\n<ul>\n<li>Kydex prensado a v\u00e1cuo para ajuste preciso da arma<\/li>\n<li>Empunhadura e inclina\u00e7\u00e3o ajust\u00e1veis<\/li>\n<li>Acess\u00f3rios opcionais de garra e ERC<\/li>\n<li>Perfil fino para minimizar a impress\u00e3o<\/li>\n<li>Bordas cortadas \u00e0 m\u00e3o para conforto<\/li>\n<li>Constru\u00e7\u00e3o em pe\u00e7a \u00fanica<\/li>\n<li>Design com fundo aberto para versatilidade<\/li>\n<\/ul>\n<p>Adequado para porte di\u00e1rio discreto.<\/p>\n","protected":false},"excerpt":{"rendered":"<p>Coldre fino IWB: Ajust\u00e1vel, porte velado com op\u00e7\u00f5es de garra e ERC.<\/p>\n","protected":false},"featured_media":45991,"template":"","meta":{"_acf_changed":false},"product_brand":[11642],"product_cat":[1034,1403],"product_tag":[],"class_list":{"0":"post-45989","1":"product","2":"type-product","3":"status-publish","4":"has-post-thumbnail","6":"product_brand-rh-holsters","7":"product_cat-holster-pt-pt","8":"product_cat-tactical-holster-pt-pt","9":"pa_belt-size-40mm-pt-pt","10":"pa_claw-with-aiwb-pt-pt","11":"pa_claw-without-standard-pt-pt","12":"pa_clips-flushclip-pt-pt","13":"pa_light-surefire-x300-ultra-a-pt-pt","14":"pa_light-surefire-x300-a","15":"pa_light-without-light-pt-pt","16":"pa_model-glock-17-pt-pt","17":"pa_model-glock-19-34","18":"pa_model-glock-19-23-32-pt-pt","19":"pa_model-glock-26-27-pt-pt","20":"pa_strong-hand-right-pt-pt","22":"first","23":"instock","24":"taxable","25":"shipping-taxable","26":"purchasable","27":"product-type-variable","28":"wvs-archive-product-wrapper"},"acf":[],"_links":{"self":[{"href":"https:\/\/staging.nbg.eu\/pt-pt\/wp-json\/wp\/v2\/product\/45989","targetHints":{"allow":["GET"]}}],"collection":[{"href":"https:\/\/staging.nbg.eu\/pt-pt\/wp-json\/wp\/v2\/product"}],"about":[{"href":"https:\/\/staging.nbg.eu\/pt-pt\/wp-json\/wp\/v2\/types\/product"}],"wp:featuredmedia":[{"embeddable":true,"href":"https:\/\/staging.nbg.eu\/pt-pt\/wp-json\/wp\/v2\/media\/45991"}],"wp:attachment":[{"href":"https:\/\/staging.nbg.eu\/pt-pt\/wp-json\/wp\/v2\/media?parent=45989"}],"wp:term":[{"taxonomy":"product_brand","embeddable":true,"href":"https:\/\/staging.nbg.eu\/pt-pt\/wp-json\/wp\/v2\/product_brand?post=45989"},{"taxonomy":"product_cat","embeddable":true,"href":"https:\/\/staging.nbg.eu\/pt-pt\/wp-json\/wp\/v2\/product_cat?post=45989"},{"taxonomy":"product_tag","embeddable":true,"href":"https:\/\/staging.nbg.eu\/pt-pt\/wp-json\/wp\/v2\/product_tag?post=45989"}],"curies":[{"name":"wp","href":"https:\/\/api.w.org\/{rel}","templated":true}]}}