{"id":45656,"date":"2024-08-04T20:46:31","date_gmt":"2024-09-10T14:52:25","guid":{"rendered":"https:\/\/staging.nbg.eu\/product\/rh-ar15-m4-owb-mag-holder\/"},"modified":"2024-09-10T14:53:32","modified_gmt":"2024-09-10T14:53:32","slug":"porta-carregador-rh-ar15m4-owb","status":"publish","type":"product","link":"https:\/\/staging.nbg.eu\/pt-pt\/produto\/porta-carregador-rh-ar15m4-owb\/","title":{"rendered":"Porta-Carregador RH AR15\/M4 OWB"},"content":{"rendered":"<p>O Porta-Carregador RH AR15\/M4 OWB \u00e9 perfeito para uso em IPSC e servi\u00e7o. Caracter\u00edsticas incluem:<\/p>\n<ul>\n<li>Ader\u00eancia ajust\u00e1vel para resist\u00eancia ideal<\/li>\n<li>F\u00e1cil acessibilidade<\/li>\n<li>Compat\u00edvel com cintos esportivos e t\u00e1ticos<\/li>\n<li>Moldado com precis\u00e3o para um ajuste perfeito<\/li>\n<li>Indenta\u00e7\u00f5es acentuadas com bordas suaves<\/li>\n<\/ul>\n<p>Ideal para carregadores de PCC, este coldre oferece desempenho e conforto superiores.<\/p>\n","protected":false},"excerpt":{"rendered":"<p>Porta-carregador ajust\u00e1vel IPSC\/service para f\u00e1cil acesso em cintos t\u00e1ticos<\/p>\n","protected":false},"featured_media":45658,"template":"","meta":{"_acf_changed":false},"product_brand":[11642],"product_cat":[1034,1214],"product_tag":[],"class_list":{"0":"post-45656","1":"product","2":"type-product","3":"status-publish","4":"has-post-thumbnail","6":"product_brand-rh-holsters","7":"product_cat-holster-pt-pt","8":"product_cat-magazine-holders-pt-pt","9":"pa_model-ar-15-pt-pt","10":"pa_strong-hand-right-pt-pt","12":"first","13":"instock","14":"taxable","15":"shipping-taxable","16":"purchasable","17":"product-type-variable","18":"wvs-archive-product-wrapper"},"acf":[],"_links":{"self":[{"href":"https:\/\/staging.nbg.eu\/pt-pt\/wp-json\/wp\/v2\/product\/45656","targetHints":{"allow":["GET"]}}],"collection":[{"href":"https:\/\/staging.nbg.eu\/pt-pt\/wp-json\/wp\/v2\/product"}],"about":[{"href":"https:\/\/staging.nbg.eu\/pt-pt\/wp-json\/wp\/v2\/types\/product"}],"wp:featuredmedia":[{"embeddable":true,"href":"https:\/\/staging.nbg.eu\/pt-pt\/wp-json\/wp\/v2\/media\/45658"}],"wp:attachment":[{"href":"https:\/\/staging.nbg.eu\/pt-pt\/wp-json\/wp\/v2\/media?parent=45656"}],"wp:term":[{"taxonomy":"product_brand","embeddable":true,"href":"https:\/\/staging.nbg.eu\/pt-pt\/wp-json\/wp\/v2\/product_brand?post=45656"},{"taxonomy":"product_cat","embeddable":true,"href":"https:\/\/staging.nbg.eu\/pt-pt\/wp-json\/wp\/v2\/product_cat?post=45656"},{"taxonomy":"product_tag","embeddable":true,"href":"https:\/\/staging.nbg.eu\/pt-pt\/wp-json\/wp\/v2\/product_tag?post=45656"}],"curies":[{"name":"wp","href":"https:\/\/api.w.org\/{rel}","templated":true}]}}