{"id":45334,"date":"2024-08-16T18:09:38","date_gmt":"2024-08-16T18:09:38","guid":{"rendered":"https:\/\/staging.nbg.eu\/product\/weather-dot\/"},"modified":"2024-10-16T09:42:40","modified_gmt":"2024-10-16T09:42:40","slug":"calypso-weather-dot","status":"publish","type":"product","link":"https:\/\/staging.nbg.eu\/pt-pt\/produto\/calypso-weather-dot\/","title":{"rendered":"Calypso Weather DOT"},"content":{"rendered":"<div class=\"product-description\">\n<h2>WeatherDot: Esta\u00e7\u00e3o Meteorol\u00f3gica Port\u00e1til<\/h2>\n<p>Experimente o monitoramento preciso do clima com o WeatherDot, sua esta\u00e7\u00e3o meteorol\u00f3gica compacta e vers\u00e1til. Com sensores de temperatura, press\u00e3o e umidade, este dispositivo leve oferece:<\/p>\n<ul>\n<li>Conectividade Bluetooth<\/li>\n<li>Armazenamento de 24.000 pontos de dados<\/li>\n<li>Compatibilidade com montagem em trip\u00e9<\/li>\n<li>400 horas de dura\u00e7\u00e3o da bateria com carregamento sem fio QI<\/li>\n<li>Compatibilidade com o aplicativo gratuito Anemotracker (iOS\/Android)<\/li>\n<\/ul>\n<p>Perfeito para uso independente ou em conjunto com nosso Mini medidor de vento Ultrass\u00f4nico Port\u00e1til. O pacote inclui o dispositivo WeatherDot, carregador sem fio QI com cabo USB e um guia r\u00e1pido do usu\u00e1rio.<\/p>\n<p>Mantenha-se informado sobre seu ambiente com o WeatherDot \u2013 seu companheiro meteorol\u00f3gico port\u00e1til!<\/p>\n<\/div>\n","protected":false},"excerpt":{"rendered":"<p>Esta\u00e7\u00e3o meteorol\u00f3gica port\u00e1til: temperatura, press\u00e3o, umidade. Bluetooth, compat\u00edvel com aplicativo.<\/p>\n","protected":false},"featured_media":102249,"template":"","meta":{"_acf_changed":false},"product_brand":[11181],"product_cat":[1308,1309],"product_tag":[],"class_list":{"0":"post-45334","1":"product","2":"type-product","3":"status-publish","4":"has-post-thumbnail","6":"product_brand-calypso","7":"product_cat-tools-pt-pt","8":"product_cat-weather-meters-pt-pt","10":"first","11":"outofstock","12":"taxable","13":"shipping-taxable","14":"purchasable","15":"product-type-simple"},"acf":[],"_links":{"self":[{"href":"https:\/\/staging.nbg.eu\/pt-pt\/wp-json\/wp\/v2\/product\/45334","targetHints":{"allow":["GET"]}}],"collection":[{"href":"https:\/\/staging.nbg.eu\/pt-pt\/wp-json\/wp\/v2\/product"}],"about":[{"href":"https:\/\/staging.nbg.eu\/pt-pt\/wp-json\/wp\/v2\/types\/product"}],"wp:featuredmedia":[{"embeddable":true,"href":"https:\/\/staging.nbg.eu\/pt-pt\/wp-json\/wp\/v2\/media\/102249"}],"wp:attachment":[{"href":"https:\/\/staging.nbg.eu\/pt-pt\/wp-json\/wp\/v2\/media?parent=45334"}],"wp:term":[{"taxonomy":"product_brand","embeddable":true,"href":"https:\/\/staging.nbg.eu\/pt-pt\/wp-json\/wp\/v2\/product_brand?post=45334"},{"taxonomy":"product_cat","embeddable":true,"href":"https:\/\/staging.nbg.eu\/pt-pt\/wp-json\/wp\/v2\/product_cat?post=45334"},{"taxonomy":"product_tag","embeddable":true,"href":"https:\/\/staging.nbg.eu\/pt-pt\/wp-json\/wp\/v2\/product_tag?post=45334"}],"curies":[{"name":"wp","href":"https:\/\/api.w.org\/{rel}","templated":true}]}}