{"id":45183,"date":"2024-08-18T09:26:06","date_gmt":"2024-09-10T13:11:51","guid":{"rendered":"https:\/\/staging.nbg.eu\/product\/premium-belt-security-loop\/"},"modified":"2024-09-10T13:12:40","modified_gmt":"2024-09-10T13:12:40","slug":"passador-de-seguranca-premium-para-cinto","status":"publish","type":"product","link":"https:\/\/staging.nbg.eu\/pt-pt\/produto\/passador-de-seguranca-premium-para-cinto\/","title":{"rendered":"Passador de Seguran\u00e7a Premium para Cinto"},"content":{"rendered":"<p>Prenda seu cinto com o La\u00e7o de Seguran\u00e7a Premium DAA. Emborrachado para conforto e ader\u00eancia, ele mant\u00e9m seu cinto no lugar durante sess\u00f5es intensas de tiro. Adapta-se \u00e0 maioria dos cintos padr\u00e3o.<\/p>\n","protected":false},"excerpt":{"rendered":"<p>Presilha de cinto segura: Ader\u00eancia emborrachada, evita deslizamento, compat\u00edvel com cintos padr\u00e3o.<\/p>\n","protected":false},"featured_media":26105,"template":"","meta":{"_acf_changed":false},"product_brand":[11280],"product_cat":[574,1109],"product_tag":[],"class_list":{"0":"post-45183","1":"product","2":"type-product","3":"status-publish","4":"has-post-thumbnail","6":"product_brand-doublealpha","7":"product_cat-gear-pt-pt","8":"product_cat-sports-belts-pt-pt","10":"first","11":"instock","12":"taxable","13":"shipping-taxable","14":"purchasable","15":"product-type-simple"},"acf":[],"_links":{"self":[{"href":"https:\/\/staging.nbg.eu\/pt-pt\/wp-json\/wp\/v2\/product\/45183","targetHints":{"allow":["GET"]}}],"collection":[{"href":"https:\/\/staging.nbg.eu\/pt-pt\/wp-json\/wp\/v2\/product"}],"about":[{"href":"https:\/\/staging.nbg.eu\/pt-pt\/wp-json\/wp\/v2\/types\/product"}],"wp:featuredmedia":[{"embeddable":true,"href":"https:\/\/staging.nbg.eu\/pt-pt\/wp-json\/wp\/v2\/media\/26105"}],"wp:attachment":[{"href":"https:\/\/staging.nbg.eu\/pt-pt\/wp-json\/wp\/v2\/media?parent=45183"}],"wp:term":[{"taxonomy":"product_brand","embeddable":true,"href":"https:\/\/staging.nbg.eu\/pt-pt\/wp-json\/wp\/v2\/product_brand?post=45183"},{"taxonomy":"product_cat","embeddable":true,"href":"https:\/\/staging.nbg.eu\/pt-pt\/wp-json\/wp\/v2\/product_cat?post=45183"},{"taxonomy":"product_tag","embeddable":true,"href":"https:\/\/staging.nbg.eu\/pt-pt\/wp-json\/wp\/v2\/product_tag?post=45183"}],"curies":[{"name":"wp","href":"https:\/\/api.w.org\/{rel}","templated":true}]}}