{"id":45161,"date":"2024-08-18T09:26:36","date_gmt":"2024-08-18T09:26:36","guid":{"rendered":"https:\/\/staging.nbg.eu\/product\/daa-magnet-cover\/"},"modified":"2024-09-10T12:58:09","modified_gmt":"2024-09-10T12:58:09","slug":"tampa-magnetica-daa","status":"publish","type":"product","link":"https:\/\/staging.nbg.eu\/pt-pt\/produto\/tampa-magnetica-daa\/","title":{"rendered":"Tampa Magn\u00e9tica DAA"},"content":{"rendered":"<p>\nA Capa Magn\u00e9tica DAA: Uma capa de nylon elegante e dur\u00e1vel para \u00edm\u00e3s de 48mm. Possui um logotipo DAA em a\u00e7o magn\u00e9tico. Reduz a atra\u00e7\u00e3o magn\u00e9tica indesejada enquanto preserva a funcionalidade.<\/p>\n","protected":false},"excerpt":{"rendered":"<p>Capa elegante e protetora para \u00edm\u00e3s DAA de 48mm. Reduz a for\u00e7a magn\u00e9tica.<\/p>\n","protected":false},"featured_media":26128,"template":"","meta":{"_acf_changed":false},"product_brand":[11280],"product_cat":[1034,1035],"product_tag":[],"class_list":{"0":"post-45161","1":"product","2":"type-product","3":"status-publish","4":"has-post-thumbnail","6":"product_brand-doublealpha","7":"product_cat-holster-pt-pt","8":"product_cat-holster-accessories-pt-pt","10":"first","11":"instock","12":"taxable","13":"shipping-taxable","14":"purchasable","15":"product-type-simple"},"acf":[],"_links":{"self":[{"href":"https:\/\/staging.nbg.eu\/pt-pt\/wp-json\/wp\/v2\/product\/45161","targetHints":{"allow":["GET"]}}],"collection":[{"href":"https:\/\/staging.nbg.eu\/pt-pt\/wp-json\/wp\/v2\/product"}],"about":[{"href":"https:\/\/staging.nbg.eu\/pt-pt\/wp-json\/wp\/v2\/types\/product"}],"wp:featuredmedia":[{"embeddable":true,"href":"https:\/\/staging.nbg.eu\/pt-pt\/wp-json\/wp\/v2\/media\/26128"}],"wp:attachment":[{"href":"https:\/\/staging.nbg.eu\/pt-pt\/wp-json\/wp\/v2\/media?parent=45161"}],"wp:term":[{"taxonomy":"product_brand","embeddable":true,"href":"https:\/\/staging.nbg.eu\/pt-pt\/wp-json\/wp\/v2\/product_brand?post=45161"},{"taxonomy":"product_cat","embeddable":true,"href":"https:\/\/staging.nbg.eu\/pt-pt\/wp-json\/wp\/v2\/product_cat?post=45161"},{"taxonomy":"product_tag","embeddable":true,"href":"https:\/\/staging.nbg.eu\/pt-pt\/wp-json\/wp\/v2\/product_tag?post=45161"}],"curies":[{"name":"wp","href":"https:\/\/api.w.org\/{rel}","templated":true}]}}